{"id":291,"date":"2023-02-18T03:25:01","date_gmt":"2023-02-18T03:25:01","guid":{"rendered":"https:\/\/bybatt.com\/?post_type=product&#038;p=291"},"modified":"2023-02-18T03:32:11","modified_gmt":"2023-02-18T03:32:11","slug":"ups-battery-base-station-backup-battery-power-system-solution","status":"publish","type":"product","link":"https:\/\/bybatt.com\/tr\/urun\/ups-battery-base-station-backup-battery-power-system-solution\/","title":{"rendered":"UPS Ak\u00fc Baz \u0130stasyonu Yedek Ak\u00fc G\u00fc\u00e7 Sistemi \u00c7\u00f6z\u00fcm\u00fc"},"content":{"rendered":"","protected":false},"excerpt":{"rendered":"<p>Size t\u00fcm g\u00fc\u00e7 ihtiya\u00e7lar\u0131n\u0131z i\u00e7in g\u00fcvenilir ve verimli bir yedek g\u00fc\u00e7 \u00e7\u00f6z\u00fcm\u00fc sa\u011flamak \u00fczere tasarlanm\u0131\u015f, son teknoloji UPS Ak\u00fc Baz \u0130stasyonu Yedek Ak\u00fc G\u00fc\u00e7 Sistemi \u00c7\u00f6z\u00fcm\u00fcm\u00fczle tan\u0131\u015f\u0131n. Pillerimiz, uzun \u00f6m\u00fcrl\u00fc, y\u00fcksek performansl\u0131 g\u00fc\u00e7 sa\u011flamak i\u00e7in en son LiFePO4 pil teknolojisi kullan\u0131larak 100% yeni h\u00fccrelerle \u00fcretilmi\u015ftir.<br \/>\n240V nominal gerilim ve 100Ah nominal kapasite ile ak\u00fc sistemimiz, a\u011f\u0131r g\u00fc\u00e7 y\u00fcklerini kolayl\u0131kla kald\u0131rabilir. Ak\u00fc sistemimizin maksimum \u015farj ak\u0131m\u0131 100A ve maksimum de\u015farj ak\u0131m\u0131 100A olup h\u0131zl\u0131 \u015farj ve h\u0131zl\u0131 de\u015farj s\u00fcreleri sa\u011flar.<br \/>\nAk\u00fclerimiz CC\/CV \u015farj modu ile tasarlanm\u0131\u015ft\u0131r ve g\u00fc\u00e7 seviyelerini izlemek ve kontrol etmek i\u00e7in iste\u011fe ba\u011fl\u0131 bir ekranla birlikte gelir. Sistemimiz ayr\u0131ca RS485\/CAN ileti\u015fimini de i\u00e7erir ve mevcut g\u00fc\u00e7 sistemlerinizle kolay entegrasyon sa\u011flar.<br \/>\nDayan\u0131kl\u0131 metal malzemelerden \u00fcretilen ak\u00fc sistemimiz, a\u015f\u0131r\u0131 s\u0131cakl\u0131klara ve zorlu \u00e7evre ko\u015fullar\u0131na dayanacak \u015fekilde \u00fcretilmi\u015ftir. Sistemimizin boyutlar\u0131 6006001530mm ve a\u011f\u0131rl\u0131\u011f\u0131 yakla\u015f\u0131k 190kg olup, \u00e7ok \u00e7e\u015fitli g\u00fc\u00e7 ihtiya\u00e7lar\u0131 i\u00e7in kullan\u0131\u015fl\u0131 ve pratik bir \u00e7\u00f6z\u00fcmd\u00fcr.<br \/>\nSistemimiz a\u015f\u0131r\u0131 \u015farj korumas\u0131, a\u015f\u0131r\u0131 de\u015farj korumas\u0131, a\u015f\u0131r\u0131 ak\u0131m korumas\u0131 ve di\u011fer geli\u015fmi\u015f g\u00fcvenlik \u00f6zellikleriyle donat\u0131lm\u0131\u015ft\u0131r ve g\u00fc\u00e7 sisteminizin her zaman korunmas\u0131n\u0131 ve emniyete al\u0131nmas\u0131n\u0131 sa\u011flar.<\/p>","protected":false},"featured_media":292,"template":"","meta":{"_kad_post_transparent":"default","_kad_post_title":"","_kad_post_layout":"default","_kad_post_sidebar_id":"","_kad_post_content_style":"default","_kad_post_vertical_padding":"default","_kad_post_feature":"","_kad_post_feature_position":"","_kad_post_header":false,"_kad_post_footer":false},"product_cat":[25,28],"product_tag":[124,123,126,125,122,121,127],"class_list":["post-291","product","type-product","status-publish","has-post-thumbnail","hentry","product_cat-home-storage-battery","product_cat-base-station-battery","product_tag-51-2v-energy-storage-solar-base-station-power","product_tag-base-station-backup-battery","product_tag-battery-200ah","product_tag-supply-48v-100ah-gyll-lifepo4-solar-battery-rack","product_tag-ups-base-station-backup-battery","product_tag-ups-battery","product_tag-ups-communication-base-station","entry","content-bg","loop-entry"],"_links":{"self":[{"href":"https:\/\/bybatt.com\/tr\/wp-json\/wp\/v2\/product\/291","targetHints":{"allow":["GET"]}}],"collection":[{"href":"https:\/\/bybatt.com\/tr\/wp-json\/wp\/v2\/product"}],"about":[{"href":"https:\/\/bybatt.com\/tr\/wp-json\/wp\/v2\/types\/product"}],"wp:featuredmedia":[{"embeddable":true,"href":"https:\/\/bybatt.com\/tr\/wp-json\/wp\/v2\/media\/292"}],"wp:attachment":[{"href":"https:\/\/bybatt.com\/tr\/wp-json\/wp\/v2\/media?parent=291"}],"wp:term":[{"taxonomy":"product_cat","embeddable":true,"href":"https:\/\/bybatt.com\/tr\/wp-json\/wp\/v2\/product_cat?post=291"},{"taxonomy":"product_tag","embeddable":true,"href":"https:\/\/bybatt.com\/tr\/wp-json\/wp\/v2\/product_tag?post=291"}],"curies":[{"name":"wp","href":"https:\/\/api.w.org\/{rel}","templated":true}]}}