{"id":296,"date":"2023-02-18T03:39:37","date_gmt":"2023-02-18T03:39:37","guid":{"rendered":"https:\/\/bybatt.com\/?post_type=product&#038;p=296"},"modified":"2023-02-18T03:48:57","modified_gmt":"2023-02-18T03:48:57","slug":"48v-power-wall-mounted-lithium-battery-energy-storage-system","status":"publish","type":"product","link":"https:\/\/bybatt.com\/tr\/urun\/48v-power-wall-mounted-lithium-battery-energy-storage-system\/","title":{"rendered":"48V G\u00fc\u00e7 Duvara Monte Lityum Pil Enerji Depolama Sistemi"},"content":{"rendered":"","protected":false},"excerpt":{"rendered":"<p>Evler ve i\u015fyerleri i\u00e7in g\u00fcvenilir ve verimli g\u00fc\u00e7 depolamas\u0131 sa\u011flamak \u00fczere tasarlanm\u0131\u015f 48V G\u00fc\u00e7 Duvara Monte Edilen Lityum Pil Enerji Depolama Sistemimizle tan\u0131\u015f\u0131n. Pillerimiz, en y\u00fcksek kalitede ve uzun \u00f6m\u00fcrl\u00fc performans sa\u011flayan 100% yeni h\u00fccrelerle yap\u0131lm\u0131\u015ft\u0131r.<br \/>\nEnerji ihtiya\u00e7lar\u0131n\u0131za uygun bir dizi kapasite aras\u0131ndan se\u00e7im yap\u0131n: 2,56KWH ile 10,24KWH aras\u0131nda de\u011fi\u015fen enerji \u00e7\u0131k\u0131\u015flar\u0131yla 50Ah, 100Ah, 150Ah veya 200Ah. 10240W&#039;a kadar maksimum g\u00fc\u00e7 \u00e7\u0131k\u0131\u015f\u0131yla pil sistemimiz, t\u00fcm enerji ihtiya\u00e7lar\u0131n\u0131z i\u00e7in bol miktarda g\u00fc\u00e7 sa\u011flar.<br \/>\nAk\u00fc sistemimiz, 80% de\u015farj derinli\u011finde ve -20\u00b0C ila 60\u00b0C s\u0131cakl\u0131k aral\u0131\u011f\u0131nda 6000 d\u00f6ng\u00fcye kadar kullan\u0131m \u00f6mr\u00fcyle dayanacak \u015fekilde tasarlanm\u0131\u015ft\u0131r. Batarya 25\u00b0C&#039;de 5 aya, 35\u00b0C&#039;de 3 aya ve 45\u00b0C&#039;de 1 aya kadar saklanabilir, bu da \u00e7e\u015fitli ortam ko\u015fullar\u0131na uygun olmas\u0131n\u0131 sa\u011flar.<br \/>\nAk\u00fc sistemimizin duvara monte tasar\u0131m\u0131, kolay kurulum sa\u011flar ve de\u011ferli zemin alan\u0131ndan tasarruf sa\u011flar. 360*140*570 mm \u00f6l\u00e7\u00fcleri ile kompaktt\u0131r ve dar alanlara s\u0131\u011fabilir.<\/p>","protected":false},"featured_media":297,"template":"","meta":{"_kad_post_transparent":"default","_kad_post_title":"","_kad_post_layout":"default","_kad_post_sidebar_id":"","_kad_post_content_style":"default","_kad_post_vertical_padding":"default","_kad_post_feature":"","_kad_post_feature_position":"","_kad_post_header":false,"_kad_post_footer":false},"product_cat":[25,27],"product_tag":[136,135,131,137,129,132,134,130,128,133],"class_list":["post-296","product","type-product","status-publish","has-post-thumbnail","hentry","product_cat-home-storage-battery","product_cat-home-battery-powerwall","product_tag-10kwh-7kwh-5kwh-energy-storage-battery","product_tag-48v-wall-mounted-power-battery","product_tag-energy-storage-system","product_tag-lifepo4-lithium-battery-powerwall","product_tag-lithium-battery-wall-mount","product_tag-powerwall-battery","product_tag-rechargeable-lifepo4-lithium-ion-battery","product_tag-wall-mounted-battery","product_tag-wall-mounted-lithium-battery","product_tag-wall-mounted-power-battery","entry","content-bg","loop-entry"],"_links":{"self":[{"href":"https:\/\/bybatt.com\/tr\/wp-json\/wp\/v2\/product\/296","targetHints":{"allow":["GET"]}}],"collection":[{"href":"https:\/\/bybatt.com\/tr\/wp-json\/wp\/v2\/product"}],"about":[{"href":"https:\/\/bybatt.com\/tr\/wp-json\/wp\/v2\/types\/product"}],"wp:featuredmedia":[{"embeddable":true,"href":"https:\/\/bybatt.com\/tr\/wp-json\/wp\/v2\/media\/297"}],"wp:attachment":[{"href":"https:\/\/bybatt.com\/tr\/wp-json\/wp\/v2\/media?parent=296"}],"wp:term":[{"taxonomy":"product_cat","embeddable":true,"href":"https:\/\/bybatt.com\/tr\/wp-json\/wp\/v2\/product_cat?post=296"},{"taxonomy":"product_tag","embeddable":true,"href":"https:\/\/bybatt.com\/tr\/wp-json\/wp\/v2\/product_tag?post=296"}],"curies":[{"name":"wp","href":"https:\/\/api.w.org\/{rel}","templated":true}]}}