{"id":300,"date":"2023-02-18T03:55:53","date_gmt":"2023-02-18T03:55:53","guid":{"rendered":"https:\/\/bybatt.com\/?post_type=product&#038;p=300"},"modified":"2023-02-18T05:26:41","modified_gmt":"2023-02-18T05:26:41","slug":"home-solar-wall-mounted-lithium-battery-lifepo4-battery","status":"publish","type":"product","link":"https:\/\/bybatt.com\/tr\/urun\/home-solar-wall-mounted-lithium-battery-lifepo4-battery\/","title":{"rendered":"Ev Solar Duvara Monte Lityum Pil LiFePO4 Pil"},"content":{"rendered":"","protected":false},"excerpt":{"rendered":"<p>Evinize yenilenebilir enerji ile g\u00fc\u00e7 sa\u011flamak i\u00e7in tasarlanm\u0131\u015f Ev Solar Duvara Monte Lityum Pil LiFePO4 Pilimizi tan\u0131t\u0131yoruz. Bu yenilik\u00e7i pil, maksimum verimlilik ve uzun s\u00fcreli g\u00fcvenilirlik sa\u011flayan 100% yeni h\u00fccrelerden yap\u0131lm\u0131\u015ft\u0131r.<br \/>\n48V kapasite ve d\u00f6rt enerji depolama se\u00e7ene\u011fiyle \u2013 50Ah, 100Ah, 150Ah ve 200Ah \u2013 enerji ihtiya\u00e7lar\u0131n\u0131za uyan m\u00fckemmel boyutu se\u00e7ebilirsiniz. Pil, 2,56 KWH ila 10,24 KWH enerji depolayabilir ve geleneksel enerji kaynaklar\u0131na g\u00fcvenmeden evinize g\u00fc\u00e7 sa\u011flaman\u0131za olanak tan\u0131r.<br \/>\nMaksimum g\u00fc\u00e7 \u00e7\u0131k\u0131\u015f\u0131 2560 W ile 10240 W aras\u0131nda de\u011fi\u015fir ve size evinizin sorunsuz \u00e7al\u0131\u015fmas\u0131n\u0131 sa\u011flamak i\u00e7in ihtiyac\u0131n\u0131z olan g\u00fcc\u00fc verir. Ek olarak pil, 25\u00b0C s\u0131cakl\u0131kta 80% de\u015farj derinli\u011fine (DOD) de\u015farj edildi\u011finde 6000 d\u00f6ng\u00fcye kadar dayanacak \u015fekilde tasarlanm\u0131\u015ft\u0131r ve uzun s\u00fcreli g\u00fcvenilirlik sa\u011flar.<br \/>\nBu pil ev kullan\u0131m\u0131 i\u00e7in idealdir ve minimum yer kaplayarak duvara monte edilebilir. -20\u00b0C ila 60\u00b0C s\u0131cakl\u0131k aral\u0131\u011f\u0131na dayanacak \u015fekilde tasarlanm\u0131\u015ft\u0131r ve 60+\/-25% ba\u011f\u0131l nem ile \u00e7al\u0131\u015fabilir. Ayr\u0131ca 25\u00b0C&#039;de 5 ay, 35\u00b0C&#039;de 3 ay ve 45\u00b0C&#039;de 1 ay saklama s\u00fcresi vard\u0131r.<br \/>\nPilin 360*140*570 mm&#039;lik kompakt boyutu, evinize kolayca monte edilmesini sa\u011flar. Ev Solar Duvara Monte Lityum Pilimiz LiFePO4 Pil, evinize yenilenebilir enerji ile g\u00fc\u00e7 sa\u011flaman\u0131n \u00e7evre dostu ve uygun maliyetli bir yoludur. Bu yenilik\u00e7i pile bug\u00fcn yat\u0131r\u0131m yap\u0131n ve enerji t\u00fcketiminizin kontrol\u00fcn\u00fc elinize al\u0131n.<\/p>","protected":false},"featured_media":301,"template":"","meta":{"_kad_post_transparent":"default","_kad_post_title":"","_kad_post_layout":"default","_kad_post_sidebar_id":"","_kad_post_content_style":"default","_kad_post_vertical_padding":"default","_kad_post_feature":"","_kad_post_feature_position":"","_kad_post_header":false,"_kad_post_footer":false},"product_cat":[25,27],"product_tag":[140,139,62,141,128,138],"class_list":["post-300","product","type-product","status-publish","has-post-thumbnail","hentry","product_cat-home-storage-battery","product_cat-home-battery-powerwall","product_tag-home-energy-storage","product_tag-home-power-wall-mounted-battery","product_tag-lifepo4-solar-lithium-battery","product_tag-power-wall","product_tag-wall-mounted-lithium-battery","product_tag-wall-mounted-lithium-home-battery","entry","content-bg","loop-entry"],"_links":{"self":[{"href":"https:\/\/bybatt.com\/tr\/wp-json\/wp\/v2\/product\/300","targetHints":{"allow":["GET"]}}],"collection":[{"href":"https:\/\/bybatt.com\/tr\/wp-json\/wp\/v2\/product"}],"about":[{"href":"https:\/\/bybatt.com\/tr\/wp-json\/wp\/v2\/types\/product"}],"wp:featuredmedia":[{"embeddable":true,"href":"https:\/\/bybatt.com\/tr\/wp-json\/wp\/v2\/media\/301"}],"wp:attachment":[{"href":"https:\/\/bybatt.com\/tr\/wp-json\/wp\/v2\/media?parent=300"}],"wp:term":[{"taxonomy":"product_cat","embeddable":true,"href":"https:\/\/bybatt.com\/tr\/wp-json\/wp\/v2\/product_cat?post=300"},{"taxonomy":"product_tag","embeddable":true,"href":"https:\/\/bybatt.com\/tr\/wp-json\/wp\/v2\/product_tag?post=300"}],"curies":[{"name":"wp","href":"https:\/\/api.w.org\/{rel}","templated":true}]}}