{"id":306,"date":"2023-02-18T05:30:26","date_gmt":"2023-02-18T05:30:26","guid":{"rendered":"https:\/\/bybatt.com\/?post_type=product&#038;p=306"},"modified":"2023-02-18T05:40:06","modified_gmt":"2023-02-18T05:40:06","slug":"cheap-48v-100ah-lifepo4-powerwall-lithium-ion-home-battery","status":"publish","type":"product","link":"https:\/\/bybatt.com\/tr\/urun\/cheap-48v-100ah-lifepo4-powerwall-lithium-ion-home-battery\/","title":{"rendered":"Ucuz 48V 100AH LiFePO4 Powerwall Lityum iyon Ev Bataryas\u0131"},"content":{"rendered":"","protected":false},"excerpt":{"rendered":"<p>48V 100AH LiFePO4 Powerwall Lityum \u0130yon Ev Pili, evde yedek g\u00fc\u00e7 kayna\u011f\u0131 i\u00e7in geli\u015fmi\u015f bir \u00e7\u00f6z\u00fcmd\u00fcr. Bu ileri teknoloji \u00fcr\u00fcn, modern tasar\u0131m\u0131 ve minyat\u00fcrle\u015ftirilmi\u015f hafif yap\u0131s\u0131yla evinize sorunsuz bir \u015fekilde entegre olacak \u015fekilde tasarlanm\u0131\u015ft\u0131r. Ak\u0131ll\u0131, standartla\u015ft\u0131r\u0131lm\u0131\u015f ve \u00e7evre dostu olmas\u0131, onu karbon ayak izini azaltmak isteyenler i\u00e7in m\u00fckemmel bir se\u00e7im haline getiriyor.<br \/>\nPowerwall ev pili, 5kWh&#039;lik bir lityum (LiFePO4) pil depolama kapasitesine sahiptir ve sizi istedi\u011finiz zaman \u015febekeden uzak tutmak i\u00e7in yeterli g\u00fcc\u00fc sa\u011flar. Bu pil, g\u00fcvenebilece\u011finiz g\u00fcvenilir ev yedek g\u00fcc\u00fc sunan, d\u00fcnyan\u0131n en pop\u00fcler enerji depolama \u00e7\u00f6z\u00fcm\u00fcd\u00fcr. G\u00fcne\u015f enerjisi yolculu\u011funuz \u00fcreticilerle ba\u015flamam\u0131\u015f olsa bile, bu ev tipi ak\u00fc sistemi ve ev tipi ak\u00fc yedek g\u00fc\u00e7 sisteminin avantajlar\u0131ndan yararlanmaya devam edebilirsiniz.<br \/>\nBu pillerde kullan\u0131lan t\u00fcm h\u00fccreler 100% yenidir ve uzun \u00f6m\u00fcrl\u00fc performans sa\u011flar. Pil, 2,56 KWH, 5,12 KWH, 7,68 KWH ve 10,24 KWH enerji \u00e7\u0131k\u0131\u015flar\u0131 ve 2560 W, 5120 W, 7680 W ve 10240 W maksimum g\u00fc\u00e7 \u00e7\u0131k\u0131\u015flar\u0131yla farkl\u0131 kapasite ve boyutlarda mevcuttur. Pilin 6000 d\u00f6ng\u00fcl\u00fck uzun bir \u00f6mr\u00fc vard\u0131r (80% DOD&#039;de, 25\u00b0C), uzun s\u00fcreli g\u00fcvenilir kullan\u0131m sa\u011flar.<br \/>\nBu pil, 25\u00b0C&#039;de 5 aya, 35\u00b0C&#039;de 3 aya ve 45\u00b0C&#039;de 1 aya kadar saklanabilir, bu da onu yedek g\u00fc\u00e7 ihtiya\u00e7lar\u0131n\u0131z i\u00e7in esnek bir \u00e7\u00f6z\u00fcm haline getirir. 60+\/-25% ba\u011f\u0131l nemde -20\u00b0C ila 60\u00b0C s\u0131cakl\u0131k aral\u0131\u011f\u0131nda \u00e7al\u0131\u015farak \u00e7e\u015fitli ko\u015fullarda iyi performans g\u00f6stermesini sa\u011flar. Pilin boyutlar\u0131 360*140*570mm olup, evinize entegre edilmesini kolayla\u015ft\u0131r\u0131r.<\/p>","protected":false},"featured_media":307,"template":"","meta":{"_kad_post_transparent":"default","_kad_post_title":"","_kad_post_layout":"default","_kad_post_sidebar_id":"","_kad_post_content_style":"default","_kad_post_vertical_padding":"default","_kad_post_feature":"","_kad_post_feature_position":"","_kad_post_header":false,"_kad_post_footer":false},"product_cat":[25,27],"product_tag":[147,149,144,143,145,146,142,148],"class_list":["post-306","product","type-product","status-publish","has-post-thumbnail","hentry","product_cat-home-storage-battery","product_cat-home-battery-powerwall","product_tag-6000-cycles-life-lithium-ion-battery","product_tag-home-battery-lithium-powerwall","product_tag-lifepo4-home-battery","product_tag-lithium-ion-home-battery","product_tag-powerwall-home-battery","product_tag-powerwall-lithium-ion-battery","product_tag-powerwall-lithium-ion-home-battery","product_tag-powerwall-tesla-10kwh","entry","content-bg","loop-entry"],"_links":{"self":[{"href":"https:\/\/bybatt.com\/tr\/wp-json\/wp\/v2\/product\/306","targetHints":{"allow":["GET"]}}],"collection":[{"href":"https:\/\/bybatt.com\/tr\/wp-json\/wp\/v2\/product"}],"about":[{"href":"https:\/\/bybatt.com\/tr\/wp-json\/wp\/v2\/types\/product"}],"wp:featuredmedia":[{"embeddable":true,"href":"https:\/\/bybatt.com\/tr\/wp-json\/wp\/v2\/media\/307"}],"wp:attachment":[{"href":"https:\/\/bybatt.com\/tr\/wp-json\/wp\/v2\/media?parent=306"}],"wp:term":[{"taxonomy":"product_cat","embeddable":true,"href":"https:\/\/bybatt.com\/tr\/wp-json\/wp\/v2\/product_cat?post=306"},{"taxonomy":"product_tag","embeddable":true,"href":"https:\/\/bybatt.com\/tr\/wp-json\/wp\/v2\/product_tag?post=306"}],"curies":[{"name":"wp","href":"https:\/\/api.w.org\/{rel}","templated":true}]}}