{"id":311,"date":"2023-02-18T08:35:21","date_gmt":"2023-02-18T08:35:21","guid":{"rendered":"https:\/\/bybatt.com\/?post_type=product&#038;p=311"},"modified":"2023-02-18T08:41:37","modified_gmt":"2023-02-18T08:41:37","slug":"grid-hybrid-inverter-wall-mounted-battery-home-solar-system","status":"publish","type":"product","link":"https:\/\/bybatt.com\/tr\/urun\/grid-hybrid-inverter-wall-mounted-battery-home-solar-system\/","title":{"rendered":"Izgara Hibrit \u0130nverter Duvara Monte Ak\u00fc Ev G\u00fcne\u015f Sistemi"},"content":{"rendered":"","protected":false},"excerpt":{"rendered":"<p>Bu Izgara Hibrit \u0130nverter Duvara Monte Ak\u00fc Ev G\u00fcne\u015f Sistemi konut kullan\u0131m\u0131 i\u00e7in tasarlanm\u0131\u015ft\u0131r ve bir ak\u00fc bankas\u0131, bir hibrit invert\u00f6r ve g\u00fcne\u015f panellerinden olu\u015fur. Batarya bankas\u0131 48V kapasiteye sahiptir ve s\u0131ras\u0131yla 2,56KWH, 5,12KWH, 7,68KWH ve 10,24KWH kar\u015f\u0131l\u0131k gelen enerji depolamas\u0131yla 50Ah, 100Ah, 150Ah ve 200Ah olmak \u00fczere d\u00f6rt farkl\u0131 boyutta gelir. Kullan\u0131lan pil h\u00fccrelerinin tamam\u0131 yepyeni olup, y\u00fcksek kaliteli performans sa\u011flar.<br \/>\nSistemin maksimum g\u00fc\u00e7 \u00e7\u0131k\u0131\u015f\u0131, 10240W maksimum g\u00fc\u00e7 \u00fcretebilen en y\u00fcksek 200Ah kapasiteli pil boyutuna ba\u011fl\u0131 olarak de\u011fi\u015fir. Batarya, 25\u00b0C s\u0131cakl\u0131kta kapasitesinin 80%&#039;sine kadar bo\u015fald\u0131\u011f\u0131nda 6000 d\u00f6ng\u00fcye kadar uzun bir \u00f6mre sahiptir.<br \/>\nPil, 25\u00b0C&#039;de 5 aya, 35\u00b0C&#039;de 3 aya ve 45\u00b0C&#039;de 1 aya kadar saklanarak kullan\u0131c\u0131lara esneklik ve rahatl\u0131k sa\u011flar. Sistem -20\u00b0C ila 60\u00b0C s\u0131cakl\u0131k aral\u0131\u011f\u0131nda ve 60+\/-25% ba\u011f\u0131l nem ile \u00e7al\u0131\u015fabilir.<br \/>\nAk\u00fc bankas\u0131n\u0131n boyutlar\u0131 360*140*570 mm&#039;dir, bu da yerden tasarruf sa\u011flayacak \u015fekilde duvara monte edilmesini kolayla\u015ft\u0131r\u0131r. Bu g\u00fcne\u015f enerjisi sistemi, elektrik faturalar\u0131n\u0131 ve \u015febekeye olan ba\u011f\u0131ml\u0131l\u0131\u011f\u0131 azaltmak ve ayn\u0131 zamanda \u00e7evre \u00fczerinde olumlu bir etki yaratmak isteyen haneler i\u00e7in ideal bir \u00e7\u00f6z\u00fcmd\u00fcr.<\/p>","protected":false},"featured_media":312,"template":"","meta":{"_kad_post_transparent":"default","_kad_post_title":"","_kad_post_layout":"default","_kad_post_sidebar_id":"","_kad_post_content_style":"default","_kad_post_vertical_padding":"default","_kad_post_feature":"","_kad_post_feature_position":"","_kad_post_header":false,"_kad_post_footer":false},"product_cat":[25,27],"product_tag":[151,131,68,152,153,155,150,154,130],"class_list":["post-311","product","type-product","status-publish","has-post-thumbnail","hentry","product_cat-home-storage-battery","product_cat-home-battery-powerwall","product_tag-battery-storage","product_tag-energy-storage-system","product_tag-lifepo4-lithium-battery","product_tag-power-battery-wall","product_tag-power-storage","product_tag-power-wall-hybrid-grid","product_tag-powerwall-energy","product_tag-solar-battery-storage-system","product_tag-wall-mounted-battery","entry","content-bg","loop-entry"],"_links":{"self":[{"href":"https:\/\/bybatt.com\/tr\/wp-json\/wp\/v2\/product\/311","targetHints":{"allow":["GET"]}}],"collection":[{"href":"https:\/\/bybatt.com\/tr\/wp-json\/wp\/v2\/product"}],"about":[{"href":"https:\/\/bybatt.com\/tr\/wp-json\/wp\/v2\/types\/product"}],"wp:featuredmedia":[{"embeddable":true,"href":"https:\/\/bybatt.com\/tr\/wp-json\/wp\/v2\/media\/312"}],"wp:attachment":[{"href":"https:\/\/bybatt.com\/tr\/wp-json\/wp\/v2\/media?parent=311"}],"wp:term":[{"taxonomy":"product_cat","embeddable":true,"href":"https:\/\/bybatt.com\/tr\/wp-json\/wp\/v2\/product_cat?post=311"},{"taxonomy":"product_tag","embeddable":true,"href":"https:\/\/bybatt.com\/tr\/wp-json\/wp\/v2\/product_tag?post=311"}],"curies":[{"name":"wp","href":"https:\/\/api.w.org\/{rel}","templated":true}]}}