{"id":316,"date":"2023-02-18T08:42:14","date_gmt":"2023-02-18T08:42:14","guid":{"rendered":"https:\/\/bybatt.com\/?post_type=product&#038;p=316"},"modified":"2023-03-05T16:19:15","modified_gmt":"2023-03-05T16:19:15","slug":"lifepo4-tesla-powerwall-lithium-battery-for-solar-system","status":"publish","type":"product","link":"https:\/\/bybatt.com\/tr\/urun\/lifepo4-tesla-powerwall-lithium-battery-for-solar-system\/","title":{"rendered":"G\u00fcne\u015f Sistemi i\u00e7in LiFePO4 Tesla Powerwall Lityum Pil"},"content":{"rendered":"","protected":false},"excerpt":{"rendered":"<p>LiFePO4 Tesla Powerwall Lityum Pil, g\u00fcne\u015f sistemlerinde kullan\u0131lmak \u00fczere tasarlanm\u0131\u015ft\u0131r ve \u00e7e\u015fitli kapasite se\u00e7enekleriyle sunulur: 48V 50Ah, 48V 100Ah, 48V 150Ah ve 48V 200Ah. Batarya s\u0131ras\u0131yla 2,56KWH, 5,12KWH, 7,68KWH ve 10,24KWH maksimum enerji kapasitesine sahiptir ve s\u0131ras\u0131yla 2560W, 5120W, 7680W ve 10240W maksimum g\u00fc\u00e7 \u00e7\u0131k\u0131\u015f\u0131 sa\u011flayabilir.<br \/>\nPil, 100% yeni h\u00fccreler kullan\u0131larak yap\u0131lm\u0131\u015ft\u0131r ve 80% de\u015farj derinli\u011finde ve 25\u00b0C s\u0131cakl\u0131kta 6000 d\u00f6ng\u00fcl\u00fck nominal d\u00f6ng\u00fc \u00f6mr\u00fc ile uzun bir kullan\u0131m \u00f6mr\u00fcne sahiptir. 25\u00b0C&#039;de 5 aya, 35\u00b0C&#039;de 3 aya ve 45\u00b0C&#039;de 1 aya kadar saklanabilir. Pil, -20\u00b0C ile 60\u00b0C aras\u0131ndaki s\u0131cakl\u0131klarda ve 60+\/-25% ba\u011f\u0131l nemle \u00e7al\u0131\u015facak \u015fekilde tasarlanm\u0131\u015ft\u0131r. Pilin boyutlar\u0131 360 mm x 140 mm x 570 mm&#039;dir (uzunluk x geni\u015flik x y\u00fckseklik).<br \/>\nGenel olarak, bu LiFePO4 Tesla Powerwall Lityum Pil, g\u00fcne\u015f enerjisi sistemlerine g\u00fc\u00e7 sa\u011flamak i\u00e7in y\u00fcksek performansl\u0131, dayan\u0131kl\u0131 ve g\u00fcvenilir bir \u00e7\u00f6z\u00fcmd\u00fcr ve uzun s\u00fcreler boyunca \u00f6nemli miktarda enerji depolama ve g\u00fc\u00e7 \u00e7\u0131k\u0131\u015f\u0131 sa\u011flama yetene\u011fine sahiptir.<\/p>","protected":false},"featured_media":317,"template":"","meta":{"_kad_post_transparent":"default","_kad_post_title":"","_kad_post_layout":"default","_kad_post_sidebar_id":"","_kad_post_content_style":"default","_kad_post_vertical_padding":"default","_kad_post_feature":"","_kad_post_feature_position":"","_kad_post_header":false,"_kad_post_footer":false},"product_cat":[25,27],"product_tag":[157,68,158,159,156],"class_list":["post-316","product","type-product","status-publish","has-post-thumbnail","hentry","product_cat-home-storage-battery","product_cat-home-battery-powerwall","product_tag-6000-cycles-80-dod-lifepo4-48v-100ah-5kwh-powerwall","product_tag-lifepo4-lithium-battery","product_tag-power-wall-lithium-battery","product_tag-tesla-powerwall-alternative","product_tag-tesla-powerwall-lithium-battery","entry","content-bg","loop-entry"],"_links":{"self":[{"href":"https:\/\/bybatt.com\/tr\/wp-json\/wp\/v2\/product\/316","targetHints":{"allow":["GET"]}}],"collection":[{"href":"https:\/\/bybatt.com\/tr\/wp-json\/wp\/v2\/product"}],"about":[{"href":"https:\/\/bybatt.com\/tr\/wp-json\/wp\/v2\/types\/product"}],"wp:featuredmedia":[{"embeddable":true,"href":"https:\/\/bybatt.com\/tr\/wp-json\/wp\/v2\/media\/317"}],"wp:attachment":[{"href":"https:\/\/bybatt.com\/tr\/wp-json\/wp\/v2\/media?parent=316"}],"wp:term":[{"taxonomy":"product_cat","embeddable":true,"href":"https:\/\/bybatt.com\/tr\/wp-json\/wp\/v2\/product_cat?post=316"},{"taxonomy":"product_tag","embeddable":true,"href":"https:\/\/bybatt.com\/tr\/wp-json\/wp\/v2\/product_tag?post=316"}],"curies":[{"name":"wp","href":"https:\/\/api.w.org\/{rel}","templated":true}]}}