{"id":324,"date":"2023-02-18T08:53:52","date_gmt":"2023-02-18T08:53:52","guid":{"rendered":"https:\/\/bybatt.com\/?post_type=product&#038;p=324"},"modified":"2023-02-18T09:02:35","modified_gmt":"2023-02-18T09:02:35","slug":"powerwall-lifepo4-battery-off-grid-energy-storage-system","status":"publish","type":"product","link":"https:\/\/bybatt.com\/tr\/urun\/powerwall-lifepo4-battery-off-grid-energy-storage-system\/","title":{"rendered":"Powerwall LiFePO4 Batarya \u015eebeke D\u0131\u015f\u0131 Enerji Depolama Sistemi"},"content":{"rendered":"","protected":false},"excerpt":{"rendered":"<p>Powerwall LiFePO4 Batarya \u015eebeke D\u0131\u015f\u0131 Enerji Depolama Sistemi, \u015febeke d\u0131\u015f\u0131 enerji depolama i\u00e7in tasarlanm\u0131\u015f \u015farj edilebilir bir ak\u00fc sistemidir. 100% yeni olan ve y\u00fcksek enerji yo\u011funlu\u011fu, uzun \u00e7evrim \u00f6mr\u00fc ve g\u00fcvenli\u011fi ile bilinen LiFePO4 h\u00fccrelerini kullan\u0131r. Ak\u00fc sistemi d\u00f6rt farkl\u0131 kapasitede sunulur: 24V\/100AH, 48V\/50AH, 48V\/100AH ve 48V\/200AH.<br \/>\nAk\u00fclerin boyutlar\u0131 kapasiteye g\u00f6re de\u011fi\u015fmekte olup en k\u00fc\u00e7\u00fck ak\u00fc (24V100AH) 400*110*520 mm ve en b\u00fcy\u00fck ak\u00fc (48V200AH) 540*200*950 mm \u00f6l\u00e7\u00fclerindedir. A\u011f\u0131rl\u0131k da kapasiteye ba\u011fl\u0131 olarak de\u011fi\u015fir, en k\u00fc\u00e7\u00fck pil 24 KG ve en b\u00fcy\u00fck pil 45 KG a\u011f\u0131rl\u0131\u011f\u0131ndad\u0131r.<br \/>\nBatarya sisteminin 5000 devirlik bir \u00e7evrim \u00f6mr\u00fc vard\u0131r, bu da bozulmaya ba\u015flamadan \u00f6nce 5000 defaya kadar \u015farj edilip bo\u015falt\u0131labilece\u011fi anlam\u0131na gelir. Bu, uzun s\u00fcre g\u00fcvenilir g\u00fc\u00e7 sa\u011flayabildi\u011fi i\u00e7in onu \u015febeke d\u0131\u015f\u0131 enerji depolama i\u00e7in ideal bir \u00e7\u00f6z\u00fcm haline getirir.<br \/>\nGenel olarak, Powerwall LiFePO4 Batarya \u015eebeke D\u0131\u015f\u0131 Enerji Depolama Sistemi, \u00e7e\u015fitli \u015febeke d\u0131\u015f\u0131 uygulamalar i\u00e7in g\u00fc\u00e7 sa\u011flayabilen y\u00fcksek kaliteli, dayan\u0131kl\u0131 ve g\u00fcvenilir bir ak\u00fc sistemidir.<\/p>","protected":false},"featured_media":326,"template":"","meta":{"_kad_post_transparent":"default","_kad_post_title":"","_kad_post_layout":"default","_kad_post_sidebar_id":"","_kad_post_content_style":"default","_kad_post_vertical_padding":"default","_kad_post_feature":"","_kad_post_feature_position":"","_kad_post_header":false,"_kad_post_footer":false},"product_cat":[25,27],"product_tag":[164,161,163,165,160,162],"class_list":["post-324","product","type-product","status-publish","has-post-thumbnail","hentry","product_cat-home-storage-battery","product_cat-home-battery-powerwall","product_tag-5kwh-wall-mounted-lithium-battery","product_tag-battery-energy-storage-solutions","product_tag-lifepo4-48v-100ah","product_tag-lithium-power-wall-lifepo4","product_tag-powerwall-lifepo4-battery","product_tag-solar-battery","entry","content-bg","loop-entry"],"_links":{"self":[{"href":"https:\/\/bybatt.com\/tr\/wp-json\/wp\/v2\/product\/324","targetHints":{"allow":["GET"]}}],"collection":[{"href":"https:\/\/bybatt.com\/tr\/wp-json\/wp\/v2\/product"}],"about":[{"href":"https:\/\/bybatt.com\/tr\/wp-json\/wp\/v2\/types\/product"}],"wp:featuredmedia":[{"embeddable":true,"href":"https:\/\/bybatt.com\/tr\/wp-json\/wp\/v2\/media\/326"}],"wp:attachment":[{"href":"https:\/\/bybatt.com\/tr\/wp-json\/wp\/v2\/media?parent=324"}],"wp:term":[{"taxonomy":"product_cat","embeddable":true,"href":"https:\/\/bybatt.com\/tr\/wp-json\/wp\/v2\/product_cat?post=324"},{"taxonomy":"product_tag","embeddable":true,"href":"https:\/\/bybatt.com\/tr\/wp-json\/wp\/v2\/product_tag?post=324"}],"curies":[{"name":"wp","href":"https:\/\/api.w.org\/{rel}","templated":true}]}}