{"id":333,"date":"2023-02-18T10:07:36","date_gmt":"2023-02-18T10:07:36","guid":{"rendered":"https:\/\/bybatt.com\/?post_type=product&#038;p=333"},"modified":"2023-02-18T10:15:53","modified_gmt":"2023-02-18T10:15:53","slug":"rechargeable-customized-home-solar-system-battery-storage","status":"publish","type":"product","link":"https:\/\/bybatt.com\/tr\/urun\/rechargeable-customized-home-solar-system-battery-storage\/","title":{"rendered":"\u015earj Edilebilir \u00d6zelle\u015ftirilmi\u015f Ev G\u00fcne\u015f Sistemi Pil Depolama"},"content":{"rendered":"","protected":false},"excerpt":{"rendered":"<p>\u015earj Edilebilir \u00d6zelle\u015ftirilmi\u015f Ev G\u00fcne\u015f Sistemi Pil Deposu, konut kullan\u0131m\u0131 i\u00e7in tasarlanm\u0131\u015f bir g\u00fcne\u015f pili sistemidir. Se\u00e7ilen belirli modele ba\u011fl\u0131 olarak 24V100AH\/48V50AH\/48V100AH\/48V200AH kapasiteli bir dizi y\u00fcksek kapasiteli lityum iyon pilden olu\u015fur.<br \/>\nPil sistemi \u015farj edilebilir ve g\u00fcne\u015f \u0131\u015f\u0131\u011f\u0131ndan \u00fcretilen enerjiyi depolamak i\u00e7in g\u00fcne\u015f panelleri ile \u00e7al\u0131\u015facak \u015fekilde tasarlanm\u0131\u015ft\u0131r. Bu, onu evlere g\u00fc\u00e7 sa\u011flamak i\u00e7in \u00e7evre dostu ve uygun maliyetli bir \u00e7\u00f6z\u00fcm haline getirir.<br \/>\nPiller, optimum performans ve g\u00fcvenilirlik sa\u011flamak i\u00e7in 100% yeni h\u00fccrelerle yap\u0131lm\u0131\u015ft\u0131r. Sistem, ev sahibinin \u00f6zel gereksinimlerine ba\u011fl\u0131 olarak farkl\u0131 boyutlarda mevcut olan bireysel ihtiya\u00e7 ve tercihleri kar\u015f\u0131lamak \u00fczere \u00f6zelle\u015ftirilebilir. Boyut se\u00e7enekleri 400*110*520mm, 400*110*520mm, 360*175*520mm, 540*200*950mm&#039;dir.<br \/>\nPilin a\u011f\u0131rl\u0131\u011f\u0131 da kapasiteye ve se\u00e7ilen boyuta g\u00f6re de\u011fi\u015fir. A\u011f\u0131rl\u0131k se\u00e7enekleri 24KG\/45KG\/24KG&#039;dir. Genel olarak, \u015earj Edilebilir \u00d6zelle\u015ftirilmi\u015f Ev G\u00fcne\u015f Sistemi Pil Deposu, konut g\u00fcne\u015f enerjisi ihtiya\u00e7lar\u0131 i\u00e7in y\u00fcksek kaliteli ve \u00e7ok y\u00f6nl\u00fc bir \u00e7\u00f6z\u00fcmd\u00fcr.<\/p>","protected":false},"featured_media":334,"template":"","meta":{"_kad_post_transparent":"default","_kad_post_title":"","_kad_post_layout":"default","_kad_post_sidebar_id":"","_kad_post_content_style":"default","_kad_post_vertical_padding":"default","_kad_post_feature":"","_kad_post_feature_position":"","_kad_post_header":false,"_kad_post_footer":false},"product_cat":[25,27],"product_tag":[167,168,170,154,166,169],"class_list":["post-333","product","type-product","status-publish","has-post-thumbnail","hentry","product_cat-home-storage-battery","product_cat-home-battery-powerwall","product_tag-home-solar-system-battery-power-storage","product_tag-lithium-ion-solar-energy-storage-system-battery","product_tag-solar-battery-storage","product_tag-solar-battery-storage-system","product_tag-solar-system-battery-storage","product_tag-wall-mount-10kw-256v-battery-pack","entry","content-bg","loop-entry"],"_links":{"self":[{"href":"https:\/\/bybatt.com\/tr\/wp-json\/wp\/v2\/product\/333","targetHints":{"allow":["GET"]}}],"collection":[{"href":"https:\/\/bybatt.com\/tr\/wp-json\/wp\/v2\/product"}],"about":[{"href":"https:\/\/bybatt.com\/tr\/wp-json\/wp\/v2\/types\/product"}],"wp:featuredmedia":[{"embeddable":true,"href":"https:\/\/bybatt.com\/tr\/wp-json\/wp\/v2\/media\/334"}],"wp:attachment":[{"href":"https:\/\/bybatt.com\/tr\/wp-json\/wp\/v2\/media?parent=333"}],"wp:term":[{"taxonomy":"product_cat","embeddable":true,"href":"https:\/\/bybatt.com\/tr\/wp-json\/wp\/v2\/product_cat?post=333"},{"taxonomy":"product_tag","embeddable":true,"href":"https:\/\/bybatt.com\/tr\/wp-json\/wp\/v2\/product_tag?post=333"}],"curies":[{"name":"wp","href":"https:\/\/api.w.org\/{rel}","templated":true}]}}