{"id":340,"date":"2023-02-18T10:18:15","date_gmt":"2023-02-18T10:18:15","guid":{"rendered":"https:\/\/bybatt.com\/?post_type=product&#038;p=340"},"modified":"2023-03-05T16:17:39","modified_gmt":"2023-03-05T16:17:39","slug":"energy-powerwall-lifepo4-battery-for-home-solar-storage","status":"publish","type":"product","link":"https:\/\/bybatt.com\/tr\/urun\/energy-powerwall-lifepo4-battery-for-home-solar-storage\/","title":{"rendered":"Ev Solar Depolama i\u00e7in Energy Powerwall LiFePO4 Pil"},"content":{"rendered":"","protected":false},"excerpt":{"rendered":"<p>Energy Powerwall LiFePO4 Pil, evde enerji depolama yedeklemesi i\u00e7in tasarlanm\u0131\u015f y\u00fcksek kaliteli bir pil paketidir. Optimum performans ve uzun \u00f6m\u00fcr sa\u011flayan A S\u0131n\u0131f\u0131, yeni 3.2V100Ah LiFePO4 h\u00fccreleri kullan\u0131r. Batarya tak\u0131m\u0131n\u0131n nominal gerilimi 51,2 V ve nominal kapasitesi 100 Ah&#039;dir, bu da 5120 Wh nominal enerjiye kar\u015f\u0131l\u0131k gelir.<br \/>\nPil tak\u0131m\u0131, duvara montaj i\u00e7in tasarlanm\u0131\u015ft\u0131r ve kurulumunuzun \u00f6zel gereksinimlerine uyacak \u015fekilde \u00f6zelle\u015ftirilebilir. Pil tak\u0131m\u0131, 40-58,4 V \u00e7al\u0131\u015fma voltaj\u0131 koruma aral\u0131\u011f\u0131na sahiptir ve a\u015f\u0131r\u0131 \u015farja veya yetersiz \u015farja kar\u015f\u0131 koruma sa\u011flar.<br \/>\nPil paketi, maksimum 50A s\u00fcrekli \u015farj ak\u0131m\u0131n\u0131 ve maksimum 100A s\u00fcrekli de\u015farj ak\u0131m\u0131n\u0131 i\u015fleyebilir, bu da onu zorlu uygulamalar i\u00e7in uygun hale getirir. Pil paketi 50 KG a\u011f\u0131rl\u0131\u011f\u0131ndad\u0131r, bu da kurulumu ve ta\u015f\u0131nmas\u0131n\u0131 kolayla\u015ft\u0131r\u0131r.<br \/>\nGenel olarak, Energy Powerwall LiFePO4 Pil, evde enerji depolama yedeklemesi i\u00e7in g\u00fcvenilir, y\u00fcksek kaliteli bir pil paketi arayan herkes i\u00e7in m\u00fckemmel bir se\u00e7imdir.<\/p>","protected":false},"featured_media":341,"template":"","meta":{"_kad_post_transparent":"default","_kad_post_title":"","_kad_post_layout":"default","_kad_post_sidebar_id":"","_kad_post_content_style":"default","_kad_post_vertical_padding":"default","_kad_post_feature":"","_kad_post_feature_position":"","_kad_post_header":false,"_kad_post_footer":false},"product_cat":[25,27],"product_tag":[172,171,174,173,160],"class_list":["post-340","product","type-product","status-publish","has-post-thumbnail","hentry","product_cat-home-storage-battery","product_cat-home-battery-powerwall","product_tag-5kwh-lithium-battery","product_tag-deep-cycle-off-grid-100ah-high-capacity-home-power-wall","product_tag-energy-storage-battery-for-home-use","product_tag-powerwall-battery-lifepo4","product_tag-powerwall-lifepo4-battery","entry","content-bg","loop-entry"],"_links":{"self":[{"href":"https:\/\/bybatt.com\/tr\/wp-json\/wp\/v2\/product\/340","targetHints":{"allow":["GET"]}}],"collection":[{"href":"https:\/\/bybatt.com\/tr\/wp-json\/wp\/v2\/product"}],"about":[{"href":"https:\/\/bybatt.com\/tr\/wp-json\/wp\/v2\/types\/product"}],"wp:featuredmedia":[{"embeddable":true,"href":"https:\/\/bybatt.com\/tr\/wp-json\/wp\/v2\/media\/341"}],"wp:attachment":[{"href":"https:\/\/bybatt.com\/tr\/wp-json\/wp\/v2\/media?parent=340"}],"wp:term":[{"taxonomy":"product_cat","embeddable":true,"href":"https:\/\/bybatt.com\/tr\/wp-json\/wp\/v2\/product_cat?post=340"},{"taxonomy":"product_tag","embeddable":true,"href":"https:\/\/bybatt.com\/tr\/wp-json\/wp\/v2\/product_tag?post=340"}],"curies":[{"name":"wp","href":"https:\/\/api.w.org\/{rel}","templated":true}]}}