{"id":354,"date":"2023-02-18T14:14:30","date_gmt":"2023-02-18T14:14:30","guid":{"rendered":"https:\/\/bybatt.com\/?post_type=product&#038;p=354"},"modified":"2023-02-18T14:30:29","modified_gmt":"2023-02-18T14:30:29","slug":"multi-function-lithium-portable-power-station-solar-generator","status":"publish","type":"product","link":"https:\/\/bybatt.com\/tr\/urun\/multi-function-lithium-portable-power-station-solar-generator\/","title":{"rendered":"\u00c7ok fonksiyonlu Lityum Ta\u015f\u0131nabilir G\u00fc\u00e7 \u0130stasyonu G\u00fcne\u015f Jenerat\u00f6r\u00fc"},"content":{"rendered":"","protected":false},"excerpt":{"rendered":"<p>\u00c7ok \u0130\u015flevli Lityum Ta\u015f\u0131nabilir G\u00fc\u00e7 \u0130stasyonu Solar Jenerat\u00f6r, \u00e7e\u015fitli ortamlarda kullan\u0131lmak \u00fczere tasarlanm\u0131\u015f y\u00fcksek kapasiteli, \u00e7ok y\u00f6nl\u00fc bir g\u00fc\u00e7 kayna\u011f\u0131d\u0131r. 3,7 V&#039;ta 208800 mAh kapasiteli ve toplam 772 watt-saat (WH) g\u00fc\u00e7 sa\u011flayan 100% yeni bir pile sahiptir.<br \/>\nSantral, 25.2V\/5A giri\u015f kullan\u0131larak veya maksimum 18-23V\/100W giri\u015f ile solar \u015farj yoluyla 7-8 saatte \u015farj edilebilir. G\u00fc\u00e7 istasyonu ayr\u0131ca QC3.0 h\u0131zl\u0131 \u015farj \u00f6zellikli 3 USB ba\u011flant\u0131 noktas\u0131, PD 60W \u015farj kapasiteli 1 Type-C ba\u011flant\u0131 noktas\u0131, 14.4V\/7A \u00e7\u0131k\u0131\u015fl\u0131 2 DC ba\u011flant\u0131 noktas\u0131 ve 14.4&#039;l\u00fc 1 \u00e7akmak ba\u011flant\u0131 noktas\u0131 dahil olmak \u00fczere \u00e7e\u015fitli \u00e7\u0131k\u0131\u015f ba\u011flant\u0131 noktalar\u0131yla birlikte gelir. V\/7A \u00e7\u0131k\u0131\u015f\u0131.<br \/>\nG\u00fc\u00e7 istasyonu, DC \u00e7\u0131k\u0131\u015f ba\u011flant\u0131 noktalar\u0131na ek olarak, 110(100-120)\/230(220-240)V voltaj \u00e7\u0131k\u0131\u015f se\u00e7enekleriyle saf siyah dalga 1000W AC s\u00fcrekli \u00e7\u0131k\u0131\u015fa sahiptir. G\u00fc\u00e7 istasyonu, bir LCD g\u00fc\u00e7 g\u00f6stergesi ekran\u0131na sahiptir ve 334*167*204 mm&#039;lik kompakt bir boyuta sahiptir, bu da onu ta\u015f\u0131may\u0131 ve saklamay\u0131 kolayla\u015ft\u0131r\u0131r.<br \/>\nGenel olarak, \u00c7ok \u0130\u015flevli Lityum Ta\u015f\u0131nabilir G\u00fc\u00e7 \u0130stasyonu Solar Jenerat\u00f6r, a\u00e7\u0131k hava maceralar\u0131, acil durum yedek g\u00fcc\u00fc ve daha fazlas\u0131 dahil olmak \u00fczere \u00e7e\u015fitli uygulamalar i\u00e7in kullan\u0131labilen g\u00fcvenilir ve verimli bir g\u00fc\u00e7 kayna\u011f\u0131d\u0131r.<\/p>","protected":false},"featured_media":355,"template":"","meta":{"_kad_post_transparent":"default","_kad_post_title":"","_kad_post_layout":"default","_kad_post_sidebar_id":"","_kad_post_content_style":"default","_kad_post_vertical_padding":"default","_kad_post_feature":"","_kad_post_feature_position":"","_kad_post_header":false,"_kad_post_footer":false},"product_cat":[25,26],"product_tag":[186,185,184,182,188,183,176,187],"class_list":["post-354","product","type-product","status-publish","has-post-thumbnail","hentry","product_cat-home-storage-battery","product_cat-portable-power-station","product_tag-1000w-solar-power-generator","product_tag-2000wh-portable-acdc-power-station-outdoor","product_tag-generator-solar-charging-banks","product_tag-portable-power-station","product_tag-portable-power-station-manufacturer","product_tag-power-station-with-solar-panels","product_tag-protable-solar-power-generator","product_tag-solar-power-generator","entry","content-bg","loop-entry"],"_links":{"self":[{"href":"https:\/\/bybatt.com\/tr\/wp-json\/wp\/v2\/product\/354","targetHints":{"allow":["GET"]}}],"collection":[{"href":"https:\/\/bybatt.com\/tr\/wp-json\/wp\/v2\/product"}],"about":[{"href":"https:\/\/bybatt.com\/tr\/wp-json\/wp\/v2\/types\/product"}],"wp:featuredmedia":[{"embeddable":true,"href":"https:\/\/bybatt.com\/tr\/wp-json\/wp\/v2\/media\/355"}],"wp:attachment":[{"href":"https:\/\/bybatt.com\/tr\/wp-json\/wp\/v2\/media?parent=354"}],"wp:term":[{"taxonomy":"product_cat","embeddable":true,"href":"https:\/\/bybatt.com\/tr\/wp-json\/wp\/v2\/product_cat?post=354"},{"taxonomy":"product_tag","embeddable":true,"href":"https:\/\/bybatt.com\/tr\/wp-json\/wp\/v2\/product_tag?post=354"}],"curies":[{"name":"wp","href":"https:\/\/api.w.org\/{rel}","templated":true}]}}