{"id":361,"date":"2023-02-18T14:32:26","date_gmt":"2023-02-18T14:32:26","guid":{"rendered":"https:\/\/bybatt.com\/?post_type=product&#038;p=361"},"modified":"2023-03-05T16:18:35","modified_gmt":"2023-03-05T16:18:35","slug":"portable-power-station-solar-generator-manufacturer-in-china","status":"publish","type":"product","link":"https:\/\/bybatt.com\/tr\/urun\/portable-power-station-solar-generator-manufacturer-in-china\/","title":{"rendered":"\u00c7in&#039;de Ta\u015f\u0131nabilir G\u00fc\u00e7 \u0130stasyonu G\u00fcne\u015f Jenerat\u00f6r\u00fc \u00dcreticisi"},"content":{"rendered":"","protected":false},"excerpt":{"rendered":"<p>Bu Portatif G\u00fc\u00e7 \u0130stasyonu G\u00fcne\u015f Jenerat\u00f6r\u00fc, a\u00e7\u0131k hava etkinlikleri veya acil durumlar i\u00e7in tasarlanm\u0131\u015f g\u00fcvenilir ve verimli bir g\u00fc\u00e7 kayna\u011f\u0131d\u0131r. \u00c7in&#039;de \u00fcretilmi\u015ftir ve uzun s\u00fcreli performans i\u00e7in 100% yeni h\u00fccreler kullan\u0131larak yap\u0131lm\u0131\u015ft\u0131r.<br \/>\nBatarya kapasitesi 83200mAh, voltaj 3.7V ve toplam enerji kapasitesi 300WH&#039;dir. \u015earj i\u00e7in gereken giri\u015f 16,8V\/5A&#039;d\u0131r ve tamamen \u015farj olmas\u0131 5-6 saat s\u00fcrer. Bu elektrik santrali ayr\u0131ca 18-23V\/100W Maks giri\u015f aral\u0131\u011f\u0131na sahip solar \u015farj \u00f6zelli\u011fine sahiptir.<br \/>\n2x USB (5V\/9V\/2A, QC3.0 ile \/12V\/1.5A), 1x Type-C (5V\/9V\/15V20V\/3A) PD 60W, 2x DC12V\/10A ve 1x sigara dahil olmak \u00fczere \u00e7e\u015fitli DC \u00e7\u0131k\u0131\u015flara sahiptir daha hafif (14,4V\/10A). Ek olarak, g\u00fc\u00e7 istasyonu, 110(100-120)\/230(220-240)V AC \u00e7\u0131k\u0131\u015f frekans\u0131 50Hz\/60Hz\u00b15% AC voltaj \u00e7\u0131k\u0131\u015f\u0131 ile saf siyah dalga 300W AC s\u00fcrekli \u00e7\u0131k\u0131\u015f\u0131na sahiptir.<br \/>\nG\u00fc\u00e7 istasyonu, kolay izleme i\u00e7in bir g\u00fc\u00e7 g\u00f6stergeli LCD ekrana sahiptir ve 270*154*242 mm&#039;lik kompakt bir boyuta sahiptir. G\u00fc\u00e7 istasyonu, \u015farj i\u00e7in 80 W&#039;l\u0131k bir adapt\u00f6rle birlikte gelir. Genel olarak, bu Portatif G\u00fc\u00e7 \u0130stasyonu G\u00fcne\u015f Jenerat\u00f6r\u00fc, \u00e7e\u015fitli d\u0131\u015f mekan ve acil durumlar i\u00e7in uygun, y\u00fcksek kaliteli ve \u00e7ok y\u00f6nl\u00fc bir g\u00fc\u00e7 kayna\u011f\u0131d\u0131r.<\/p>","protected":false},"featured_media":362,"template":"","meta":{"_kad_post_transparent":"default","_kad_post_title":"","_kad_post_layout":"default","_kad_post_sidebar_id":"","_kad_post_content_style":"default","_kad_post_vertical_padding":"default","_kad_post_feature":"","_kad_post_feature_position":"","_kad_post_header":false,"_kad_post_footer":false},"product_cat":[25,26],"product_tag":[191,192,190,182,197,199,195,196,194,188,198,193,189],"class_list":["post-361","product","type-product","status-publish","has-post-thumbnail","hentry","product_cat-home-storage-battery","product_cat-portable-power-station","product_tag-300w-power-station","product_tag-500w-power-station","product_tag-lifepo4-power-station","product_tag-portable-power-station","product_tag-portable-power-station-brand","product_tag-portable-power-station-camping","product_tag-portable-power-station-europe","product_tag-portable-power-station-factory","product_tag-portable-power-station-germany","product_tag-portable-power-station-manufacturer","product_tag-portable-power-station-market","product_tag-portable-power-station-usa","product_tag-power-station","entry","content-bg","loop-entry"],"_links":{"self":[{"href":"https:\/\/bybatt.com\/tr\/wp-json\/wp\/v2\/product\/361","targetHints":{"allow":["GET"]}}],"collection":[{"href":"https:\/\/bybatt.com\/tr\/wp-json\/wp\/v2\/product"}],"about":[{"href":"https:\/\/bybatt.com\/tr\/wp-json\/wp\/v2\/types\/product"}],"wp:featuredmedia":[{"embeddable":true,"href":"https:\/\/bybatt.com\/tr\/wp-json\/wp\/v2\/media\/362"}],"wp:attachment":[{"href":"https:\/\/bybatt.com\/tr\/wp-json\/wp\/v2\/media?parent=361"}],"wp:term":[{"taxonomy":"product_cat","embeddable":true,"href":"https:\/\/bybatt.com\/tr\/wp-json\/wp\/v2\/product_cat?post=361"},{"taxonomy":"product_tag","embeddable":true,"href":"https:\/\/bybatt.com\/tr\/wp-json\/wp\/v2\/product_tag?post=361"}],"curies":[{"name":"wp","href":"https:\/\/api.w.org\/{rel}","templated":true}]}}