{"id":369,"date":"2023-02-18T14:44:28","date_gmt":"2023-02-18T14:44:28","guid":{"rendered":"https:\/\/bybatt.com\/?post_type=product&#038;p=369"},"modified":"2023-02-18T14:56:30","modified_gmt":"2023-02-18T14:56:30","slug":"catl-prismatic-3-2v-300ah-lithium-lifepo4-battery-cells","status":"publish","type":"product","link":"https:\/\/bybatt.com\/tr\/urun\/catl-prismatic-3-2v-300ah-lithium-lifepo4-battery-cells\/","title":{"rendered":"CATL Prizmatik 3.2V 300AH Lityum LiFePO4 Pil H\u00fccreleri"},"content":{"rendered":"","protected":false},"excerpt":{"rendered":"<p>CATL Prizmatik 3.2V 300AH Lityum LiFePO4 Pil H\u00fccreleri, karavanlar, RV&#039;ler, karavanlar veya Elektrikli Ara\u00e7 d\u00f6n\u00fc\u015f\u00fcmleri i\u00e7in g\u00fc\u00e7 bankalar\u0131 olu\u015fturmak \u00fczere tasarlanm\u0131\u015f y\u00fcksek kaliteli g\u00fcne\u015f pilleridir. Bu yepyeni h\u00fccreler, uzun \u00f6m\u00fcrl\u00fc ve g\u00fcvenilir olmalar\u0131 i\u00e7in geri d\u00f6n\u00fc\u015ft\u00fcr\u00fclm\u00fc\u015f malzemelerden yap\u0131lmam\u0131\u015ft\u0131r.<br \/>\nHer bir h\u00fccre 174g x 208y x 72d (mm) \u00f6l\u00e7\u00fclerinde ve 5,4 kg a\u011f\u0131rl\u0131\u011f\u0131ndad\u0131r. AGM veya kur\u015fun-asit ak\u00fclerin neredeyse yar\u0131s\u0131 a\u011f\u0131rl\u0131\u011f\u0131ndad\u0131rlar ve daha y\u00fcksek \u015farj d\u00f6ng\u00fcleri sunarak onlar\u0131 yenilenebilir enerji sistemleri i\u00e7in ideal bir se\u00e7im haline getirirler.<br \/>\nL\u00fctfen bunun tek bir 3,2 V h\u00fccre oldu\u011funu ve 12 V pil olu\u015fturmak i\u00e7in seri olarak d\u00f6rt h\u00fccre veya 24 V sistem i\u00e7in sekiz h\u00fccre ba\u011flaman\u0131z gerekece\u011fini unutmay\u0131n. G\u00fcvenlik ve uzun \u00f6m\u00fcr sa\u011flamak i\u00e7in, h\u00fccreleri seri ba\u011flarken s\u0131cakl\u0131k sens\u00f6rl\u00fc bir BMS (Batarya Y\u00f6netim Sistemi) kullan\u0131lmas\u0131 esast\u0131r.<br \/>\nUyumlu bir pil paketi sat\u0131n almakla ilgileniyorsan\u0131z, BMS&#039;li 12V, 24V, 36V ve 48V sistemlerini ayr\u0131 ayr\u0131 veya paket olarak sunuyoruz. Yenilenebilir enerji sisteminiz i\u00e7in g\u00fcvenilir ve verimli bir g\u00fc\u00e7 bankas\u0131 olu\u015fturmak \u00fczere ihtiya\u00e7lar\u0131n\u0131za en uygun paketi se\u00e7in.<\/p>","protected":false},"featured_media":370,"template":"","meta":{"_kad_post_transparent":"default","_kad_post_title":"","_kad_post_layout":"default","_kad_post_sidebar_id":"","_kad_post_content_style":"default","_kad_post_vertical_padding":"default","_kad_post_feature":"","_kad_post_feature_position":"","_kad_post_header":false,"_kad_post_footer":false},"product_cat":[24],"product_tag":[204,205,200,109,203,201,202],"class_list":["post-369","product","type-product","status-publish","has-post-thumbnail","hentry","product_cat-battery-cell","product_tag-catl-3-2v-300ah","product_tag-lifepo4-battery-cell","product_tag-lifepo4-battery-cells","product_tag-lifepo4-battery-pack","product_tag-lifepo4-cells","product_tag-lifepo4-prismatic-cells","product_tag-lithium-battery-cells","entry","content-bg","loop-entry"],"_links":{"self":[{"href":"https:\/\/bybatt.com\/tr\/wp-json\/wp\/v2\/product\/369","targetHints":{"allow":["GET"]}}],"collection":[{"href":"https:\/\/bybatt.com\/tr\/wp-json\/wp\/v2\/product"}],"about":[{"href":"https:\/\/bybatt.com\/tr\/wp-json\/wp\/v2\/types\/product"}],"wp:featuredmedia":[{"embeddable":true,"href":"https:\/\/bybatt.com\/tr\/wp-json\/wp\/v2\/media\/370"}],"wp:attachment":[{"href":"https:\/\/bybatt.com\/tr\/wp-json\/wp\/v2\/media?parent=369"}],"wp:term":[{"taxonomy":"product_cat","embeddable":true,"href":"https:\/\/bybatt.com\/tr\/wp-json\/wp\/v2\/product_cat?post=369"},{"taxonomy":"product_tag","embeddable":true,"href":"https:\/\/bybatt.com\/tr\/wp-json\/wp\/v2\/product_tag?post=369"}],"curies":[{"name":"wp","href":"https:\/\/api.w.org\/{rel}","templated":true}]}}