{"id":377,"date":"2023-02-18T15:00:20","date_gmt":"2023-02-18T15:00:20","guid":{"rendered":"https:\/\/bybatt.com\/?post_type=product&#038;p=377"},"modified":"2023-02-18T15:08:03","modified_gmt":"2023-02-18T15:08:03","slug":"exliporc-21700-3-7v-rechargeable-li-ion-batteries-cells","status":"publish","type":"product","link":"https:\/\/bybatt.com\/tr\/urun\/exliporc-21700-3-7v-rechargeable-li-ion-batteries-cells\/","title":{"rendered":"Exliporc 21700 3.7V \u015earj Edilebilir Li-ion Pil H\u00fccreleri"},"content":{"rendered":"","protected":false},"excerpt":{"rendered":"<p>Exliporc 21700 3,7 V \u015earj Edilebilir Lityum \u0130yon Pil H\u00fccreleri, \u00e7ok \u00e7e\u015fitli uygulamalar i\u00e7in g\u00fcvenilir g\u00fc\u00e7 sa\u011flamak \u00fczere tasarlanm\u0131\u015f y\u00fcksek kaliteli, \u015farj edilebilir lityum iyon pillerdir. 70g net a\u011f\u0131rl\u0131\u011f\u0131 ve 21*70mm boyutlar\u0131 ile bu piller kompaktt\u0131r ve ta\u015f\u0131mas\u0131 kolayd\u0131r.<br \/>\nPiller, cihazlar\u0131n\u0131z i\u00e7in uzun \u00f6m\u00fcrl\u00fc g\u00fc\u00e7 sa\u011flamalar\u0131na izin veren 5000 mAh gibi b\u00fcy\u00fck bir nominal kapasiteye sahiptir. Ayr\u0131ca 3,7 V&#039;luk bir nominal gerilime sahip olmalar\u0131, kararl\u0131 ve g\u00fcvenilir bir g\u00fc\u00e7 kayna\u011f\u0131 gerektiren \u00e7e\u015fitli elektronik cihazlar i\u00e7in uygun olmalar\u0131n\u0131 sa\u011flar.<br \/>\nBu pillerin en \u00f6nemli \u00f6zelliklerinden biri, 3C de\u015farj oran\u0131d\u0131r; bu, h\u0131zl\u0131 \u015farj ve verimli g\u00fc\u00e7 da\u011f\u0131t\u0131m\u0131 i\u00e7in y\u00fcksek ak\u0131m \u00e7\u0131k\u0131\u015f\u0131 sa\u011flayabilecekleri anlam\u0131na gelir. Bu, el fenerleri, kameralar ve di\u011fer elektronik cihazlar gibi \u00e7ok fazla g\u00fc\u00e7 gerektiren y\u00fcksek performansl\u0131 cihazlarda kullan\u0131m i\u00e7in idealdir.<br \/>\nBu piller, y\u00fcksek performanslar\u0131n\u0131n yan\u0131 s\u0131ra \u015farj edilebilir olmalar\u0131 ve tekrar tekrar kullan\u0131labilmeleri nedeniyle \u00e7evre dostudur. Kullan\u0131mlar\u0131 kolayd\u0131r ve standart bir Li-ion pil \u015farj cihaz\u0131 kullan\u0131larak \u015farj edilebilirler.<\/p>","protected":false},"featured_media":378,"template":"","meta":{"_kad_post_transparent":"default","_kad_post_title":"","_kad_post_layout":"default","_kad_post_sidebar_id":"","_kad_post_content_style":"default","_kad_post_vertical_padding":"default","_kad_post_feature":"","_kad_post_feature_position":"","_kad_post_header":false,"_kad_post_footer":false},"product_cat":[24],"product_tag":[207,211,209,210,208,206],"class_list":["post-377","product","type-product","status-publish","has-post-thumbnail","hentry","product_cat-battery-cell","product_tag-21700-batteries","product_tag-21700-battery-pack","product_tag-21700-li-ion-rechargeable-battery-pack","product_tag-21700-lithium-battery-cells","product_tag-li-ion-2170-cells","product_tag-rechargeable-li-ion-batteries-cells","entry","content-bg","loop-entry"],"_links":{"self":[{"href":"https:\/\/bybatt.com\/tr\/wp-json\/wp\/v2\/product\/377","targetHints":{"allow":["GET"]}}],"collection":[{"href":"https:\/\/bybatt.com\/tr\/wp-json\/wp\/v2\/product"}],"about":[{"href":"https:\/\/bybatt.com\/tr\/wp-json\/wp\/v2\/types\/product"}],"wp:featuredmedia":[{"embeddable":true,"href":"https:\/\/bybatt.com\/tr\/wp-json\/wp\/v2\/media\/378"}],"wp:attachment":[{"href":"https:\/\/bybatt.com\/tr\/wp-json\/wp\/v2\/media?parent=377"}],"wp:term":[{"taxonomy":"product_cat","embeddable":true,"href":"https:\/\/bybatt.com\/tr\/wp-json\/wp\/v2\/product_cat?post=377"},{"taxonomy":"product_tag","embeddable":true,"href":"https:\/\/bybatt.com\/tr\/wp-json\/wp\/v2\/product_tag?post=377"}],"curies":[{"name":"wp","href":"https:\/\/api.w.org\/{rel}","templated":true}]}}