{"id":384,"date":"2023-02-18T15:17:32","date_gmt":"2023-02-18T15:17:32","guid":{"rendered":"https:\/\/bybatt.com\/?post_type=product&#038;p=384"},"modified":"2023-02-18T15:23:38","modified_gmt":"2023-02-18T15:23:38","slug":"3-7v-rechargeable-authentic-tesla-lithium-ion-battery-cells","status":"publish","type":"product","link":"https:\/\/bybatt.com\/tr\/urun\/3-7v-rechargeable-authentic-tesla-lithium-ion-battery-cells\/","title":{"rendered":"3.7V \u015earj Edilebilir Otantik Tesla Lityum \u0130yon Pil H\u00fccreleri"},"content":{"rendered":"","protected":false},"excerpt":{"rendered":"<p>3,7 V \u015earj Edilebilir Orijinal Tesla Lityum \u0130yon Pil H\u00fccreleri, \u00e7e\u015fitli uygulamalarda kullan\u0131lmak \u00fczere tasarlanm\u0131\u015f y\u00fcksek kaliteli pillerdir. H\u00fccreler 100% yeni olup, hatas\u0131z olduklar\u0131n\u0131 ve g\u00fcvenilir performans sa\u011flayabileceklerini garanti eder.<br \/>\nBu h\u00fccreler 21700 boyutunda, 21 mm \u00e7ap\u0131nda ve 70 mm uzunlu\u011fundad\u0131r ve bu da onlar\u0131 \u00e7ok \u00e7e\u015fitli cihazlarda kullan\u0131ma uygun hale getirir. H\u00fccreler, 3,7 V ile 4,2 V aras\u0131nda bir voltaj aral\u0131\u011f\u0131na sahiptir ve bu da farkl\u0131 voltaj seviyeleri gerektiren \u00e7e\u015fitli cihazlarla uyumluluk sa\u011flar.<br \/>\nBu pillerin kapasitesi +\/- 5% toleransla 4400mAh&#039;dir. Bu y\u00fcksek kapasite, bu h\u00fccrelerin cihazlar\u0131n\u0131z i\u00e7in uzun s\u00fcreli g\u00fc\u00e7 sa\u011flamas\u0131n\u0131 sa\u011flayarak, onlar\u0131 g\u00fcvenilir bir g\u00fc\u00e7 kayna\u011f\u0131 gerektiren uygulamalar i\u00e7in ideal hale getirir.<br \/>\nBu Tesla Lityum \u0130yon Pil H\u00fccreleri \u015farj edilebilir, bu da onlar\u0131 uygun maliyetli ve \u00e7evre dostu bir se\u00e7im haline getirir. Ayr\u0131ca a\u015f\u0131r\u0131 \u015farj\u0131, a\u015f\u0131r\u0131 de\u015farj\u0131 ve k\u0131sa devreleri \u00f6nleyen yerle\u015fik koruma \u00f6zellikleriyle g\u00fcvenli ve g\u00fcvenilir olacak \u015fekilde tasarlanm\u0131\u015ft\u0131r.<\/p>","protected":false},"featured_media":385,"template":"","meta":{"_kad_post_transparent":"default","_kad_post_title":"","_kad_post_layout":"default","_kad_post_sidebar_id":"","_kad_post_content_style":"default","_kad_post_vertical_padding":"default","_kad_post_feature":"","_kad_post_feature_position":"","_kad_post_header":false,"_kad_post_footer":false},"product_cat":[24],"product_tag":[218,212,217,214,219,215,213,216],"class_list":["post-384","product","type-product","status-publish","has-post-thumbnail","hentry","product_cat-battery-cell","product_tag-3-63v-lithium-li-ion-batteries-cell","product_tag-authentic-tesla-battery-cells","product_tag-brand-new-icr-18650-26j","product_tag-lithium-ion-battery-cells","product_tag-phosphate-battery-cells","product_tag-rechargeable-battery-cells","product_tag-tesla-battery-cells","product_tag-tesla-lithium-ion-battery-cells","entry","content-bg","loop-entry"],"_links":{"self":[{"href":"https:\/\/bybatt.com\/tr\/wp-json\/wp\/v2\/product\/384","targetHints":{"allow":["GET"]}}],"collection":[{"href":"https:\/\/bybatt.com\/tr\/wp-json\/wp\/v2\/product"}],"about":[{"href":"https:\/\/bybatt.com\/tr\/wp-json\/wp\/v2\/types\/product"}],"wp:featuredmedia":[{"embeddable":true,"href":"https:\/\/bybatt.com\/tr\/wp-json\/wp\/v2\/media\/385"}],"wp:attachment":[{"href":"https:\/\/bybatt.com\/tr\/wp-json\/wp\/v2\/media?parent=384"}],"wp:term":[{"taxonomy":"product_cat","embeddable":true,"href":"https:\/\/bybatt.com\/tr\/wp-json\/wp\/v2\/product_cat?post=384"},{"taxonomy":"product_tag","embeddable":true,"href":"https:\/\/bybatt.com\/tr\/wp-json\/wp\/v2\/product_tag?post=384"}],"curies":[{"name":"wp","href":"https:\/\/api.w.org\/{rel}","templated":true}]}}