{"id":387,"date":"2023-02-18T15:28:18","date_gmt":"2023-02-18T15:28:18","guid":{"rendered":"https:\/\/bybatt.com\/?post_type=product&#038;p=387"},"modified":"2023-03-05T16:18:23","modified_gmt":"2023-03-05T16:18:23","slug":"3-2v-230ah-lifepo4-rechargeable-prismatic-battery-cells","status":"publish","type":"product","link":"https:\/\/bybatt.com\/tr\/urun\/3-2v-230ah-lifepo4-rechargeable-prismatic-battery-cells\/","title":{"rendered":"3.2V 230AH LiFePO4 \u015earj Edilebilir Prizmatik Pil H\u00fccreleri"},"content":{"rendered":"","protected":false},"excerpt":{"rendered":"<div class=\"A3dMNc\" data-initial-text=\"\">3,2V 230AH LiFePO4 \u015farj edilebilir prizmatik pil h\u00fccreleri, \u00e7e\u015fitli avantajlar sunan y\u00fcksek kaliteli bir enerji depolama \u00e7\u00f6z\u00fcm\u00fcd\u00fcr. Pillerde kullan\u0131lan her h\u00fccre 100% yenidir ve tutarl\u0131 performans ve g\u00fcvenilirlik sa\u011flar. Bu piller ayr\u0131ca \u00e7evre dostudur ve y\u00fcksek bir enerji yo\u011funlu\u011funa sahiptir, bu da kompakt ve hafif bir pakette uzun \u00f6m\u00fcrl\u00fc g\u00fc\u00e7 sa\u011flayabilecekleri anlam\u0131na gelir. Bu pillerin en \u00f6nemli avantajlar\u0131ndan biri, \u015farjlar\u0131n\u0131 daha uzun s\u00fcre muhafaza etmelerini sa\u011flayan d\u00fc\u015f\u00fck kendi kendine de\u015farj oranlar\u0131d\u0131r. Ayr\u0131ca d\u00fc\u015f\u00fck i\u00e7 dirence sahiptirler, bu da g\u00fcc\u00fc h\u0131zl\u0131 ve verimli bir \u015fekilde iletebilecekleri anlam\u0131na gelir. Ayr\u0131ca piller uzun bir \u00e7evrim \u00f6mr\u00fcne sahiptir ve herhangi bir haf\u0131za etkisi ya\u015famadan 1000 defaya kadar \u015farj edilebilir. Bu piller ayr\u0131ca k\u0131sa devre ve y\u00fcksek s\u0131cakl\u0131k korumas\u0131 gibi yerle\u015fik g\u00fcvenlik \u00f6zellikleriyle birlikte gelir ve bu da pillerin \u00e7e\u015fitli ortamlarda g\u00fcvenli bir \u015fekilde kullan\u0131lmas\u0131n\u0131 sa\u011flar. Di\u011fer pil teknolojilerinden daha h\u0131zl\u0131 \u015farj olma s\u00fcrelerine sahiptirler, bu da onlar\u0131 h\u0131zl\u0131 \u015farj s\u00fcreleri gerektiren uygulamalar i\u00e7in ideal bir se\u00e7im haline getirir. Piller ayr\u0131ca 100% kullan\u0131labilir kapasiteye sahiptir, bu da kullan\u0131c\u0131lar\u0131n enerji ihtiya\u00e7lar\u0131 i\u00e7in pilin tam kapasitesine g\u00fcvenebilecekleri anlam\u0131na gelir. Ek olarak, piller, a\u015f\u0131r\u0131 \u015farj veya a\u015f\u0131r\u0131 de\u015farj gibi sorunlar\u0131 \u00f6nlemeye yard\u0131mc\u0131 olan dahili bir g\u00fcvenlik koruma BMS&#039;sine sahiptir.<\/div>","protected":false},"featured_media":388,"template":"","meta":{"_kad_post_transparent":"default","_kad_post_title":"","_kad_post_layout":"default","_kad_post_sidebar_id":"","_kad_post_content_style":"default","_kad_post_vertical_padding":"default","_kad_post_feature":"","_kad_post_feature_position":"","_kad_post_header":false,"_kad_post_footer":false},"product_cat":[24],"product_tag":[221,200,203,222,202,223,220,215,224],"class_list":["post-387","product","type-product","status-publish","has-post-thumbnail","hentry","product_cat-battery-cell","product_tag-deep-cycle-3-2v-230ah-lfp","product_tag-lifepo4-battery-cells","product_tag-lifepo4-cells","product_tag-lifepo4-inverter-lithium-iron","product_tag-lithium-battery-cells","product_tag-phosphate-battery-cells-200ah","product_tag-prismatic-battery-cells","product_tag-rechargeable-battery-cells","product_tag-rechargeable-power-wall-ebike-batteries","entry","content-bg","loop-entry"],"_links":{"self":[{"href":"https:\/\/bybatt.com\/tr\/wp-json\/wp\/v2\/product\/387","targetHints":{"allow":["GET"]}}],"collection":[{"href":"https:\/\/bybatt.com\/tr\/wp-json\/wp\/v2\/product"}],"about":[{"href":"https:\/\/bybatt.com\/tr\/wp-json\/wp\/v2\/types\/product"}],"wp:featuredmedia":[{"embeddable":true,"href":"https:\/\/bybatt.com\/tr\/wp-json\/wp\/v2\/media\/388"}],"wp:attachment":[{"href":"https:\/\/bybatt.com\/tr\/wp-json\/wp\/v2\/media?parent=387"}],"wp:term":[{"taxonomy":"product_cat","embeddable":true,"href":"https:\/\/bybatt.com\/tr\/wp-json\/wp\/v2\/product_cat?post=387"},{"taxonomy":"product_tag","embeddable":true,"href":"https:\/\/bybatt.com\/tr\/wp-json\/wp\/v2\/product_tag?post=387"}],"curies":[{"name":"wp","href":"https:\/\/api.w.org\/{rel}","templated":true}]}}