{"id":393,"date":"2023-02-18T15:39:42","date_gmt":"2023-02-18T15:39:42","guid":{"rendered":"https:\/\/bybatt.com\/?post_type=product&#038;p=393"},"modified":"2023-02-19T08:22:15","modified_gmt":"2023-02-19T08:22:15","slug":"36v-48v-52v-electric-bike-lithium-battery-with-charger","status":"publish","type":"product","link":"https:\/\/bybatt.com\/tr\/urun\/36v-48v-52v-electric-bike-lithium-battery-with-charger\/","title":{"rendered":"\u015earj Cihaz\u0131 ile 36V 48V 52V Elektrikli Bisiklet Lityum Pil"},"content":{"rendered":"","protected":false},"excerpt":{"rendered":"<div class=\"A3dMNc\" data-initial-text=\"\">36V 48V 52V Elektrikli Bisiklet Lityum Pili ve \u015earj Cihaz\u0131, elektrikli bisikletlere g\u00fc\u00e7 sa\u011flamak i\u00e7in tasarlanm\u0131\u015f y\u00fcksek kaliteli bir pildir. Pil, 100% yeni Li(NiCoMn)O2 18650 h\u00fccreleri kullan\u0131r ve 10-20ah nominal kapasite se\u00e7enekleriyle 36V ve 48V nominal voltaj se\u00e7eneklerinde mevcuttur. D\u0131\u015f kasa, sa\u011flam ve dayan\u0131kl\u0131 hale getiren al\u00fcminyumdan yap\u0131lm\u0131\u015ft\u0131r.<br \/>\nPilin boyutu 257150147 mm ve a\u011f\u0131rl\u0131\u011f\u0131 yakla\u015f\u0131k 3,5 KG\/4,5 Kg&#039;d\u0131r. Bataryay\u0131 0,2C sabit ak\u0131m ve 42V sabit voltaj kullanarak \u015farj eden standart bir \u015farj cihaz\u0131 ile birlikte gelir. H\u0131zl\u0131 \u015farj se\u00e7ene\u011fi, 0,5CA sabit ak\u0131m kullan\u0131r.<br \/>\nPilin standart de\u015farj oran\u0131, 36,4 V u\u00e7 voltaj\u0131yla 0,2 C sabit ak\u0131md\u0131r. Ak\u00fcn\u00fcn 20A s\u00fcrekli de\u015farj ak\u0131m\u0131 ve 60A tepe de\u015farj ak\u0131m\u0131 vard\u0131r, bu da onu gerekti\u011finde y\u00fcksek g\u00fc\u00e7 sa\u011flayabilir.<br \/>\nPilin DOD80% ile 500 kez \u00e7evrim \u00f6mr\u00fc vard\u0131r, bu da orijinal kapasitesinin 80%&#039;sini korurken 500 defaya kadar \u015farj edilip bo\u015falt\u0131labilece\u011fi anlam\u0131na gelir. Pil ayr\u0131ca A\u015f\u0131r\u0131 Ak\u0131m Korumas\u0131, A\u015f\u0131r\u0131 De\u015farj Korumas\u0131, A\u015f\u0131r\u0131 \u015earj Korumas\u0131, K\u0131sa Devre Korumas\u0131 ve Denge i\u00e7eren bir BMS i\u015flevine sahiptir. Bu, pilin hasara kar\u015f\u0131 korunmas\u0131n\u0131 sa\u011flar ve \u00f6mr\u00fcn\u00fc uzat\u0131r.<br \/>\nBatarya -10-40\u2103 s\u0131cakl\u0131k aral\u0131\u011f\u0131nda, 45-75% ba\u011f\u0131l nem aral\u0131\u011f\u0131nda ve 86-106KPa bas\u0131n\u00e7 aral\u0131\u011f\u0131nda saklanabilir. Bu, onu \u00e7e\u015fitli ortamlarda kullan\u0131ma uygun hale getirir. Genel olarak, bu pil, elektrikli bisikletlere g\u00fc\u00e7 sa\u011flamak i\u00e7in g\u00fcvenilir ve y\u00fcksek performansl\u0131 bir se\u00e7enektir.<\/div>","protected":false},"featured_media":394,"template":"","meta":{"_kad_post_transparent":"default","_kad_post_title":"","_kad_post_layout":"default","_kad_post_sidebar_id":"","_kad_post_content_style":"default","_kad_post_vertical_padding":"default","_kad_post_feature":"","_kad_post_feature_position":"","_kad_post_header":false,"_kad_post_footer":false},"product_cat":[19,22],"product_tag":[226,232,231,234,230,229,41,227,40,225,233,228],"class_list":["post-393","product","type-product","status-publish","has-post-thumbnail","hentry","product_cat-custom-ebike-battery","product_cat-rear-ebike-battery","product_tag-36v-10ah-lithium-battery","product_tag-36v-lithium-battery-for-electric-bikes","product_tag-48v-lithium-ion-battery-for-electric-bike","product_tag-e-bike-battery","product_tag-ebike-lithium-battery","product_tag-electric-bicycle-batteries","product_tag-electric-bicycle-battery","product_tag-electric-bike-14ah-24v-electric-bicycle-battery","product_tag-electric-bike-lithium-battery","product_tag-kangaroo-ebike-battery","product_tag-lithium-battery-for-motorcycle","product_tag-lithium-bicycle-battery","entry","content-bg","loop-entry"],"_links":{"self":[{"href":"https:\/\/bybatt.com\/tr\/wp-json\/wp\/v2\/product\/393","targetHints":{"allow":["GET"]}}],"collection":[{"href":"https:\/\/bybatt.com\/tr\/wp-json\/wp\/v2\/product"}],"about":[{"href":"https:\/\/bybatt.com\/tr\/wp-json\/wp\/v2\/types\/product"}],"wp:featuredmedia":[{"embeddable":true,"href":"https:\/\/bybatt.com\/tr\/wp-json\/wp\/v2\/media\/394"}],"wp:attachment":[{"href":"https:\/\/bybatt.com\/tr\/wp-json\/wp\/v2\/media?parent=393"}],"wp:term":[{"taxonomy":"product_cat","embeddable":true,"href":"https:\/\/bybatt.com\/tr\/wp-json\/wp\/v2\/product_cat?post=393"},{"taxonomy":"product_tag","embeddable":true,"href":"https:\/\/bybatt.com\/tr\/wp-json\/wp\/v2\/product_tag?post=393"}],"curies":[{"name":"wp","href":"https:\/\/api.w.org\/{rel}","templated":true}]}}