{"id":400,"date":"2023-02-18T15:48:32","date_gmt":"2023-02-18T15:48:32","guid":{"rendered":"https:\/\/bybatt.com\/?post_type=product&#038;p=400"},"modified":"2023-02-19T08:21:52","modified_gmt":"2023-02-19T08:21:52","slug":"electric-bicycle-rear-rack-battery-pack-with-taillight","status":"publish","type":"product","link":"https:\/\/bybatt.com\/tr\/urun\/electric-bicycle-rear-rack-battery-pack-with-taillight\/","title":{"rendered":"Arka Lambal\u0131 Elektrikli Bisiklet Arka Raf Pil Paketi"},"content":{"rendered":"","protected":false},"excerpt":{"rendered":"<p>Arka Lambal\u0131 Elektrikli Bisiklet Arka Raf Pil Paketi, bir elektrikli bisikletin arka raf\u0131na monte edilmek \u00fczere tasarlanm\u0131\u015f, \u015farj edilebilir bir lityum-iyon pil paketidir. Pil tak\u0131m\u0131, gece s\u00fcr\u00fc\u015fleri s\u0131ras\u0131nda ek g\u00fcvenlik i\u00e7in yerle\u015fik bir arka lamba ile birlikte gelir.<br \/>\nPil tak\u0131m\u0131 100% yeni Li(NiCoMn)O2 18650 h\u00fccreleri kullan\u0131r ve iki voltaj se\u00e7ene\u011fi mevcuttur: 36v ve 48v. Pil tak\u0131m\u0131n\u0131n nominal kapasitesi 10-20ah aral\u0131\u011f\u0131ndad\u0131r. D\u0131\u015f kasa, dayan\u0131kl\u0131l\u0131k ve darbelere ve d\u0131\u015f etkenlere kar\u015f\u0131 koruma sa\u011flayan al\u00fcminyumdan yap\u0131lm\u0131\u015ft\u0131r. Pil tak\u0131m\u0131n\u0131n boyutlar\u0131 257*150*147 mm&#039;dir ve a\u011f\u0131rl\u0131\u011f\u0131 yakla\u015f\u0131k 3,5 KG\/4,5 Kg&#039;d\u0131r.<br \/>\nPil tak\u0131m\u0131, standart veya h\u0131zl\u0131 \u015farj etme y\u00f6ntemi kullan\u0131larak \u015farj edilebilir. Standart \u015farj, 0,2C sabit ak\u0131m ve 100mA kesme ile 42V sabit voltaj i\u00e7erir. H\u0131zl\u0131 \u015farj, 0,5CA sabit ak\u0131m ve 100mA kesme ile 42V sabit voltaj i\u00e7erir.<br \/>\nPil tak\u0131m\u0131n\u0131n s\u00fcrekli 20A de\u015farj ak\u0131m\u0131 ve 60A tepe de\u015farj ak\u0131m\u0131 vard\u0131r, bu da bisikletin elektrik motoruna y\u00fcksek d\u00fczeyde g\u00fc\u00e7 sa\u011flayabilece\u011fi anlam\u0131na gelir. Pil tak\u0131m\u0131n\u0131n DOD80% ile 500 kez \u00e7evrim \u00f6mr\u00fc vard\u0131r, bu da \u00f6nemli \u00f6l\u00e7\u00fcde bozulmaya ba\u015flamadan \u00f6nce 500 defaya kadar yeniden \u015farj edilip bo\u015falt\u0131labilece\u011fi anlam\u0131na gelir.<br \/>\nPil tak\u0131m\u0131, a\u015f\u0131r\u0131 ak\u0131m, a\u015f\u0131r\u0131 de\u015farj, a\u015f\u0131r\u0131 \u015farj ve k\u0131sa devreye kar\u015f\u0131 koruma sa\u011flayan bir BMS (pil y\u00f6netim sistemi) ile donat\u0131lm\u0131\u015ft\u0131r. BMS ayr\u0131ca, hepsinin e\u015fit \u015fekilde \u015farj edilmesini ve bo\u015falmas\u0131n\u0131 sa\u011flamak i\u00e7in pil tak\u0131m\u0131ndaki tek tek h\u00fccrelerin dengelenmesine yard\u0131mc\u0131 olur.<br \/>\nPil paketi -10-40\u2103 s\u0131cakl\u0131k aral\u0131\u011f\u0131nda, 45-75% ba\u011f\u0131l nem ve 86-106KPa bas\u0131n\u00e7 aral\u0131\u011f\u0131nda saklanabilir. Genel olarak, Arka Lambal\u0131 Elektrikli Bisiklet Arka Raf Pil Paketi, elektrikli bisikletler i\u00e7in rahatl\u0131k, g\u00fcvenlik ve y\u00fcksek performans sa\u011flayan y\u00fcksek kaliteli ve g\u00fcvenilir bir g\u00fc\u00e7 kayna\u011f\u0131d\u0131r.<\/p>","protected":false},"featured_media":401,"template":"","meta":{"_kad_post_transparent":"default","_kad_post_title":"","_kad_post_layout":"default","_kad_post_sidebar_id":"","_kad_post_content_style":"default","_kad_post_vertical_padding":"default","_kad_post_feature":"","_kad_post_feature_position":"","_kad_post_header":false,"_kad_post_footer":false},"product_cat":[19,22],"product_tag":[240,241,237,238,239,235,236],"class_list":["post-400","product","type-product","status-publish","has-post-thumbnail","hentry","product_cat-custom-ebike-battery","product_cat-rear-ebike-battery","product_tag-akku-48v-36v-20ah-ebike-battery","product_tag-battery-jceb360-13","product_tag-ebike-rear-rack-battery","product_tag-electric-bike-battery-with-rear-rack","product_tag-rear-rack-25-ah-lithium-ion-battery-pack","product_tag-rear-rack-battery","product_tag-rear-rack-ebike-battery","entry","content-bg","loop-entry"],"_links":{"self":[{"href":"https:\/\/bybatt.com\/tr\/wp-json\/wp\/v2\/product\/400","targetHints":{"allow":["GET"]}}],"collection":[{"href":"https:\/\/bybatt.com\/tr\/wp-json\/wp\/v2\/product"}],"about":[{"href":"https:\/\/bybatt.com\/tr\/wp-json\/wp\/v2\/types\/product"}],"wp:featuredmedia":[{"embeddable":true,"href":"https:\/\/bybatt.com\/tr\/wp-json\/wp\/v2\/media\/401"}],"wp:attachment":[{"href":"https:\/\/bybatt.com\/tr\/wp-json\/wp\/v2\/media?parent=400"}],"wp:term":[{"taxonomy":"product_cat","embeddable":true,"href":"https:\/\/bybatt.com\/tr\/wp-json\/wp\/v2\/product_cat?post=400"},{"taxonomy":"product_tag","embeddable":true,"href":"https:\/\/bybatt.com\/tr\/wp-json\/wp\/v2\/product_tag?post=400"}],"curies":[{"name":"wp","href":"https:\/\/api.w.org\/{rel}","templated":true}]}}