{"id":407,"date":"2023-02-19T03:55:38","date_gmt":"2023-02-19T03:55:38","guid":{"rendered":"https:\/\/bybatt.com\/?post_type=product&#038;p=407"},"modified":"2023-02-19T08:21:27","modified_gmt":"2023-02-19T08:21:27","slug":"wholesale-24v-36v-48v-e-bike-rear-rack-lithium-ion-battery","status":"publish","type":"product","link":"https:\/\/bybatt.com\/tr\/urun\/wholesale-24v-36v-48v-e-bike-rear-rack-lithium-ion-battery\/","title":{"rendered":"Toptan Sat\u0131\u015f 24V 36V 48V E-Bike Arka Raf Lityum \u0130yon Pil"},"content":{"rendered":"","protected":false},"excerpt":{"rendered":"<p>Toptan 24V 36V 48V E-Bike Arka Raf Lityum \u0130yon Pil, elektrikli bisikletler i\u00e7in tasarlanm\u0131\u015f y\u00fcksek kaliteli bir pildir. Bu pil, Li(NiCoMn)O2 18650 kimyas\u0131na sahip 100% yeni h\u00fccreler kullan\u0131r. 36V veya 48V nominal gerilime ve 10-20ah nominal kapasiteye sahiptir. D\u0131\u015f kasa, sa\u011flam ve dayan\u0131kl\u0131 hale getiren al\u00fcminyumdan yap\u0131lm\u0131\u015ft\u0131r. Pilin boyutlar\u0131 257*150*147 mm&#039;dir ve a\u011f\u0131rl\u0131\u011f\u0131 yakla\u015f\u0131k 3,5 KG\/4,5 Kg&#039;d\u0131r.<br \/>\nPil, sabit ak\u0131m 0,2C standart \u015farj, sabit voltaj 42V 100mA kesme veya h\u0131zl\u0131 \u015farj sabit ak\u0131m 0,5CA, sabit voltaj 42V 100mA kesme kullan\u0131larak \u015farj edilebilir. Sabit ak\u0131m 0,2C\/u\u00e7 voltaj\u0131 36,4V standart bir de\u015farj kullan\u0131larak de\u015farj edilebilir. Ak\u00fcn\u00fcn 20A s\u00fcrekli de\u015farj ak\u0131m\u0131 ve 60A tepe de\u015farj ak\u0131m\u0131 vard\u0131r.<br \/>\nBu pilin DOD80% ile 500 kez \u00e7evrim \u00f6mr\u00fc vard\u0131r ve a\u015f\u0131r\u0131 ak\u0131m korumas\u0131, a\u015f\u0131r\u0131 de\u015farj korumas\u0131, a\u015f\u0131r\u0131 \u015farj korumas\u0131, k\u0131sa devre korumas\u0131 ve denge fonksiyonlar\u0131na sahip bir BMS (Pil Y\u00f6netim Sistemi) i\u00e7erir. Batarya -10-40\u2103 s\u0131cakl\u0131k aral\u0131\u011f\u0131nda, 45-75% ba\u011f\u0131l nem ve 86-106KPa bas\u0131n\u00e7ta saklanabilir. Bu pil, elektrikli bisikletleri i\u00e7in g\u00fcvenilir ve uzun \u00f6m\u00fcrl\u00fc bir g\u00fc\u00e7 kayna\u011f\u0131 isteyen e-bisiklet tutkunlar\u0131 i\u00e7in idealdir.<\/p>","protected":false},"featured_media":408,"template":"","meta":{"_kad_post_transparent":"default","_kad_post_title":"","_kad_post_layout":"default","_kad_post_sidebar_id":"","_kad_post_content_style":"default","_kad_post_vertical_padding":"default","_kad_post_feature":"","_kad_post_feature_position":"","_kad_post_header":false,"_kad_post_footer":false},"product_cat":[19,22],"product_tag":[246,248,247,249,244,238,245,235,236,243,242],"class_list":["post-407","product","type-product","status-publish","has-post-thumbnail","hentry","product_cat-custom-ebike-battery","product_cat-rear-ebike-battery","product_tag-24v-battery-rack-mount","product_tag-24v-rear-rack-battery","product_tag-36v-rear-rack-battery","product_tag-48v-rear-rack-battery","product_tag-48volt-li-ion-e-bike-akku-ebike-rear-rack","product_tag-electric-bike-battery-with-rear-rack","product_tag-kangaroo-battery","product_tag-rear-rack-battery","product_tag-rear-rack-ebike-battery","product_tag-rear-rack-ebike-lithium-ion-battery","product_tag-rear-rack-lithium-ion-battery","entry","content-bg","loop-entry"],"_links":{"self":[{"href":"https:\/\/bybatt.com\/tr\/wp-json\/wp\/v2\/product\/407","targetHints":{"allow":["GET"]}}],"collection":[{"href":"https:\/\/bybatt.com\/tr\/wp-json\/wp\/v2\/product"}],"about":[{"href":"https:\/\/bybatt.com\/tr\/wp-json\/wp\/v2\/types\/product"}],"wp:featuredmedia":[{"embeddable":true,"href":"https:\/\/bybatt.com\/tr\/wp-json\/wp\/v2\/media\/408"}],"wp:attachment":[{"href":"https:\/\/bybatt.com\/tr\/wp-json\/wp\/v2\/media?parent=407"}],"wp:term":[{"taxonomy":"product_cat","embeddable":true,"href":"https:\/\/bybatt.com\/tr\/wp-json\/wp\/v2\/product_cat?post=407"},{"taxonomy":"product_tag","embeddable":true,"href":"https:\/\/bybatt.com\/tr\/wp-json\/wp\/v2\/product_tag?post=407"}],"curies":[{"name":"wp","href":"https:\/\/api.w.org\/{rel}","templated":true}]}}