{"id":415,"date":"2023-02-19T07:37:27","date_gmt":"2023-02-19T07:37:27","guid":{"rendered":"https:\/\/bybatt.com\/?post_type=product&#038;p=415"},"modified":"2023-02-19T08:21:03","modified_gmt":"2023-02-19T08:21:03","slug":"100-new-cell-li-ion-e-bike-battery-mounted-on-rear-rack","status":"publish","type":"product","link":"https:\/\/bybatt.com\/tr\/urun\/100-new-cell-li-ion-e-bike-battery-mounted-on-rear-rack\/","title":{"rendered":"100% Arka Rafa Monte Yeni H\u00fccreli Li-ion E-Bike Pili"},"content":{"rendered":"","protected":false},"excerpt":{"rendered":"<p>Arka Rafa Monte Edilen 100% Yeni H\u00fccreli Li-ion E-Bike Pili, elektrikli bisikletler i\u00e7in tasarlanm\u0131\u015f y\u00fcksek kaliteli, g\u00fcvenilir bir pildir. Batarya, Li(NiCoMn)O2 18650 kimyas\u0131na sahip 100% yeni h\u00fccreler kullan\u0131larak yap\u0131lm\u0131\u015ft\u0131r. 36v ve 48v olmak \u00fczere iki farkl\u0131 nominal voltajda mevcuttur ve 10-20ah nominal kapasiteye sahiptir.<br \/>\nPilin d\u0131\u015f kasas\u0131 dayan\u0131kl\u0131 al\u00fcminyumdan yap\u0131lm\u0131\u015ft\u0131r ve boyutlar\u0131 257*150*147 mm&#039;dir. Pil, 100mA kesme ile 0,2C sabit ak\u0131m ve 42V sabit voltaj i\u00e7eren standart bir \u015farj y\u00f6ntemi kullan\u0131larak \u015farj edilebilir. Alternatif olarak, 0,5CA sabit ak\u0131m, 42V sabit voltaj ve 100mA kesme i\u00e7eren bir h\u0131zl\u0131 \u015farj y\u00f6ntemi kullan\u0131labilir.<br \/>\nKullan\u0131m s\u0131ras\u0131nda pil, u\u00e7 voltaj\u0131 36,4 V&#039;a ula\u015fana kadar 0,2 C&#039;lik sabit bir ak\u0131m kullan\u0131larak bo\u015falt\u0131labilir. Batarya yakla\u015f\u0131k 3,5 KG\/4,5 Kg a\u011f\u0131rl\u0131\u011f\u0131ndad\u0131r ve 20 A s\u00fcrekli de\u015farj ak\u0131m\u0131na ve 60 A tepe de\u015farj ak\u0131m\u0131na sahiptir. Pilin DOD80% ile 500 kez \u00e7evrim \u00f6mr\u00fc vard\u0131r.<br \/>\nBatarya, a\u015f\u0131r\u0131 ak\u0131m, a\u015f\u0131r\u0131 de\u015farj, a\u015f\u0131r\u0131 \u015farj ve k\u0131sa devre olaylar\u0131na kar\u015f\u0131 koruma sa\u011flayan bir BMS (Battery Management System) ile donat\u0131lm\u0131\u015ft\u0131r. Ayr\u0131ca, pildeki t\u00fcm h\u00fccrelerin e\u015fit \u015fekilde \u015farj edilmesini ve bo\u015falmas\u0131n\u0131 sa\u011flamak i\u00e7in bir denge i\u015flevine sahiptir.<br \/>\nPilin saklama s\u0131cakl\u0131\u011f\u0131 aral\u0131\u011f\u0131 -10-40\u2103, ba\u011f\u0131l nem aral\u0131\u011f\u0131 45-75% ve bas\u0131n\u00e7 aral\u0131\u011f\u0131 86-106KPa&#039;d\u0131r. Bu pil, mevcut e-bisiklet pilini y\u00fckseltmek veya de\u011fi\u015ftirmek isteyen herkes i\u00e7in harika bir se\u00e7imdir.<\/p>","protected":false},"featured_media":416,"template":"","meta":{"_kad_post_transparent":"default","_kad_post_title":"","_kad_post_layout":"default","_kad_post_sidebar_id":"","_kad_post_content_style":"default","_kad_post_vertical_padding":"default","_kad_post_feature":"","_kad_post_feature_position":"","_kad_post_header":false,"_kad_post_footer":false},"product_cat":[19,22],"product_tag":[248,247,252,253,249,245,250,254,251],"class_list":["post-415","product","type-product","status-publish","has-post-thumbnail","hentry","product_cat-custom-ebike-battery","product_cat-rear-ebike-battery","product_tag-24v-rear-rack-battery","product_tag-36v-rear-rack-battery","product_tag-48-volt-rear-rack-electric-bicycle-battery","product_tag-48v-10ah-ebike-battery-with-carrier","product_tag-48v-rear-rack-battery","product_tag-kangaroo-battery","product_tag-li-ion-e-bike-battery","product_tag-rack-ebike-rear-rack","product_tag-rechargeable-lithium-ion","entry","content-bg","loop-entry"],"_links":{"self":[{"href":"https:\/\/bybatt.com\/tr\/wp-json\/wp\/v2\/product\/415","targetHints":{"allow":["GET"]}}],"collection":[{"href":"https:\/\/bybatt.com\/tr\/wp-json\/wp\/v2\/product"}],"about":[{"href":"https:\/\/bybatt.com\/tr\/wp-json\/wp\/v2\/types\/product"}],"wp:featuredmedia":[{"embeddable":true,"href":"https:\/\/bybatt.com\/tr\/wp-json\/wp\/v2\/media\/416"}],"wp:attachment":[{"href":"https:\/\/bybatt.com\/tr\/wp-json\/wp\/v2\/media?parent=415"}],"wp:term":[{"taxonomy":"product_cat","embeddable":true,"href":"https:\/\/bybatt.com\/tr\/wp-json\/wp\/v2\/product_cat?post=415"},{"taxonomy":"product_tag","embeddable":true,"href":"https:\/\/bybatt.com\/tr\/wp-json\/wp\/v2\/product_tag?post=415"}],"curies":[{"name":"wp","href":"https:\/\/api.w.org\/{rel}","templated":true}]}}