{"id":422,"date":"2023-02-19T08:03:36","date_gmt":"2023-02-19T08:03:36","guid":{"rendered":"https:\/\/bybatt.com\/?post_type=product&#038;p=422"},"modified":"2023-02-19T08:20:43","modified_gmt":"2023-02-19T08:20:43","slug":"electric-bike-tricycle-lithium-battery-pack-rear-rack-type","status":"publish","type":"product","link":"https:\/\/bybatt.com\/tr\/urun\/electric-bike-tricycle-lithium-battery-pack-rear-rack-type\/","title":{"rendered":"Elektrikli Bisiklet \u00dc\u00e7 Tekerlekli Bisiklet Lityum Pil Paketi Arka Raf Tipi"},"content":{"rendered":"","protected":false},"excerpt":{"rendered":"<p>bir bisikletin veya \u00fc\u00e7 tekerlekli bisikletin arka raf\u0131na monte edilmi\u015ftir. Pil 100% yeni h\u00fccreler kullan\u0131r ve Li(NiCoMn)O2 18650 kimyas\u0131na sahiptir. \u0130ki nominal voltaj se\u00e7ene\u011fiyle gelir: 36v ve 48v, nominal kapasitesi 10-20ah. Pilin d\u0131\u015f kasas\u0131 al\u00fcminyumdan yap\u0131lm\u0131\u015ft\u0131r ve boyutlar\u0131 257*150*147 mm&#039;dir.<br \/>\nBatarya, 100mA kesme ile 0,2C sabit ak\u0131m ve 42V sabit voltaj standart \u015farj\u0131 veya 100mA kesme ile 0,5CA sabit ak\u0131m, 42V sabit voltaj ile h\u0131zl\u0131 \u015farj kullan\u0131larak \u015farj edilebilir. Standart de\u015farj oran\u0131, 36.4V u\u00e7 voltaj\u0131 ile sabit ak\u0131m 0.2C&#039;dir. Batarya yakla\u015f\u0131k 3,5 KG\/4,5 Kg a\u011f\u0131rl\u0131\u011f\u0131ndad\u0131r ve 20 A s\u00fcrekli de\u015farj ak\u0131m\u0131na ve 60 A tepe de\u015farj ak\u0131m\u0131na sahiptir.<br \/>\nPil, DOD80% ile 500 kez \u00e7evrim \u00f6mr\u00fcne sahiptir ve a\u015f\u0131r\u0131 ak\u0131m korumas\u0131, a\u015f\u0131r\u0131 de\u015farj korumas\u0131, a\u015f\u0131r\u0131 \u015farj korumas\u0131, k\u0131sa devre korumas\u0131 ve denge sa\u011flamak i\u00e7in BMS (pil y\u00f6netim sistemi) i\u015flevselli\u011fini i\u00e7erir. Batarya -10-40\u2103 s\u0131cakl\u0131k aral\u0131\u011f\u0131nda, 45-75% ba\u011f\u0131l nem ve 86-106KPa bas\u0131n\u00e7ta saklanabilir.<br \/>\nGenel olarak, bu pil paketi, montaj\u0131 ve kullan\u0131m\u0131 kolay, g\u00fcvenilir bir g\u00fc\u00e7 kayna\u011f\u0131na ihtiya\u00e7 duyan elektrikli bisiklet veya \u00fc\u00e7 tekerlekli bisiklet s\u00fcr\u00fcc\u00fcleri i\u00e7in tasarlanm\u0131\u015ft\u0131r. Y\u00fcksek seviyede performans ve g\u00fcvenlik sa\u011flayarak elektrikli bisiklet veya \u00fc\u00e7 tekerlekli bisiklet tutkunlar\u0131 i\u00e7in m\u00fckemmel bir se\u00e7imdir.<\/p>","protected":false},"featured_media":424,"template":"","meta":{"_kad_post_transparent":"default","_kad_post_title":"","_kad_post_layout":"default","_kad_post_sidebar_id":"","_kad_post_content_style":"default","_kad_post_vertical_padding":"default","_kad_post_feature":"","_kad_post_feature_position":"","_kad_post_header":false,"_kad_post_footer":false},"product_cat":[19,22],"product_tag":[258,248,247,256,249,236,257,255],"class_list":["post-422","product","type-product","status-publish","has-post-thumbnail","hentry","product_cat-custom-ebike-battery","product_cat-rear-ebike-battery","product_tag-18650-lithium-ion-battery-pack","product_tag-24v-rear-rack-battery","product_tag-36v-rear-rack-battery","product_tag-48v-32ah-lithium-battery","product_tag-48v-rear-rack-battery","product_tag-rear-rack-ebike-battery","product_tag-recharge-storage-battery","product_tag-tricycle-lithium-battery-pack","entry","content-bg","loop-entry"],"_links":{"self":[{"href":"https:\/\/bybatt.com\/tr\/wp-json\/wp\/v2\/product\/422","targetHints":{"allow":["GET"]}}],"collection":[{"href":"https:\/\/bybatt.com\/tr\/wp-json\/wp\/v2\/product"}],"about":[{"href":"https:\/\/bybatt.com\/tr\/wp-json\/wp\/v2\/types\/product"}],"wp:featuredmedia":[{"embeddable":true,"href":"https:\/\/bybatt.com\/tr\/wp-json\/wp\/v2\/media\/424"}],"wp:attachment":[{"href":"https:\/\/bybatt.com\/tr\/wp-json\/wp\/v2\/media?parent=422"}],"wp:term":[{"taxonomy":"product_cat","embeddable":true,"href":"https:\/\/bybatt.com\/tr\/wp-json\/wp\/v2\/product_cat?post=422"},{"taxonomy":"product_tag","embeddable":true,"href":"https:\/\/bybatt.com\/tr\/wp-json\/wp\/v2\/product_tag?post=422"}],"curies":[{"name":"wp","href":"https:\/\/api.w.org\/{rel}","templated":true}]}}