{"id":430,"date":"2023-02-19T08:26:22","date_gmt":"2023-02-19T08:26:22","guid":{"rendered":"https:\/\/bybatt.com\/?post_type=product&#038;p=430"},"modified":"2023-02-19T09:32:04","modified_gmt":"2023-02-19T09:32:04","slug":"customized-high-capacity-brand-new-e-bike-rack-battery","status":"publish","type":"product","link":"https:\/\/bybatt.com\/tr\/urun\/customized-high-capacity-brand-new-e-bike-rack-battery\/","title":{"rendered":"\u00d6zelle\u015ftirilmi\u015f Y\u00fcksek Kapasiteli Yepyeni E Bisiklet Raf Pili"},"content":{"rendered":"","protected":false},"excerpt":{"rendered":"<p>Bu \u00fcr\u00fcn, belirli ihtiya\u00e7lara uyacak \u015fekilde \u00f6zelle\u015ftirilebilen yepyeni bir y\u00fcksek kapasiteli e bisiklet raf\u0131 pilidir. Pil 100% yeni h\u00fccreler kullan\u0131r ve Li(NiCoMn)O2 18650 kimyas\u0131na sahiptir. 36v veya 48v nominal gerilime ve 10-20ah nominal kapasiteye sahiptir. D\u0131\u015f kasa al\u00fcminyumdan yap\u0131lm\u0131\u015ft\u0131r ve 257*150*147mm boyutlar\u0131ndad\u0131r.<br \/>\nPil iki \u015fekilde \u015farj edilebilir: standart \u015farj ve h\u0131zl\u0131 \u015farj. Standart \u015farj, 0,2C sabit ak\u0131m, 42V sabit voltaj ve 100mA kesme kullan\u0131r. H\u0131zl\u0131 \u015farj, 0,5CA sabit ak\u0131m, 42V sabit voltaj ve 100mA kesme kullan\u0131r.<br \/>\nKullan\u0131mdayken, pilin s\u00fcrekli 20A de\u015farj ak\u0131m\u0131 ve 60A tepe de\u015farj ak\u0131m\u0131 vard\u0131r. DOD80% derecesi ile d\u00f6ng\u00fc \u00f6mr\u00fc yakla\u015f\u0131k 500 katt\u0131r.<br \/>\nBatarya, a\u015f\u0131r\u0131 ak\u0131m, a\u015f\u0131r\u0131 de\u015farj, a\u015f\u0131r\u0131 \u015farj ve k\u0131sa devreye kar\u015f\u0131 koruma sa\u011flayan yerle\u015fik bir BMS&#039;ye (batarya y\u00f6netim sistemi) sahiptir. BMS ayr\u0131ca pil h\u00fccreleri aras\u0131nda denge sa\u011flar.<br \/>\nPilin saklama s\u0131cakl\u0131\u011f\u0131 aral\u0131\u011f\u0131 -10-40\u00b0C, ba\u011f\u0131l nem aral\u0131\u011f\u0131 45-75% ve bas\u0131n\u00e7 aral\u0131\u011f\u0131 86-106KPa&#039;d\u0131r. Pilin a\u011f\u0131rl\u0131\u011f\u0131, kapasiteye ba\u011fl\u0131 olarak yakla\u015f\u0131k 3,5 KG veya 4,5 KG&#039;dir.<\/p>","protected":false},"featured_media":431,"template":"","meta":{"_kad_post_transparent":"default","_kad_post_title":"","_kad_post_layout":"default","_kad_post_sidebar_id":"","_kad_post_content_style":"default","_kad_post_vertical_padding":"default","_kad_post_feature":"","_kad_post_feature_position":"","_kad_post_header":false,"_kad_post_footer":false},"product_cat":[19,22],"product_tag":[248,247,249,259,236],"class_list":["post-430","product","type-product","status-publish","has-post-thumbnail","hentry","product_cat-custom-ebike-battery","product_cat-rear-ebike-battery","product_tag-24v-rear-rack-battery","product_tag-36v-rear-rack-battery","product_tag-48v-rear-rack-battery","product_tag-e-bike-rack-battery","product_tag-rear-rack-ebike-battery","entry","content-bg","loop-entry"],"_links":{"self":[{"href":"https:\/\/bybatt.com\/tr\/wp-json\/wp\/v2\/product\/430","targetHints":{"allow":["GET"]}}],"collection":[{"href":"https:\/\/bybatt.com\/tr\/wp-json\/wp\/v2\/product"}],"about":[{"href":"https:\/\/bybatt.com\/tr\/wp-json\/wp\/v2\/types\/product"}],"wp:featuredmedia":[{"embeddable":true,"href":"https:\/\/bybatt.com\/tr\/wp-json\/wp\/v2\/media\/431"}],"wp:attachment":[{"href":"https:\/\/bybatt.com\/tr\/wp-json\/wp\/v2\/media?parent=430"}],"wp:term":[{"taxonomy":"product_cat","embeddable":true,"href":"https:\/\/bybatt.com\/tr\/wp-json\/wp\/v2\/product_cat?post=430"},{"taxonomy":"product_tag","embeddable":true,"href":"https:\/\/bybatt.com\/tr\/wp-json\/wp\/v2\/product_tag?post=430"}],"curies":[{"name":"wp","href":"https:\/\/api.w.org\/{rel}","templated":true}]}}