{"id":437,"date":"2023-02-19T09:32:20","date_gmt":"2023-02-19T09:32:20","guid":{"rendered":"https:\/\/bybatt.com\/?post_type=product&#038;p=437"},"modified":"2023-02-19T09:49:51","modified_gmt":"2023-02-19T09:49:51","slug":"rechargeable-lithium-electric-bike-seat-post-battery-pack","status":"publish","type":"product","link":"https:\/\/bybatt.com\/tr\/urun\/rechargeable-lithium-electric-bike-seat-post-battery-pack\/","title":{"rendered":"\u015earj Edilebilir Lityum Elektrikli Bisiklet Koltu\u011fu Sonras\u0131 Pil Paketi"},"content":{"rendered":"","protected":false},"excerpt":{"rendered":"<p>Bu \u00fcr\u00fcn, elektrikli bisikletlere g\u00fc\u00e7 sa\u011flamak i\u00e7in tasarlanm\u0131\u015f \u015farj edilebilir bir lityum elektrikli bisiklet selesi pil tak\u0131m\u0131d\u0131r. Pil tak\u0131m\u0131, 36v veya 48v nominal gerilime ve 10-20ah nominal kapasiteye sahip 100% yeni Li(NiCoMn)O2 18650 h\u00fccreleri kullan\u0131r. Pilin d\u0131\u015f kasas\u0131 al\u00fcminyumdan yap\u0131lm\u0131\u015f olup boyutlar\u0131 257*1501*47mm&#039;dir.<br \/>\nPil tak\u0131m\u0131, 0,2C sabit ak\u0131m ve 100mA kesme ile 42V sabit voltaj i\u00e7eren standart bir \u015farj y\u00f6ntemi kullan\u0131larak \u015farj edilebilir. Alternatif olarak, 0,5CA sabit ak\u0131m ve 100mA kesme ile 42V sabit voltaj i\u00e7eren h\u0131zl\u0131 \u015farj y\u00f6ntemi kullan\u0131larak \u015farj edilebilir. Pil, 36,4 V u\u00e7 voltaj\u0131 ile 0,2 C sabit ak\u0131m kullan\u0131larak de\u015farj edilebilir.<br \/>\nPil tak\u0131m\u0131 yakla\u015f\u0131k 3,5 KG\/4,5 Kg a\u011f\u0131rl\u0131\u011f\u0131ndad\u0131r, 20 A s\u00fcrekli de\u015farj ak\u0131m\u0131na ve 60 A tepe de\u015farj ak\u0131m\u0131na sahiptir. DOD80% ile 500 kez \u00e7evrim \u00f6mr\u00fcne sahiptir ve a\u015f\u0131r\u0131 ak\u0131m korumas\u0131, a\u015f\u0131r\u0131 de\u015farj korumas\u0131, a\u015f\u0131r\u0131 \u015farj korumas\u0131, k\u0131sa devre korumas\u0131 ve denge sa\u011flayan bir BMS i\u015flevi ile birlikte gelir.<br \/>\nPilin depolama s\u0131cakl\u0131\u011f\u0131 aral\u0131\u011f\u0131, 45-75% ba\u011f\u0131l nem ve 86-106KPa bas\u0131n\u00e7 ile -10-40\u2103 aras\u0131ndad\u0131r. Bu \u015farj edilebilir lityum elektrikli bisiklet selesi pil tak\u0131m\u0131, elektrikli bisikletleri i\u00e7in g\u00fcvenilir ve uzun \u00f6m\u00fcrl\u00fc bir g\u00fc\u00e7 kayna\u011f\u0131 isteyenler i\u00e7in ideal bir \u00e7\u00f6z\u00fcmd\u00fcr.<\/p>","protected":false},"featured_media":438,"template":"","meta":{"_kad_post_transparent":"default","_kad_post_title":"","_kad_post_layout":"default","_kad_post_sidebar_id":"","_kad_post_content_style":"default","_kad_post_vertical_padding":"default","_kad_post_feature":"","_kad_post_feature_position":"","_kad_post_header":false,"_kad_post_footer":false},"product_cat":[19,21],"product_tag":[264,248,266,247,249,262,260,263,261,265],"class_list":["post-437","product","type-product","status-publish","has-post-thumbnail","hentry","product_cat-custom-ebike-battery","product_cat-down-tube-ebike-battery","product_tag-11ah-lithium-battery-for-a2b-kuo","product_tag-24v-rear-rack-battery","product_tag-36v-14ah-li-ion-e-bike-battery","product_tag-36v-rear-rack-battery","product_tag-48v-rear-rack-battery","product_tag-e-bike-seat-post-battery","product_tag-electric-bike-seat-post-battery","product_tag-magnum-36v-seat-post-mounting-frog-batt","product_tag-post-seat-battery","product_tag-taga-2-0-famous-cell","entry","content-bg","loop-entry"],"_links":{"self":[{"href":"https:\/\/bybatt.com\/tr\/wp-json\/wp\/v2\/product\/437","targetHints":{"allow":["GET"]}}],"collection":[{"href":"https:\/\/bybatt.com\/tr\/wp-json\/wp\/v2\/product"}],"about":[{"href":"https:\/\/bybatt.com\/tr\/wp-json\/wp\/v2\/types\/product"}],"wp:featuredmedia":[{"embeddable":true,"href":"https:\/\/bybatt.com\/tr\/wp-json\/wp\/v2\/media\/438"}],"wp:attachment":[{"href":"https:\/\/bybatt.com\/tr\/wp-json\/wp\/v2\/media?parent=437"}],"wp:term":[{"taxonomy":"product_cat","embeddable":true,"href":"https:\/\/bybatt.com\/tr\/wp-json\/wp\/v2\/product_cat?post=437"},{"taxonomy":"product_tag","embeddable":true,"href":"https:\/\/bybatt.com\/tr\/wp-json\/wp\/v2\/product_tag?post=437"}],"curies":[{"name":"wp","href":"https:\/\/api.w.org\/{rel}","templated":true}]}}