{"id":444,"date":"2023-02-19T09:54:39","date_gmt":"2023-02-19T09:54:39","guid":{"rendered":"https:\/\/bybatt.com\/?post_type=product&#038;p=444"},"modified":"2023-02-19T10:24:36","modified_gmt":"2023-02-19T10:24:36","slug":"36v-12ah-lithium-battery-seatpost-frog-ebike-battery-pack","status":"publish","type":"product","link":"https:\/\/bybatt.com\/tr\/urun\/36v-12ah-lithium-battery-seatpost-frog-ebike-battery-pack\/","title":{"rendered":"36V 12Ah Lityum Pil Sele Dire\u011fi Kurba\u011fa Ebike Pil Paketi"},"content":{"rendered":"","protected":false},"excerpt":{"rendered":"<p>36V 12Ah Lityum Pil Seatpost Frog Ebike Pil Paketi, elektrikli bisikletlerde kullan\u0131lmak \u00fczere tasarlanm\u0131\u015f y\u00fcksek kaliteli ve dayan\u0131kl\u0131 bir pil paketidir. Batarya 100% yeni h\u00fccreler kullan\u0131r ve Li(NiCoMn)O2 18650 kimyas\u0131na sahiptir. Nominal kapasitesi 10-20ah olan hem 36v hem de 48v versiyonlar\u0131 mevcuttur.<br \/>\nPil tak\u0131m\u0131 sa\u011flam bir al\u00fcminyum kasa i\u00e7inde yer al\u0131r ve 257*150*147 mm boyutlar\u0131na sahiptir. Pil paketi i\u00e7in standart \u015farj, 0,2C sabit ak\u0131m, 42V sabit voltaj ve 100mA kesmedir. H\u0131zl\u0131 \u015farj i\u00e7in, pil tak\u0131m\u0131 0,5CA sabit ak\u0131m, 42V sabit voltaj ve 100mA kesmeyi kald\u0131rabilir.<br \/>\nPil paketi i\u00e7in standart de\u015farj ak\u0131m\u0131, 36,4 V u\u00e7 voltaj\u0131yla 0,2 C sabit ak\u0131md\u0131r. Pil tak\u0131m\u0131 yakla\u015f\u0131k 3,5 KG\/4,5 Kg a\u011f\u0131rl\u0131\u011f\u0131ndad\u0131r ve 20 A&#039;lik s\u00fcrekli bir de\u015farj ak\u0131m\u0131n\u0131 ve 60 A&#039;lik bir tepe de\u015farj ak\u0131m\u0131yla ba\u015fa \u00e7\u0131kabilir.<br \/>\nPil paketinin DOD80% ile 500 kez \u00e7evrim \u00f6mr\u00fc vard\u0131r ve a\u015f\u0131r\u0131 ak\u0131m korumas\u0131, a\u015f\u0131r\u0131 de\u015farj korumas\u0131, a\u015f\u0131r\u0131 \u015farj korumas\u0131, k\u0131sa devre korumas\u0131 ve denge i\u00e7eren bir BMS i\u015flevi ile donat\u0131lm\u0131\u015f olarak gelir. Pil tak\u0131m\u0131 i\u00e7in saklama s\u0131cakl\u0131\u011f\u0131 aral\u0131\u011f\u0131 -10-40\u00b0C, ba\u011f\u0131l nem aral\u0131\u011f\u0131 45-75% ve bas\u0131n\u00e7 aral\u0131\u011f\u0131 86-106KPa&#039;d\u0131r.<\/p>","protected":false},"featured_media":459,"template":"","meta":{"_kad_post_transparent":"default","_kad_post_title":"","_kad_post_layout":"default","_kad_post_sidebar_id":"","_kad_post_content_style":"default","_kad_post_vertical_padding":"default","_kad_post_feature":"","_kad_post_feature_position":"","_kad_post_header":false,"_kad_post_footer":false},"product_cat":[19,21],"product_tag":[248,247,249,262,267],"class_list":["post-444","product","type-product","status-publish","has-post-thumbnail","hentry","product_cat-custom-ebike-battery","product_cat-down-tube-ebike-battery","product_tag-24v-rear-rack-battery","product_tag-36v-rear-rack-battery","product_tag-48v-rear-rack-battery","product_tag-e-bike-seat-post-battery","product_tag-frog-ebike-battery","entry","content-bg","loop-entry"],"_links":{"self":[{"href":"https:\/\/bybatt.com\/tr\/wp-json\/wp\/v2\/product\/444","targetHints":{"allow":["GET"]}}],"collection":[{"href":"https:\/\/bybatt.com\/tr\/wp-json\/wp\/v2\/product"}],"about":[{"href":"https:\/\/bybatt.com\/tr\/wp-json\/wp\/v2\/types\/product"}],"wp:featuredmedia":[{"embeddable":true,"href":"https:\/\/bybatt.com\/tr\/wp-json\/wp\/v2\/media\/459"}],"wp:attachment":[{"href":"https:\/\/bybatt.com\/tr\/wp-json\/wp\/v2\/media?parent=444"}],"wp:term":[{"taxonomy":"product_cat","embeddable":true,"href":"https:\/\/bybatt.com\/tr\/wp-json\/wp\/v2\/product_cat?post=444"},{"taxonomy":"product_tag","embeddable":true,"href":"https:\/\/bybatt.com\/tr\/wp-json\/wp\/v2\/product_tag?post=444"}],"curies":[{"name":"wp","href":"https:\/\/api.w.org\/{rel}","templated":true}]}}