{"id":445,"date":"2023-02-19T10:00:08","date_gmt":"2023-02-19T10:00:08","guid":{"rendered":"https:\/\/bybatt.com\/?post_type=product&#038;p=445"},"modified":"2023-02-19T10:14:35","modified_gmt":"2023-02-19T10:14:35","slug":"e-bike-20amp-reention-battery-rhino-48v-13ah-lithium-battery","status":"publish","type":"product","link":"https:\/\/bybatt.com\/tr\/urun\/e-bike-20amp-reention-battery-rhino-48v-13ah-lithium-battery\/","title":{"rendered":"E-Bike 20Amp Tutma Bataryas\u0131 Rhino 48V 13Ah Lityum Batarya"},"content":{"rendered":"","protected":false},"excerpt":{"rendered":"<p>E-Bike 20Amp Reention Battery Rhino 48V 13Ah Lityum Pil, elektrikli bisikletlerle kullan\u0131lmak \u00fczere tasarlanm\u0131\u015f y\u00fcksek kaliteli bir \u015farj edilebilir pildir. Orijinal Reention ve Rhino markas\u0131 taraf\u0131ndan yap\u0131lm\u0131\u015ft\u0131r ve 100% yeni h\u00fccreler kullanarak g\u00fcvenilirli\u011fini ve uzun \u00f6m\u00fcrl\u00fc olmas\u0131n\u0131 sa\u011flar.<br \/>\nPil, LiNiCoMno2 kimyas\u0131n\u0131 kullan\u0131r ve 36V ve 48V ile 10.4ah, 11.6ah, 13ah, 13.6ah ve 14ah dahil olmak \u00fczere birden fazla voltaj ve kapasite se\u00e7ene\u011finde mevcuttur. D\u0131\u015f kasa, dayan\u0131kl\u0131 ve darbelere kar\u015f\u0131 diren\u00e7li hale getiren EEL malzemeden yap\u0131lm\u0131\u015ft\u0131r.<br \/>\nBatarya, 100mA kesme ile 0,2C sabit ak\u0131m ve 54,6V sabit voltaj ile standart bir \u015farj y\u00f6ntemi kullan\u0131larak \u015farj edilebilir. Ayr\u0131ca, 100mA kesme ile 0,5CA sabit ak\u0131m ve 54,6V sabit voltaj kullan\u0131larak h\u0131zl\u0131 bir \u015fekilde \u015farj edilebilir.<br \/>\nPilin standart de\u015farj ak\u0131m\u0131 0,2C&#039;dir ve u\u00e7 gerilimi 30V&#039;dir. DOD80% ile 500 kez \u00e7evrim \u00f6mr\u00fcne sahiptir ve bireysel ihtiya\u00e7lara g\u00f6re \u00f6zelle\u015ftirilebilen 10A&#039;lik s\u00fcrekli de\u015farj ak\u0131m\u0131 veya 30A&#039;lik tepe de\u015farj ak\u0131m\u0131 sa\u011flayabilir.<br \/>\nPil, a\u015f\u0131r\u0131 ak\u0131m, a\u015f\u0131r\u0131 de\u015farj, a\u015f\u0131r\u0131 \u015farj ve k\u0131sa devre sorunlar\u0131na kar\u015f\u0131 koruma sa\u011flayan yerle\u015fik bir BMS (Pil Y\u00f6netim Sistemi) ile birlikte gelir. Ayr\u0131ca, pil h\u00fccrelerinin e\u015fit \u015fekilde \u015farj edilmesini ve bo\u015falmas\u0131n\u0131 sa\u011flayan dengeleme i\u015flevleri sunar.<br \/>\nPilin saklama s\u0131cakl\u0131\u011f\u0131 aral\u0131\u011f\u0131 -10-40\u00b0C, ba\u011f\u0131l nem 45-75% ve bas\u0131n\u00e7 aral\u0131\u011f\u0131 86-106KPa&#039;d\u0131r. Y\u00fcksek kaliteli yap\u0131s\u0131 ve g\u00fcvenilirli\u011fi ile E-Bike 20Amp Reention Battery Rhino 48V 13Ah Lityum Pil, uzun \u00f6m\u00fcrl\u00fc, y\u00fcksek performansl\u0131 bir e-bisiklet pili arayanlar i\u00e7in m\u00fckemmel bir se\u00e7imdir.<\/p>","protected":false},"featured_media":446,"template":"","meta":{"_kad_post_transparent":"default","_kad_post_title":"","_kad_post_layout":"default","_kad_post_sidebar_id":"","_kad_post_content_style":"default","_kad_post_vertical_padding":"default","_kad_post_feature":"","_kad_post_feature_position":"","_kad_post_header":false,"_kad_post_footer":false},"product_cat":[19,23],"product_tag":[269,270,229,268,271],"class_list":["post-445","product","type-product","status-publish","has-post-thumbnail","hentry","product_cat-custom-ebike-battery","product_cat-inner-ebike-battery","product_tag-20amp-reention-battery","product_tag-48v-13ah-lithium-battery","product_tag-electric-bicycle-batteries","product_tag-reention-battery","product_tag-rhino-battery","entry","content-bg","loop-entry"],"_links":{"self":[{"href":"https:\/\/bybatt.com\/tr\/wp-json\/wp\/v2\/product\/445","targetHints":{"allow":["GET"]}}],"collection":[{"href":"https:\/\/bybatt.com\/tr\/wp-json\/wp\/v2\/product"}],"about":[{"href":"https:\/\/bybatt.com\/tr\/wp-json\/wp\/v2\/types\/product"}],"wp:featuredmedia":[{"embeddable":true,"href":"https:\/\/bybatt.com\/tr\/wp-json\/wp\/v2\/media\/446"}],"wp:attachment":[{"href":"https:\/\/bybatt.com\/tr\/wp-json\/wp\/v2\/media?parent=445"}],"wp:term":[{"taxonomy":"product_cat","embeddable":true,"href":"https:\/\/bybatt.com\/tr\/wp-json\/wp\/v2\/product_cat?post=445"},{"taxonomy":"product_tag","embeddable":true,"href":"https:\/\/bybatt.com\/tr\/wp-json\/wp\/v2\/product_tag?post=445"}],"curies":[{"name":"wp","href":"https:\/\/api.w.org\/{rel}","templated":true}]}}