{"id":452,"date":"2023-02-19T10:15:33","date_gmt":"2023-02-19T10:15:33","guid":{"rendered":"https:\/\/bybatt.com\/?post_type=product&#038;p=452"},"modified":"2023-02-19T10:26:45","modified_gmt":"2023-02-19T10:26:45","slug":"cheap-authorized-reention-dorado-mini-batteries-for-e-bike","status":"publish","type":"product","link":"https:\/\/bybatt.com\/tr\/urun\/cheap-authorized-reention-dorado-mini-batteries-for-e-bike\/","title":{"rendered":"E-bisiklet i\u00e7in ucuz Yetkili Reention Dorado Mini Piller"},"content":{"rendered":"","protected":false},"excerpt":{"rendered":"<p>Bu \u00fcr\u00fcn, \u00f6zellikle Reention Dorado Mini olmak \u00fczere bir e-bisiklet i\u00e7in \u015farj edilebilir bir pildir. Bataryada kullan\u0131lan h\u00fccrelerin hepsi yepyeni ve kimyas\u0131 LiNiCoMno2. Pil, farkl\u0131 nominal voltajlarda (36V veya 48V) ve kapasitelerde (10,4ah ila 14ah aras\u0131nda) gelir. Pilin d\u0131\u015f kasas\u0131 EEL malzemeden yap\u0131lm\u0131\u015ft\u0131r.<br \/>\nPil, 100mA kesme ile 0,2C sabit ak\u0131m ve 54,6V sabit voltaj kullan\u0131larak \u015farj edilebilir. Ayr\u0131ca 0,5CA sabit ak\u0131m ve ayn\u0131 sabit voltaj ve kesme kullan\u0131larak h\u0131zl\u0131 \u015farj edilebilir. Standart de\u015farj ak\u0131m\u0131 0,2C&#039;dir ve u\u00e7 voltaj\u0131 30V&#039;dir.<br \/>\nPil, DOD80% ile 500 kez \u00e7evrim \u00f6mr\u00fcne ve yakla\u015f\u0131k 3,5 kg veya 4,5 kg a\u011f\u0131rl\u0131\u011fa sahiptir. 30A tepe de\u015farj ak\u0131m\u0131 ile 10A s\u00fcrekli de\u015farj ak\u0131m\u0131 sa\u011flayabilir. Pilin BMS i\u015flevi a\u015f\u0131r\u0131 ak\u0131m, a\u015f\u0131r\u0131 de\u015farj, a\u015f\u0131r\u0131 \u015farj ve k\u0131sa devreye kar\u015f\u0131 koruman\u0131n yan\u0131 s\u0131ra dengelemeyi de i\u00e7erir.<br \/>\nBatarya -10-40\u2103 s\u0131cakl\u0131k aral\u0131\u011f\u0131nda, 45-75% ba\u011f\u0131l nem ve 86-106KPa bas\u0131n\u00e7ta saklanabilir. Bu \u00fcr\u00fcn, Reention Dorado Mini&#039;leri i\u00e7in yedek veya ek pile ihtiya\u00e7 duyan e-bisiklet sahipleri i\u00e7in uygun fiyatl\u0131 ve yetkili bir se\u00e7enek sunar.<\/p>","protected":false},"featured_media":453,"template":"","meta":{"_kad_post_transparent":"default","_kad_post_title":"","_kad_post_layout":"default","_kad_post_sidebar_id":"","_kad_post_content_style":"default","_kad_post_vertical_padding":"default","_kad_post_feature":"","_kad_post_feature_position":"","_kad_post_header":false,"_kad_post_footer":false},"product_cat":[19,23],"product_tag":[275,274,41,268,273,272],"class_list":["post-452","product","type-product","status-publish","has-post-thumbnail","hentry","product_cat-custom-ebike-battery","product_cat-inner-ebike-battery","product_tag-36v-cheapest-ebike-battery","product_tag-dorado-mini-batteries","product_tag-electric-bicycle-battery","product_tag-reention-battery","product_tag-reention-dorado-battery","product_tag-reention-dorado-mini-batteries","entry","content-bg","loop-entry"],"_links":{"self":[{"href":"https:\/\/bybatt.com\/tr\/wp-json\/wp\/v2\/product\/452","targetHints":{"allow":["GET"]}}],"collection":[{"href":"https:\/\/bybatt.com\/tr\/wp-json\/wp\/v2\/product"}],"about":[{"href":"https:\/\/bybatt.com\/tr\/wp-json\/wp\/v2\/types\/product"}],"wp:featuredmedia":[{"embeddable":true,"href":"https:\/\/bybatt.com\/tr\/wp-json\/wp\/v2\/media\/453"}],"wp:attachment":[{"href":"https:\/\/bybatt.com\/tr\/wp-json\/wp\/v2\/media?parent=452"}],"wp:term":[{"taxonomy":"product_cat","embeddable":true,"href":"https:\/\/bybatt.com\/tr\/wp-json\/wp\/v2\/product_cat?post=452"},{"taxonomy":"product_tag","embeddable":true,"href":"https:\/\/bybatt.com\/tr\/wp-json\/wp\/v2\/product_tag?post=452"}],"curies":[{"name":"wp","href":"https:\/\/api.w.org\/{rel}","templated":true}]}}