{"id":466,"date":"2023-02-19T13:40:46","date_gmt":"2023-02-19T13:40:46","guid":{"rendered":"https:\/\/bybatt.com\/?post_type=product&#038;p=466"},"modified":"2023-02-19T13:48:58","modified_gmt":"2023-02-19T13:48:58","slug":"36v-48v-reention-eel-inner-frame-battery-pack-for-e-bike","status":"publish","type":"product","link":"https:\/\/bybatt.com\/tr\/urun\/36v-48v-reention-eel-inner-frame-battery-pack-for-e-bike\/","title":{"rendered":"E-Bike i\u00e7in 36V 48V Tutma EEL \u0130\u00e7 \u00c7er\u00e7eve Pil Paketi"},"content":{"rendered":"","protected":false},"excerpt":{"rendered":"<p>36V 48V Reention EEL \u0130\u00e7 \u00c7er\u00e7eve Pil Paketi, e-bisikletlerde kullan\u0131lmak \u00fczere tasarlanm\u0131\u015f y\u00fcksek kaliteli, \u015farj edilebilir bir pildir. G\u00fcvenilir performans ve dayan\u0131kl\u0131l\u0131k sa\u011flayan LiNiCoMno2 kimyas\u0131na sahip 100% yeni h\u00fccreler kullan\u0131larak yap\u0131lm\u0131\u015ft\u0131r.<br \/>\nPil, 10,4ah, 11,6ah, 13ah, 13,6ah ve 14ah dahil olmak \u00fczere \u00e7e\u015fitli kapasitelerde mevcuttur ve 36V veya 48V nominal gerilime sahiptir. Sa\u011flam bir EEL kutusuna yerle\u015ftirilmi\u015ftir ve kapasiteye ba\u011fl\u0131 olarak yakla\u015f\u0131k 3,5 kg veya 4,5 kg a\u011f\u0131rl\u0131\u011f\u0131ndad\u0131r.<br \/>\nPil, s\u0131ras\u0131yla 0,2C veya 0,5CA sabit ak\u0131mla standart \u015farj veya h\u0131zl\u0131 \u015farj kullan\u0131larak \u015farj edilebilir. Standart de\u015farj ak\u0131m\u0131 0,2C&#039;dir ve u\u00e7 voltaj\u0131 30V&#039;dur. Pilin DOD80% ile 500 kez \u00e7evrim \u00f6mr\u00fc vard\u0131r ve \u00f6zelle\u015ftirmeye ba\u011fl\u0131 olarak s\u00fcrekli 10A de\u015farj ak\u0131m\u0131 veya 30A tepe de\u015farj ak\u0131m\u0131 sa\u011flayabilir.<br \/>\nPil, a\u015f\u0131r\u0131 ak\u0131m, a\u015f\u0131r\u0131 de\u015farj, a\u015f\u0131r\u0131 \u015farj ve k\u0131sa devreye kar\u015f\u0131 koruma sa\u011flayan yerle\u015fik bir BMS&#039;ye (Pil Y\u00f6netim Sistemi) sahiptir. Ayr\u0131ca t\u00fcm h\u00fccrelerin e\u015fit \u015fekilde \u015farj edilmesini ve bo\u015falt\u0131lmas\u0131n\u0131 sa\u011flamak i\u00e7in bir denge i\u015flevi vard\u0131r.<br \/>\nBatarya -10-40\u2103 s\u0131cakl\u0131k aral\u0131\u011f\u0131nda, 45-75% ba\u011f\u0131l nem ve 86-106KPa bas\u0131n\u00e7ta saklanabilir. Genel olarak, 36V 48V Reention EEL \u0130\u00e7 \u00c7er\u00e7eve Pil Paketi, s\u00fcr\u00fc\u015fleri i\u00e7in dayan\u0131kl\u0131 ve uzun \u00f6m\u00fcrl\u00fc bir g\u00fc\u00e7 kayna\u011f\u0131 isteyen e-bisiklet tutkunlar\u0131 i\u00e7in ideal olan y\u00fcksek performansl\u0131 ve g\u00fcvenilir bir pildir.<\/p>","protected":false},"featured_media":467,"template":"","meta":{"_kad_post_transparent":"default","_kad_post_title":"","_kad_post_layout":"default","_kad_post_sidebar_id":"","_kad_post_content_style":"default","_kad_post_vertical_padding":"default","_kad_post_feature":"","_kad_post_feature_position":"","_kad_post_header":false,"_kad_post_footer":false},"product_cat":[19,23],"product_tag":[275,52,274,278,41,268,273,272,277,276],"class_list":["post-466","product","type-product","status-publish","has-post-thumbnail","hentry","product_cat-custom-ebike-battery","product_cat-inner-ebike-battery","product_tag-36v-cheapest-ebike-battery","product_tag-battery","product_tag-dorado-mini-batteries","product_tag-electric-bicycle-36volt","product_tag-electric-bicycle-battery","product_tag-reention-battery","product_tag-reention-dorado-battery","product_tag-reention-dorado-mini-batteries","product_tag-reention-eel-inner-battery-pack","product_tag-reention-eel-inner-frame-battery","entry","content-bg","loop-entry"],"_links":{"self":[{"href":"https:\/\/bybatt.com\/tr\/wp-json\/wp\/v2\/product\/466","targetHints":{"allow":["GET"]}}],"collection":[{"href":"https:\/\/bybatt.com\/tr\/wp-json\/wp\/v2\/product"}],"about":[{"href":"https:\/\/bybatt.com\/tr\/wp-json\/wp\/v2\/types\/product"}],"wp:featuredmedia":[{"embeddable":true,"href":"https:\/\/bybatt.com\/tr\/wp-json\/wp\/v2\/media\/467"}],"wp:attachment":[{"href":"https:\/\/bybatt.com\/tr\/wp-json\/wp\/v2\/media?parent=466"}],"wp:term":[{"taxonomy":"product_cat","embeddable":true,"href":"https:\/\/bybatt.com\/tr\/wp-json\/wp\/v2\/product_cat?post=466"},{"taxonomy":"product_tag","embeddable":true,"href":"https:\/\/bybatt.com\/tr\/wp-json\/wp\/v2\/product_tag?post=466"}],"curies":[{"name":"wp","href":"https:\/\/api.w.org\/{rel}","templated":true}]}}