{"id":473,"date":"2023-02-19T13:50:46","date_gmt":"2023-02-19T13:50:46","guid":{"rendered":"https:\/\/bybatt.com\/?post_type=product&#038;p=473"},"modified":"2023-02-19T13:55:44","modified_gmt":"2023-02-19T13:55:44","slug":"li-ion-36v-14ah-reention-thunder-downtube-battery-for-e-bike","status":"publish","type":"product","link":"https:\/\/bybatt.com\/tr\/urun\/li-ion-36v-14ah-reention-thunder-downtube-battery-for-e-bike\/","title":{"rendered":"E-Bike i\u00e7in Li-ion 36V 14Ah Reention Thunder Downtube Pil"},"content":{"rendered":"","protected":false},"excerpt":{"rendered":"<p>Li-ion 36V 14Ah Reention Thunder Downtube Batarya, e-bisikletler i\u00e7in tasarlanm\u0131\u015f y\u00fcksek kaliteli bir bataryad\u0131r. Ak\u00fc 100% yeni h\u00fccrelerden olu\u015fur ve 36V, 48V, 52V veya 72V nominal gerilime ve 20Ah nominal kapasiteye sahiptir. Pil h\u00fccresi se\u00e7enekleri, 8P14S yap\u0131land\u0131rmas\u0131yla 2500mAh, 3000mAh, 3200mAh veya 3500mAh i\u00e7erir.<br \/>\nPil y\u00f6netim sistemi (BMS) 30A derecesine sahiptir ve kullan\u0131c\u0131 gereksinimlerine g\u00f6re \u00f6zelle\u015ftirilebilir. Standart \u015farj ak\u0131m\u0131 3A&#039;d\u0131r ve maksimum \u015farj ak\u0131m\u0131 5A&#039;dir ve her ikisi de \u00f6zelle\u015ftirilebilir. Ak\u00fcn\u00fcn de\u015farj kesme voltaj\u0131 39V, \u015farj voltaj\u0131 58.8V&#039;dir.<br \/>\nBataryan\u0131n 600-1000 devirden sonra 80% g\u00fc\u00e7 \u00e7evrim \u00f6mr\u00fc vard\u0131r. Bu, pilin 600 ila 1000 d\u00f6ng\u00fc boyunca tamamen \u015farj edilip bo\u015fald\u0131ktan sonra orijinal kapasitesinin 80%&#039;sini sa\u011flayabilece\u011fi anlam\u0131na gelir. Genel olarak, Li-ion 36V 14Ah Reention Thunder Downtube Batarya, e-bisikletlerde kullan\u0131ma uygun, g\u00fcvenilir ve y\u00fcksek performansl\u0131 bir bataryad\u0131r.<\/p>","protected":false},"featured_media":474,"template":"","meta":{"_kad_post_transparent":"default","_kad_post_title":"","_kad_post_layout":"default","_kad_post_sidebar_id":"","_kad_post_content_style":"default","_kad_post_vertical_padding":"default","_kad_post_feature":"","_kad_post_feature_position":"","_kad_post_header":false,"_kad_post_footer":false},"product_cat":[19,23],"product_tag":[41,268,273,272,277,276,279],"class_list":["post-473","product","type-product","status-publish","has-post-thumbnail","hentry","product_cat-custom-ebike-battery","product_cat-inner-ebike-battery","product_tag-electric-bicycle-battery","product_tag-reention-battery","product_tag-reention-dorado-battery","product_tag-reention-dorado-mini-batteries","product_tag-reention-eel-inner-battery-pack","product_tag-reention-eel-inner-frame-battery","product_tag-reention-thunder-downtube-battery","entry","content-bg","loop-entry"],"_links":{"self":[{"href":"https:\/\/bybatt.com\/tr\/wp-json\/wp\/v2\/product\/473","targetHints":{"allow":["GET"]}}],"collection":[{"href":"https:\/\/bybatt.com\/tr\/wp-json\/wp\/v2\/product"}],"about":[{"href":"https:\/\/bybatt.com\/tr\/wp-json\/wp\/v2\/types\/product"}],"wp:featuredmedia":[{"embeddable":true,"href":"https:\/\/bybatt.com\/tr\/wp-json\/wp\/v2\/media\/474"}],"wp:attachment":[{"href":"https:\/\/bybatt.com\/tr\/wp-json\/wp\/v2\/media?parent=473"}],"wp:term":[{"taxonomy":"product_cat","embeddable":true,"href":"https:\/\/bybatt.com\/tr\/wp-json\/wp\/v2\/product_cat?post=473"},{"taxonomy":"product_tag","embeddable":true,"href":"https:\/\/bybatt.com\/tr\/wp-json\/wp\/v2\/product_tag?post=473"}],"curies":[{"name":"wp","href":"https:\/\/api.w.org\/{rel}","templated":true}]}}