{"id":480,"date":"2023-02-19T13:56:47","date_gmt":"2023-02-19T13:56:47","guid":{"rendered":"https:\/\/bybatt.com\/?post_type=product&#038;p=480"},"modified":"2023-02-19T14:05:06","modified_gmt":"2023-02-19T14:05:06","slug":"48v-52v-rechargeable-lithium-ion-triangular-e-bike-battery","status":"publish","type":"product","link":"https:\/\/bybatt.com\/tr\/urun\/48v-52v-rechargeable-lithium-ion-triangular-e-bike-battery\/","title":{"rendered":"48V 52V \u015earj Edilebilir Lityum \u0130yon \u00dc\u00e7gen E Bisiklet Ak\u00fcs\u00fc"},"content":{"rendered":"","protected":false},"excerpt":{"rendered":"<p>48V 52V \u015earj Edilebilir Lityum \u0130yon \u00dc\u00e7gen E Bisiklet Pili, elektrikli bisikletlere g\u00fc\u00e7 sa\u011flamak i\u00e7in tasarlanm\u0131\u015f y\u00fcksek performansl\u0131 ve dayan\u0131kl\u0131 bir pildir. Bu pil, 36V, 48V, 52V ve 72V dahil olmak \u00fczere farkl\u0131 nominal voltajlarda mevcuttur ve 20Ah nominal kapasiteye sahiptir. Kullan\u0131lan pil h\u00fccreleri, se\u00e7ilen yap\u0131land\u0131rmaya ba\u011fl\u0131 olarak 2500mAh, 3000mAh, \u00fcnl\u00fc 3200mAh veya 3500mAh&#039;dir.<br \/>\nPil konfig\u00fcrasyonu 8P14S&#039;dir ve pil y\u00f6netim sistemi (BMS) 30A derecesine sahiptir veya belirli gereksinimleri kar\u015f\u0131lamak \u00fczere \u00f6zelle\u015ftirilebilir. Standart \u015farj ak\u0131m\u0131 3A&#039;d\u0131r ancak bu, belirli \u015farj gereksinimlerini kar\u015f\u0131lamak i\u00e7in \u00f6zelle\u015ftirilebilir. Maksimum \u015farj ak\u0131m\u0131, pilin h\u0131zl\u0131 \u015farj edilmesini sa\u011flayan 5A&#039;d\u0131r.<br \/>\nDe\u015farj kesme voltaj\u0131 39V ve \u015farj voltaj\u0131 58.8V&#039;dir. 600-1000 d\u00f6ng\u00fcye varan d\u00f6ng\u00fc \u00f6mr\u00fc ile pil, g\u00fcc\u00fcn\u00fcn 80%&#039;ye kadar\u0131n\u0131 sa\u011flayabilir, bu da onu elektrikli bisikletler i\u00e7in g\u00fcvenilir ve uzun \u00f6m\u00fcrl\u00fc bir g\u00fc\u00e7 kayna\u011f\u0131 haline getirir. Bu \u015farj edilebilir lityum-iyon pil g\u00fcvenli, g\u00fcvenilir ve verimli olacak \u015fekilde tasarlanm\u0131\u015ft\u0131r ve kullan\u0131c\u0131lara elektrikli bisikletleri i\u00e7in y\u00fcksek kaliteli bir g\u00fc\u00e7 kayna\u011f\u0131 sa\u011flar.<\/p>","protected":false},"featured_media":481,"template":"","meta":{"_kad_post_transparent":"default","_kad_post_title":"","_kad_post_layout":"default","_kad_post_sidebar_id":"","_kad_post_content_style":"default","_kad_post_vertical_padding":"default","_kad_post_feature":"","_kad_post_feature_position":"","_kad_post_header":false,"_kad_post_footer":false},"product_cat":[19,21],"product_tag":[289,287,293,281,291,288,285,290,292,286,282,283,280,284],"class_list":["post-480","product","type-product","status-publish","has-post-thumbnail","hentry","product_cat-custom-ebike-battery","product_cat-down-tube-ebike-battery","product_tag-52v-30ah-triangle-battery","product_tag-52v-triangle-battery","product_tag-72v-triangle-battery","product_tag-ebike-triangle-battery","product_tag-ebike-triangle-battery-hard-case","product_tag-em3ev-triangle-battery","product_tag-large-triangle-batteries","product_tag-triangle-battery-case","product_tag-triangle-ebike-battery-36v","product_tag-triangle-ebike-battery-48v","product_tag-triangle-electric-bike-battery","product_tag-triangle-lithium-battery","product_tag-triangular-e-bike-battery","product_tag-triangular-ebike-battery","entry","content-bg","loop-entry"],"_links":{"self":[{"href":"https:\/\/bybatt.com\/tr\/wp-json\/wp\/v2\/product\/480","targetHints":{"allow":["GET"]}}],"collection":[{"href":"https:\/\/bybatt.com\/tr\/wp-json\/wp\/v2\/product"}],"about":[{"href":"https:\/\/bybatt.com\/tr\/wp-json\/wp\/v2\/types\/product"}],"wp:featuredmedia":[{"embeddable":true,"href":"https:\/\/bybatt.com\/tr\/wp-json\/wp\/v2\/media\/481"}],"wp:attachment":[{"href":"https:\/\/bybatt.com\/tr\/wp-json\/wp\/v2\/media?parent=480"}],"wp:term":[{"taxonomy":"product_cat","embeddable":true,"href":"https:\/\/bybatt.com\/tr\/wp-json\/wp\/v2\/product_cat?post=480"},{"taxonomy":"product_tag","embeddable":true,"href":"https:\/\/bybatt.com\/tr\/wp-json\/wp\/v2\/product_tag?post=480"}],"curies":[{"name":"wp","href":"https:\/\/api.w.org\/{rel}","templated":true}]}}