{"id":488,"date":"2023-02-19T14:10:59","date_gmt":"2023-02-19T14:10:59","guid":{"rendered":"https:\/\/bybatt.com\/?post_type=product&#038;p=488"},"modified":"2023-02-19T14:20:29","modified_gmt":"2023-02-19T14:20:29","slug":"36v-water-bottle-battery-pack-mini-bottle-ebike-battery","status":"publish","type":"product","link":"https:\/\/bybatt.com\/tr\/urun\/36v-water-bottle-battery-pack-mini-bottle-ebike-battery\/","title":{"rendered":"36V Su \u015ei\u015fesi Pil Paketi Mini \u015ei\u015fe Ebike Pil"},"content":{"rendered":"","protected":false},"excerpt":{"rendered":"<p>36V Su \u015ei\u015fesi Pil Paketi Mini \u015ei\u015fe Ebike Pili, elektrikli bisikletler (e-bisikletler) i\u00e7in tasarlanm\u0131\u015f mini boyutlu bir pil paketidir. 24V veya 36V nominal gerilime sahiptir ve d\u00f6rt farkl\u0131 nominal kapasitede mevcuttur: 5,2 Ah, 5,8 Ah, 6,8 Ah ve 10 Ah. Pil kimyas\u0131, enerji yo\u011funlu\u011fu ve g\u00fcvenlik aras\u0131nda iyi bir denge sa\u011flayan Li(NiCoMn)O2 18650&#039;dir.<br \/>\nPil tak\u0131m\u0131, 63*75*325 mm (21 h\u00fccre 18650) veya 86*86*347 mm (20 21700 h\u00fccre) boyutlar\u0131nda bir m\u00fcrekkep bal\u0131\u011f\u0131 \u015fi\u015fesi kutusuna yerle\u015ftirilmi\u015ftir. Yakla\u015f\u0131k 3,5 KG a\u011f\u0131rl\u0131\u011f\u0131ndad\u0131r.<br \/>\nPil tak\u0131m\u0131, standart veya h\u0131zl\u0131 \u015farj etme y\u00f6ntemleri kullan\u0131larak \u015farj edilebilir. Standart \u015farj, 0,2C sabit ak\u0131m, 54,6V sabit voltaj ve 100mA kesme ile yap\u0131l\u0131r. H\u0131zl\u0131 \u015farj, 0,5CA sabit ak\u0131m, 54,6V sabit voltaj ve 100mA kesme ile yap\u0131l\u0131r.<br \/>\nPil paketi, 20A&#039;lik s\u00fcrekli bir ak\u0131mla bo\u015falt\u0131labilir veya \u00f6zel gereksinimleri kar\u015f\u0131layacak \u015fekilde \u00f6zelle\u015ftirilebilir. 60A tepe de\u015farj ak\u0131m\u0131na sahiptir veya \u00f6zelle\u015ftirilmi\u015ftir. DOD80% ile pil tak\u0131m\u0131n\u0131n \u00f6mr\u00fc 500 d\u00f6ng\u00fcd\u00fcr ve a\u015f\u0131r\u0131 ak\u0131m korumas\u0131, a\u015f\u0131r\u0131 de\u015farj korumas\u0131, a\u015f\u0131r\u0131 \u015farj korumas\u0131, k\u0131sa devre korumas\u0131 ve denge sa\u011flayan BMS i\u015flevi ile donat\u0131lm\u0131\u015ft\u0131r.<br \/>\nPil tak\u0131m\u0131n\u0131n saklama s\u0131cakl\u0131\u011f\u0131 aral\u0131\u011f\u0131 -10-40\u2103, ba\u011f\u0131l nem 45-75% ve bas\u0131n\u00e7 86-106KPa&#039;d\u0131r.<\/p>","protected":false},"featured_media":489,"template":"","meta":{"_kad_post_transparent":"default","_kad_post_title":"","_kad_post_layout":"default","_kad_post_sidebar_id":"","_kad_post_content_style":"default","_kad_post_vertical_padding":"default","_kad_post_feature":"","_kad_post_feature_position":"","_kad_post_header":false,"_kad_post_footer":false},"product_cat":[19,21],"product_tag":[298,294,296,297,299,295],"class_list":["post-488","product","type-product","status-publish","has-post-thumbnail","hentry","product_cat-custom-ebike-battery","product_cat-down-tube-ebike-battery","product_tag-bottle-battery","product_tag-mini-bottle-ebike-battery","product_tag-mini-bottle-lithium-battery","product_tag-mini-ebike-battery-pack","product_tag-protable-water-bottle-battery","product_tag-water-bottle-battery-pack","entry","content-bg","loop-entry"],"_links":{"self":[{"href":"https:\/\/bybatt.com\/tr\/wp-json\/wp\/v2\/product\/488","targetHints":{"allow":["GET"]}}],"collection":[{"href":"https:\/\/bybatt.com\/tr\/wp-json\/wp\/v2\/product"}],"about":[{"href":"https:\/\/bybatt.com\/tr\/wp-json\/wp\/v2\/types\/product"}],"wp:featuredmedia":[{"embeddable":true,"href":"https:\/\/bybatt.com\/tr\/wp-json\/wp\/v2\/media\/489"}],"wp:attachment":[{"href":"https:\/\/bybatt.com\/tr\/wp-json\/wp\/v2\/media?parent=488"}],"wp:term":[{"taxonomy":"product_cat","embeddable":true,"href":"https:\/\/bybatt.com\/tr\/wp-json\/wp\/v2\/product_cat?post=488"},{"taxonomy":"product_tag","embeddable":true,"href":"https:\/\/bybatt.com\/tr\/wp-json\/wp\/v2\/product_tag?post=488"}],"curies":[{"name":"wp","href":"https:\/\/api.w.org\/{rel}","templated":true}]}}