{"id":493,"date":"2023-02-19T14:23:38","date_gmt":"2023-02-19T14:23:38","guid":{"rendered":"https:\/\/bybatt.com\/?post_type=product&#038;p=493"},"modified":"2023-02-19T14:31:49","modified_gmt":"2023-02-19T14:31:49","slug":"36v-7ah-252wh-downtube-mini-water-bottle-ebike-battery","status":"publish","type":"product","link":"https:\/\/bybatt.com\/tr\/urun\/36v-7ah-252wh-downtube-mini-water-bottle-ebike-battery\/","title":{"rendered":"36V 7Ah 252Wh Downtube Mini Su \u015ei\u015fesi eBike Pil"},"content":{"rendered":"","protected":false},"excerpt":{"rendered":"<p>36V 7Ah 252Wh Downtube Mini Su \u015ei\u015fesi eBike Pili, \u00f6zellikle elektrikli bisikletler i\u00e7in tasarlanm\u0131\u015f y\u00fcksek kaliteli, dayan\u0131kl\u0131 bir pildir. M\u00fckemmel performans ve g\u00fcvenilirlik sa\u011flayan 100% yeni Li(NiCoMn)O2 18650 h\u00fccrelerine sahiptir.<br \/>\n24v veya 36v anma gerilimi ve 5,2ah, 5,8ah, 6,8ah veya 10ah nominal kapasitesiyle bu pil, \u00e7e\u015fitli e-bisiklet modelleri i\u00e7in iyi bir menzil ve g\u00fc\u00e7 \u00e7\u0131k\u0131\u015f\u0131 sunar. Farkl\u0131 h\u00fccre tipleriyle iki boyutta gelir: 21 h\u00fccreli 18650 ile 63*75*325 mm veya 20 21700 h\u00fccreli 86*86*347 mm.<br \/>\nD\u0131\u015f kasa, sa\u011flam ve a\u015f\u0131nmaya ve y\u0131rt\u0131lmaya dayan\u0131kl\u0131 m\u00fcrekkep bal\u0131\u011f\u0131 \u015fi\u015fesi kutusundan yap\u0131lm\u0131\u015ft\u0131r. Batarya standart olarak sabit ak\u0131m 0,2C, sabit voltaj 54,6V ve 100mA kesme \u00f6zelli\u011fine sahiptir ve 0,5CA sabit ak\u0131m, 54,6V sabit voltaj ve 100mA kesme ile h\u0131zl\u0131 \u015farj edilebilir.<br \/>\nPil, standart bir sabit ak\u0131m 0,2C de\u015farj\u0131na ve 36,4V u\u00e7 voltaj\u0131na sahiptir ve 20A&#039;lik s\u00fcrekli bir de\u015farj ak\u0131m\u0131n\u0131 veya \u00f6zelle\u015ftirilmi\u015f bir de\u011feri kald\u0131rabilir. Pik de\u015farj ak\u0131m\u0131 60A veya \u00f6zelle\u015ftirilmi\u015f bir de\u011ferdir. DOD80% ile pilin \u00f6mr\u00fc yakla\u015f\u0131k 500 katt\u0131r ve a\u015f\u0131r\u0131 ak\u0131m korumas\u0131, a\u015f\u0131r\u0131 de\u015farj korumas\u0131, a\u015f\u0131r\u0131 \u015farj korumas\u0131, k\u0131sa devre korumas\u0131 ve denge dahil olmak \u00fczere BMS i\u015flevlerine sahiptir.<br \/>\nBatarya -10-40\u2103 s\u0131cakl\u0131k aral\u0131\u011f\u0131nda, 45-75% ba\u011f\u0131l nemde ve 86-106KPa bas\u0131n\u00e7ta saklanabilir. Genel olarak, 36V 7Ah 252Wh Downtube Mini Su \u015ei\u015fesi eBike Bataryas\u0131, e-bisiklet tutkunlar\u0131 i\u00e7in g\u00fcvenilir ve y\u00fcksek performansl\u0131 bir se\u00e7enektir.<\/p>","protected":false},"featured_media":494,"template":"","meta":{"_kad_post_transparent":"default","_kad_post_title":"","_kad_post_layout":"default","_kad_post_sidebar_id":"","_kad_post_content_style":"default","_kad_post_vertical_padding":"default","_kad_post_feature":"","_kad_post_feature_position":"","_kad_post_header":false,"_kad_post_footer":false},"product_cat":[19,21],"product_tag":[302,304,303,294,300,299,301],"class_list":["post-493","product","type-product","status-publish","has-post-thumbnail","hentry","product_cat-custom-ebike-battery","product_cat-down-tube-ebike-battery","product_tag-bottle-battery-ebike","product_tag-downtube-ebike-battery","product_tag-micro-bottle-ebike-battery","product_tag-mini-bottle-ebike-battery","product_tag-mini-water-bottle-ebike-battery","product_tag-protable-water-bottle-battery","product_tag-water-bottle-ebike-battery","entry","content-bg","loop-entry"],"_links":{"self":[{"href":"https:\/\/bybatt.com\/tr\/wp-json\/wp\/v2\/product\/493","targetHints":{"allow":["GET"]}}],"collection":[{"href":"https:\/\/bybatt.com\/tr\/wp-json\/wp\/v2\/product"}],"about":[{"href":"https:\/\/bybatt.com\/tr\/wp-json\/wp\/v2\/types\/product"}],"wp:featuredmedia":[{"embeddable":true,"href":"https:\/\/bybatt.com\/tr\/wp-json\/wp\/v2\/media\/494"}],"wp:attachment":[{"href":"https:\/\/bybatt.com\/tr\/wp-json\/wp\/v2\/media?parent=493"}],"wp:term":[{"taxonomy":"product_cat","embeddable":true,"href":"https:\/\/bybatt.com\/tr\/wp-json\/wp\/v2\/product_cat?post=493"},{"taxonomy":"product_tag","embeddable":true,"href":"https:\/\/bybatt.com\/tr\/wp-json\/wp\/v2\/product_tag?post=493"}],"curies":[{"name":"wp","href":"https:\/\/api.w.org\/{rel}","templated":true}]}}