{"id":500,"date":"2023-02-19T14:42:35","date_gmt":"2023-02-19T14:42:35","guid":{"rendered":"https:\/\/bybatt.com\/?post_type=product&#038;p=500"},"modified":"2023-02-19T15:00:42","modified_gmt":"2023-02-19T15:00:42","slug":"rechargeable-lithium-ion-seatpost-electric-bicycle-battery","status":"publish","type":"product","link":"https:\/\/bybatt.com\/tr\/urun\/rechargeable-lithium-ion-seatpost-electric-bicycle-battery\/","title":{"rendered":"\u015earj Edilebilir Lityum \u0130yon Sele Dire\u011fi Elektrikli Bisiklet Ak\u00fcs\u00fc"},"content":{"rendered":"","protected":false},"excerpt":{"rendered":"<p>\u015earj Edilebilir Lityum \u0130yon Seatpost Elektrikli Bisiklet Pili, elektrikli bisikletler i\u00e7in y\u00fcksek kaliteli, g\u00fcvenilir ve uzun \u00f6m\u00fcrl\u00fc bir g\u00fc\u00e7 kayna\u011f\u0131d\u0131r. 100% yeni h\u00fccrelere ve plastik bir d\u0131\u015f kasaya sahiptir. Ak\u00fc, se\u00e7ilen se\u00e7ene\u011fe ba\u011fl\u0131 olarak 10-21 Ah nominal kapasitede, 36V veya 48V olmak \u00fczere iki farkl\u0131 nominal voltaj se\u00e7ene\u011finde mevcuttur.<br \/>\nBatarya, 100mA kesme ile 0,2C sabit ak\u0131m ve 54,6V sabit voltaj i\u00e7eren standart bir \u015farj y\u00f6ntemi kullan\u0131larak \u015farj edilmek \u00fczere tasarlanm\u0131\u015ft\u0131r. Ayr\u0131ca, 100mA kesme ile 0,5CA sabit ak\u0131m ve 54,6V sabit voltaj i\u00e7eren h\u0131zl\u0131 \u015farj y\u00f6ntemi kullan\u0131larak h\u0131zl\u0131 bir \u015fekilde \u015farj edilebilir.<br \/>\nPil, 36,4 V u\u00e7 voltaj\u0131 ile standart bir 0,2 C de\u015farj oran\u0131na sahiptir. Se\u00e7ilen kapasiteye ba\u011fl\u0131 olarak yakla\u015f\u0131k 3,5 KG\/4,5 KG a\u011f\u0131rl\u0131\u011fa sahiptir. Pil, 20A&#039;lik s\u00fcrekli bir de\u015farj ak\u0131m\u0131 sa\u011flayabilir veya belirli ihtiya\u00e7lar\u0131 kar\u015f\u0131lamak \u00fczere \u00f6zelle\u015ftirilebilir. Ayr\u0131ca 60A&#039;l\u0131k bir pik de\u015farj ak\u0131m\u0131 sa\u011flayabilir veya \u00f6zel ihtiya\u00e7lar\u0131 kar\u015f\u0131lamak i\u00e7in \u00f6zelle\u015ftirilebilir.<br \/>\nPil, DOD80% ile 500 kat \u00e7evrim \u00f6mr\u00fcne sahiptir ve a\u015f\u0131r\u0131 ak\u0131m korumas\u0131, a\u015f\u0131r\u0131 de\u015farj korumas\u0131, a\u015f\u0131r\u0131 \u015farj korumas\u0131, k\u0131sa devre korumas\u0131 ve denge sa\u011flayan bir BMS i\u015flevi ile donat\u0131lm\u0131\u015ft\u0131r. -10-40\u2103 s\u0131cakl\u0131k, 45-75% ba\u011f\u0131l nem ve 86-106KPa bas\u0131n\u00e7 aral\u0131\u011f\u0131nda saklanabilir. Genel olarak, \u015earj Edilebilir Lityum \u0130yon Sele Dire\u011fi Elektrikli Bisiklet Pili, elektrikli bisikletler i\u00e7in y\u00fcksek kaliteli ve dayan\u0131kl\u0131 bir g\u00fc\u00e7 kayna\u011f\u0131d\u0131r.<\/p>","protected":false},"featured_media":501,"template":"","meta":{"_kad_post_transparent":"default","_kad_post_title":"","_kad_post_layout":"default","_kad_post_sidebar_id":"","_kad_post_content_style":"default","_kad_post_vertical_padding":"default","_kad_post_feature":"","_kad_post_feature_position":"","_kad_post_header":false,"_kad_post_footer":false},"product_cat":[19,21],"product_tag":[307,306,262,43,308,309,305],"class_list":["post-500","product","type-product","status-publish","has-post-thumbnail","hentry","product_cat-custom-ebike-battery","product_cat-down-tube-ebike-battery","product_tag-36v-13ah-ebike-battery","product_tag-e-bike-phylion-battery","product_tag-e-bike-seat-post-battery","product_tag-ebike-battery","product_tag-rechargeable-electric-battery","product_tag-seat-post-battery","product_tag-seatpost-electric-bicycle-battery","entry","content-bg","loop-entry"],"_links":{"self":[{"href":"https:\/\/bybatt.com\/tr\/wp-json\/wp\/v2\/product\/500","targetHints":{"allow":["GET"]}}],"collection":[{"href":"https:\/\/bybatt.com\/tr\/wp-json\/wp\/v2\/product"}],"about":[{"href":"https:\/\/bybatt.com\/tr\/wp-json\/wp\/v2\/types\/product"}],"wp:featuredmedia":[{"embeddable":true,"href":"https:\/\/bybatt.com\/tr\/wp-json\/wp\/v2\/media\/501"}],"wp:attachment":[{"href":"https:\/\/bybatt.com\/tr\/wp-json\/wp\/v2\/media?parent=500"}],"wp:term":[{"taxonomy":"product_cat","embeddable":true,"href":"https:\/\/bybatt.com\/tr\/wp-json\/wp\/v2\/product_cat?post=500"},{"taxonomy":"product_tag","embeddable":true,"href":"https:\/\/bybatt.com\/tr\/wp-json\/wp\/v2\/product_tag?post=500"}],"curies":[{"name":"wp","href":"https:\/\/api.w.org\/{rel}","templated":true}]}}