{"id":507,"date":"2023-02-19T15:01:23","date_gmt":"2023-02-19T15:01:23","guid":{"rendered":"https:\/\/bybatt.com\/?post_type=product&#038;p=507"},"modified":"2023-02-19T15:10:49","modified_gmt":"2023-02-19T15:10:49","slug":"24v-10ah-lithium-little-frog-style-battery-for-e-bike","status":"publish","type":"product","link":"https:\/\/bybatt.com\/tr\/urun\/24v-10ah-lithium-little-frog-style-battery-for-e-bike\/","title":{"rendered":"E-Bike i\u00e7in 24V 10Ah Lityum K\u00fc\u00e7\u00fck Kurba\u011fa Tarz\u0131 Pil"},"content":{"rendered":"","protected":false},"excerpt":{"rendered":"<p>24V 10Ah Lityum K\u00fc\u00e7\u00fck Kurba\u011fa Tarz\u0131 Pil, e-bisikletlerde kullan\u0131lmak \u00fczere tasarlanm\u0131\u015f y\u00fcksek kaliteli bir pildir. Pil, 100% yeni h\u00fccreler kullan\u0131r ve bir LiNiCoMno2 kimyas\u0131na sahiptir. 10.4ah ile 14ah aras\u0131nda de\u011fi\u015fen nominal kapasite ile 36V ve 48V dahil olmak \u00fczere farkl\u0131 voltaj ve kapasite se\u00e7enekleri mevcuttur. D\u0131\u015f kasa, dayan\u0131kl\u0131 ve hasara kar\u015f\u0131 diren\u00e7li hale getiren EEL kasa malzemesinden yap\u0131lm\u0131\u015ft\u0131r.<br \/>\nBatarya, 100mA kesme ile 0,2C sabit ak\u0131m ve 54,6V sabit voltaj ile standart bir \u015farj y\u00f6ntemi kullan\u0131larak \u015farj edilebilir. Ayr\u0131ca 0,5CA sabit ak\u0131m, 54,6V sabit voltaj ve 100mA kesme kullan\u0131larak h\u0131zl\u0131 \u015farj edilebilir. Standart de\u015farj y\u00f6ntemi, 0,2C sabit ak\u0131m ve 30V u\u00e7 voltaj\u0131 kullan\u0131r.<br \/>\nPilin DOD80% ile 500 kez \u00e7evrim \u00f6mr\u00fc vard\u0131r, bu da 80% de\u015farj derinli\u011fi ile 500 defaya kadar \u015farj edilip bo\u015falt\u0131labilece\u011fi anlam\u0131na gelir. S\u00fcrekli de\u015farj ak\u0131m\u0131 10A&#039;d\u0131r veya \u00f6zelle\u015ftirilebilir ve tepe de\u015farj ak\u0131m\u0131 30A&#039;d\u0131r veya belirli gereksinimleri kar\u015f\u0131lamak i\u00e7in \u00f6zelle\u015ftirilebilir. Pil ayr\u0131ca a\u015f\u0131r\u0131 ak\u0131m korumas\u0131, a\u015f\u0131r\u0131 de\u015farj korumas\u0131, a\u015f\u0131r\u0131 \u015farj korumas\u0131, k\u0131sa devre korumas\u0131 ve denge gibi BMS i\u015flevlerine sahiptir.<br \/>\nPilin saklama s\u0131cakl\u0131\u011f\u0131 aral\u0131\u011f\u0131 -10-40\u00b0C, ba\u011f\u0131l nem 45-75% ve bas\u0131n\u00e7 86-106KPa&#039;d\u0131r. Pil, belirli modele ba\u011fl\u0131 olarak yakla\u015f\u0131k 3,5 KG\/4,5 Kg a\u011f\u0131rl\u0131\u011fa sahiptir. Bu pil, e-bisikletini y\u00fcksek kaliteli bir lityum iyon pille \u00e7al\u0131\u015ft\u0131rmak isteyen herkes i\u00e7in g\u00fcvenilir ve verimli bir se\u00e7imdir.<\/p>","protected":false},"featured_media":508,"template":"","meta":{"_kad_post_transparent":"default","_kad_post_title":"","_kad_post_layout":"default","_kad_post_sidebar_id":"","_kad_post_content_style":"default","_kad_post_vertical_padding":"default","_kad_post_feature":"","_kad_post_feature_position":"","_kad_post_header":false,"_kad_post_footer":false},"product_cat":[19,21],"product_tag":[262,43,313,311,267,310,312],"class_list":["post-507","product","type-product","status-publish","has-post-thumbnail","hentry","product_cat-custom-ebike-battery","product_cat-down-tube-ebike-battery","product_tag-e-bike-seat-post-battery","product_tag-ebike-battery","product_tag-ebike-frog-battery","product_tag-frog-battery","product_tag-frog-ebike-battery","product_tag-frog-style-battery","product_tag-little-frog-battery-pack","entry","content-bg","loop-entry"],"_links":{"self":[{"href":"https:\/\/bybatt.com\/tr\/wp-json\/wp\/v2\/product\/507","targetHints":{"allow":["GET"]}}],"collection":[{"href":"https:\/\/bybatt.com\/tr\/wp-json\/wp\/v2\/product"}],"about":[{"href":"https:\/\/bybatt.com\/tr\/wp-json\/wp\/v2\/types\/product"}],"wp:featuredmedia":[{"embeddable":true,"href":"https:\/\/bybatt.com\/tr\/wp-json\/wp\/v2\/media\/508"}],"wp:attachment":[{"href":"https:\/\/bybatt.com\/tr\/wp-json\/wp\/v2\/media?parent=507"}],"wp:term":[{"taxonomy":"product_cat","embeddable":true,"href":"https:\/\/bybatt.com\/tr\/wp-json\/wp\/v2\/product_cat?post=507"},{"taxonomy":"product_tag","embeddable":true,"href":"https:\/\/bybatt.com\/tr\/wp-json\/wp\/v2\/product_tag?post=507"}],"curies":[{"name":"wp","href":"https:\/\/api.w.org\/{rel}","templated":true}]}}