{"id":514,"date":"2023-02-19T15:13:45","date_gmt":"2023-02-19T15:13:45","guid":{"rendered":"https:\/\/bybatt.com\/?post_type=product&#038;p=514"},"modified":"2023-02-19T15:22:48","modified_gmt":"2023-02-19T15:22:48","slug":"48v-downtube-reention-eel-inner-frame-electric-bike-battery","status":"publish","type":"product","link":"https:\/\/bybatt.com\/tr\/urun\/48v-downtube-reention-eel-inner-frame-electric-bike-battery\/","title":{"rendered":"48V Downtube Reention EEL \u0130\u00e7 \u00c7er\u00e7eve Elektrikli Bisiklet Ak\u00fcs\u00fc"},"content":{"rendered":"","protected":false},"excerpt":{"rendered":"<p>48V Downtube Reention EEL \u0130\u00e7 \u00c7er\u00e7eve Elektrikli Bisiklet Pili, elektrikli bisikletler i\u00e7in tasarlanm\u0131\u015f y\u00fcksek kaliteli, \u015farj edilebilir bir pildir. 100% yeni h\u00fccreler kullan\u0131larak yap\u0131lm\u0131\u015ft\u0131r ve LiNiCoMno2 kimyas\u0131na sahiptir. Pil, dayan\u0131kl\u0131 bir EEL kutusu i\u00e7inde gelir ve 10,4ah, 11,6ah, 13ah, 13,6ah ve 14ah dahil olmak \u00fczere \u00e7e\u015fitli anma kapasitelerinde mevcuttur.<br \/>\nPili \u015farj etmek i\u00e7in, 0,2C sabit ak\u0131m ve 100mA kesme ile 54,6V sabit voltaj i\u00e7eren standart bir \u015farj kullan\u0131l\u0131r. Batarya ayr\u0131ca 0,5CA sabit ak\u0131m ve 100mA kesme ile 54,6V sabit voltaj kullan\u0131larak h\u0131zl\u0131 \u015farj edilebilir.<br \/>\nPilin s\u00fcrekli de\u015farj ak\u0131m\u0131 10A&#039;dir veya \u00f6zel ihtiya\u00e7lar\u0131 kar\u015f\u0131lamak i\u00e7in \u00f6zelle\u015ftirilebilir. Ayr\u0131ca 30A&#039;l\u0131k bir pik de\u015farj ak\u0131m\u0131na sahiptir veya \u00f6zel ihtiya\u00e7lar\u0131 kar\u015f\u0131lamak i\u00e7in \u00f6zelle\u015ftirilebilir. Pil, DOD80% ile 500 defaya kadar d\u00f6ng\u00fc yapacak \u015fekilde tasarlanm\u0131\u015ft\u0131r ve a\u015f\u0131r\u0131 ak\u0131m korumas\u0131, a\u015f\u0131r\u0131 de\u015farj korumas\u0131, a\u015f\u0131r\u0131 \u015farj korumas\u0131, k\u0131sa devre korumas\u0131 ve denge i\u00e7eren bir BMS i\u015flevine sahiptir.<br \/>\nPil, -10-40\u2103 s\u0131cakl\u0131k aral\u0131\u011f\u0131nda, 45-75% ba\u011f\u0131l nemde ve 86-106KPa bas\u0131n\u00e7 aral\u0131\u011f\u0131nda \u00e7al\u0131\u015facak \u015fekilde tasarlanm\u0131\u015ft\u0131r. Yakla\u015f\u0131k 3,5 KG\/4,5 Kg a\u011f\u0131rl\u0131\u011f\u0131ndad\u0131r ve s\u00fcr\u00fc\u015flerine g\u00fc\u00e7 sa\u011flamak i\u00e7in g\u00fcvenilir ve verimli bir pil arayan elektrikli bisiklet tutkunlar\u0131 i\u00e7in m\u00fckemmel bir se\u00e7enektir.<\/p>","protected":false},"featured_media":515,"template":"","meta":{"_kad_post_transparent":"default","_kad_post_title":"","_kad_post_layout":"default","_kad_post_sidebar_id":"","_kad_post_content_style":"default","_kad_post_vertical_padding":"default","_kad_post_feature":"","_kad_post_feature_position":"","_kad_post_header":false,"_kad_post_footer":false},"product_cat":[19,23],"product_tag":[317,52,318,315,316,314],"class_list":["post-514","product","type-product","status-publish","has-post-thumbnail","hentry","product_cat-custom-ebike-battery","product_cat-inner-ebike-battery","product_tag-48v-10-4ah-14ah-ebike-batteries","product_tag-battery","product_tag-electric-bike-battery","product_tag-electric-bike-frame-battery-inside","product_tag-frame-electric-bike-battery","product_tag-inner-frame-electric-bike-battery","entry","content-bg","loop-entry"],"_links":{"self":[{"href":"https:\/\/bybatt.com\/tr\/wp-json\/wp\/v2\/product\/514","targetHints":{"allow":["GET"]}}],"collection":[{"href":"https:\/\/bybatt.com\/tr\/wp-json\/wp\/v2\/product"}],"about":[{"href":"https:\/\/bybatt.com\/tr\/wp-json\/wp\/v2\/types\/product"}],"wp:featuredmedia":[{"embeddable":true,"href":"https:\/\/bybatt.com\/tr\/wp-json\/wp\/v2\/media\/515"}],"wp:attachment":[{"href":"https:\/\/bybatt.com\/tr\/wp-json\/wp\/v2\/media?parent=514"}],"wp:term":[{"taxonomy":"product_cat","embeddable":true,"href":"https:\/\/bybatt.com\/tr\/wp-json\/wp\/v2\/product_cat?post=514"},{"taxonomy":"product_tag","embeddable":true,"href":"https:\/\/bybatt.com\/tr\/wp-json\/wp\/v2\/product_tag?post=514"}],"curies":[{"name":"wp","href":"https:\/\/api.w.org\/{rel}","templated":true}]}}