{"id":536,"date":"2023-02-20T01:47:15","date_gmt":"2023-02-20T01:47:15","guid":{"rendered":"https:\/\/bybatt.com\/?post_type=product&#038;p=536"},"modified":"2023-02-20T01:55:19","modified_gmt":"2023-02-20T01:55:19","slug":"48v-14ah-reention-eel-pro-electric-bicycle-lithium-batteries","status":"publish","type":"product","link":"https:\/\/bybatt.com\/tr\/urun\/48v-14ah-reention-eel-pro-electric-bicycle-lithium-batteries\/","title":{"rendered":"48V 14Ah Tutma EEL Pro Elektrikli Bisiklet Lityum Piller"},"content":{"rendered":"","protected":false},"excerpt":{"rendered":"<p>48V 14Ah Reention EEL Pro Elektrikli Bisiklet Lityum Pilleri, \u00f6zellikle elektrikli bisikletler i\u00e7in tasarlanm\u0131\u015f y\u00fcksek kaliteli bir pil paketidir. Piller, m\u00fckemmel performans ve uzun \u00e7evrim \u00f6mr\u00fc sa\u011flayan LiNiCoMno2 kimyas\u0131na sahip 100% yeni h\u00fccreler kullan\u0131larak yap\u0131lm\u0131\u015ft\u0131r. Ak\u00fcler, 10,4 Ah ile 14 Ah aras\u0131nda de\u011fi\u015fen kapasitelere sahip 36 V ve 48 V dahil olmak \u00fczere farkl\u0131 voltaj ve kapasite derecelerinde mevcuttur.<br \/>\nPillerin d\u0131\u015f kasas\u0131, darbelere ve di\u011fer hasar t\u00fcrlerine kar\u015f\u0131 m\u00fckemmel koruma sa\u011flayan dayan\u0131kl\u0131 EEL malzemeden yap\u0131lm\u0131\u015ft\u0131r. Piller, 100mA kesme ile standart 0,2C sabit ak\u0131m ve 54,6V sabit voltaj kullan\u0131larak \u015farj edilecek \u015fekilde tasarlanm\u0131\u015ft\u0131r. 0,5CA sabit ak\u0131m ve ayn\u0131 sabit voltaj ve kesme kullan\u0131larak h\u0131zl\u0131 \u015farj da m\u00fcmk\u00fcnd\u00fcr.<br \/>\nPiller, u\u00e7 voltaj\u0131 30V&#039;a ula\u015fana kadar 0,2C&#039;lik sabit bir ak\u0131m kullan\u0131larak de\u015farj edilebilir. Piller, 80% de\u015farj derinli\u011fi (DOD) ile 500 kez \u00e7evrim \u00f6mr\u00fcne sahiptir. Piller, 30A tepe de\u015farj ak\u0131m\u0131 ile 10A s\u00fcrekli de\u015farj ak\u0131m\u0131na sahiptir. Ak\u00fc y\u00f6netim sistemi (BMS), a\u015f\u0131r\u0131 ak\u0131m, a\u015f\u0131r\u0131 de\u015farj, a\u015f\u0131r\u0131 \u015farj ve k\u0131sa devre durumlar\u0131na kar\u015f\u0131 koruma sa\u011flar ve ayr\u0131ca h\u00fccrelerin dengeli olmas\u0131n\u0131 sa\u011flar.<br \/>\nPiller, -10\u00b0C ile 40\u00b0C aras\u0131ndaki s\u0131cakl\u0131klarda, 45-75% ba\u011f\u0131l nem ve 86-106KPa bas\u0131n\u00e7la saklanabilir. Bu piller, elektrikli bisikletlerinin pilini y\u00fckseltmek veya de\u011fi\u015ftirmek isteyen herkes i\u00e7in m\u00fckemmel bir se\u00e7imdir ve s\u00fcr\u00fc\u015f\u00fcn\u00fcz i\u00e7in g\u00fcvenilir ve y\u00fcksek performansl\u0131 g\u00fc\u00e7 sa\u011flar.<\/p>","protected":false},"featured_media":537,"template":"","meta":{"_kad_post_transparent":"default","_kad_post_title":"","_kad_post_layout":"default","_kad_post_sidebar_id":"","_kad_post_content_style":"default","_kad_post_vertical_padding":"default","_kad_post_feature":"","_kad_post_feature_position":"","_kad_post_header":false,"_kad_post_footer":false},"product_cat":[19,23],"product_tag":[322,325,324,323,319,320,321],"class_list":["post-536","product","type-product","status-publish","has-post-thumbnail","hentry","product_cat-custom-ebike-battery","product_cat-inner-ebike-battery","product_tag-48v-14ah-li-ion-electric-bike-battery","product_tag-48v-14ah-reention-eel-battery","product_tag-8-volt-lithium-bike-battery","product_tag-bike-battery-12-8ah","product_tag-electric-bicycle-lithium-batteries","product_tag-reention-eel-pro","product_tag-reention-eel-pro-electric-bicycle-batteries","entry","content-bg","loop-entry"],"_links":{"self":[{"href":"https:\/\/bybatt.com\/tr\/wp-json\/wp\/v2\/product\/536","targetHints":{"allow":["GET"]}}],"collection":[{"href":"https:\/\/bybatt.com\/tr\/wp-json\/wp\/v2\/product"}],"about":[{"href":"https:\/\/bybatt.com\/tr\/wp-json\/wp\/v2\/types\/product"}],"wp:featuredmedia":[{"embeddable":true,"href":"https:\/\/bybatt.com\/tr\/wp-json\/wp\/v2\/media\/537"}],"wp:attachment":[{"href":"https:\/\/bybatt.com\/tr\/wp-json\/wp\/v2\/media?parent=536"}],"wp:term":[{"taxonomy":"product_cat","embeddable":true,"href":"https:\/\/bybatt.com\/tr\/wp-json\/wp\/v2\/product_cat?post=536"},{"taxonomy":"product_tag","embeddable":true,"href":"https:\/\/bybatt.com\/tr\/wp-json\/wp\/v2\/product_tag?post=536"}],"curies":[{"name":"wp","href":"https:\/\/api.w.org\/{rel}","templated":true}]}}