{"id":543,"date":"2023-02-20T01:56:32","date_gmt":"2023-02-20T01:56:32","guid":{"rendered":"https:\/\/bybatt.com\/?post_type=product&#038;p=543"},"modified":"2023-02-20T02:03:31","modified_gmt":"2023-02-20T02:03:31","slug":"36v-24-5ah-reention-kirin-electric-bicycle-battery-pack","status":"publish","type":"product","link":"https:\/\/bybatt.com\/tr\/urun\/36v-24-5ah-reention-kirin-electric-bicycle-battery-pack\/","title":{"rendered":"36V 24.5Ah Tutma Kirin Elektrikli Bisiklet Pil Paketi"},"content":{"rendered":"","protected":false},"excerpt":{"rendered":"<p>Reention Kirin Elektrikli Bisiklet Pil Paketi, elektrikli bisikletler i\u00e7in tasarlanm\u0131\u015f y\u00fcksek kaliteli bir pil paketidir. 36V gerilime ve 24.5Ah kapasiteye sahiptir ve konfig\u00fcrasyona ba\u011fl\u0131 olarak toplam 696-910Wh g\u00fc\u00e7 sa\u011flar. Pil paketi, her biri 3000mAh-3500mAh kapasiteye sahip 13S5P veya 14S5P h\u00fccrelerden olu\u015fur. Batarya y\u00f6netim sistemi (BMS) 30A olarak derecelendirilmi\u015ftir ve batarya 2-5A \u015farj ak\u0131m\u0131n\u0131 kald\u0131rabilir.<br \/>\nPil paketi, 48V 250-1000W veya 48V&amp;52V 250-1000W g\u00fc\u00e7 aral\u0131\u011f\u0131na sahip elektrik motorlar\u0131yla \u00e7al\u0131\u015facak \u015fekilde tasarlanm\u0131\u015ft\u0131r. 0-45\u00b0C \u015farj s\u0131cakl\u0131k aral\u0131\u011f\u0131na ve -20-65\u00b0C de\u015farj s\u0131cakl\u0131k aral\u0131\u011f\u0131na sahiptir. Pil paketi, \u226580% kapasite tutma oran\u0131yla en az 800 d\u00f6ng\u00fcl\u00fck bir \u00e7evrim \u00f6mr\u00fcne sahiptir.<br \/>\nPil paketi 4,5-5 kg a\u011f\u0131rl\u0131\u011f\u0131nda ve 526 mm x 79 mm x 104 mm boyutlar\u0131nda. Pil tak\u0131m\u0131nda kullan\u0131lan t\u00fcm h\u00fccreler yepyeni olup, y\u00fcksek kaliteli performans ve uzun \u00f6m\u00fcr sa\u011flar.<\/p>","protected":false},"featured_media":544,"template":"","meta":{"_kad_post_transparent":"default","_kad_post_title":"","_kad_post_layout":"default","_kad_post_sidebar_id":"","_kad_post_content_style":"default","_kad_post_vertical_padding":"default","_kad_post_feature":"","_kad_post_feature_position":"","_kad_post_header":false,"_kad_post_footer":false},"product_cat":[19,23],"product_tag":[330,51,328,326,331,327,329],"class_list":["post-543","product","type-product","status-publish","has-post-thumbnail","hentry","product_cat-custom-ebike-battery","product_cat-inner-ebike-battery","product_tag-21ah-36v","product_tag-battery-electric-bike","product_tag-bosch-ebike-battery-replacement","product_tag-electric-bicycle-battery-pack","product_tag-reention-kirin-battery","product_tag-reention-kirin-ebike-battery","product_tag-reention-kirin-electric-bicycle-battery-pack","entry","content-bg","loop-entry"],"_links":{"self":[{"href":"https:\/\/bybatt.com\/tr\/wp-json\/wp\/v2\/product\/543","targetHints":{"allow":["GET"]}}],"collection":[{"href":"https:\/\/bybatt.com\/tr\/wp-json\/wp\/v2\/product"}],"about":[{"href":"https:\/\/bybatt.com\/tr\/wp-json\/wp\/v2\/types\/product"}],"wp:featuredmedia":[{"embeddable":true,"href":"https:\/\/bybatt.com\/tr\/wp-json\/wp\/v2\/media\/544"}],"wp:attachment":[{"href":"https:\/\/bybatt.com\/tr\/wp-json\/wp\/v2\/media?parent=543"}],"wp:term":[{"taxonomy":"product_cat","embeddable":true,"href":"https:\/\/bybatt.com\/tr\/wp-json\/wp\/v2\/product_cat?post=543"},{"taxonomy":"product_tag","embeddable":true,"href":"https:\/\/bybatt.com\/tr\/wp-json\/wp\/v2\/product_tag?post=543"}],"curies":[{"name":"wp","href":"https:\/\/api.w.org\/{rel}","templated":true}]}}