{"id":550,"date":"2023-02-20T02:15:50","date_gmt":"2023-02-20T02:15:50","guid":{"rendered":"https:\/\/bybatt.com\/?post_type=product&#038;p=550"},"modified":"2023-02-20T02:24:42","modified_gmt":"2023-02-20T02:24:42","slug":"tiger-shark-48v-lithium-ion-downtube-mounted-e-bike-battery","status":"publish","type":"product","link":"https:\/\/bybatt.com\/tr\/urun\/tiger-shark-48v-lithium-ion-downtube-mounted-e-bike-battery\/","title":{"rendered":"Tiger Shark 48V Lityum \u0130yon Downtube Monteli E-Bike Bataryas\u0131"},"content":{"rendered":"","protected":false},"excerpt":{"rendered":"<p>Tiger Shark 48V Lithium ion Downtube Mounted E-Bike Battery, elektrikli bisikletler i\u00e7in tasarlanm\u0131\u015f y\u00fcksek kaliteli bir pildir. Batarya 100% yeni h\u00fccreler kullan\u0131r ve \u00fc\u00e7 farkl\u0131 voltaj se\u00e7ene\u011fi mevcuttur: 36V, 48V ve 52V. Pilin nominal kapasitesi 13ah ile 20,4ah aras\u0131nda de\u011fi\u015fir ve uzun s\u00fcreli s\u00fcr\u00fc\u015fler i\u00e7in bol miktarda g\u00fc\u00e7 sa\u011flar.<br \/>\nTiger Shark 48V Lithium ion Downtube Mounted E-Bike Battery&#039;de kullan\u0131lan pil h\u00fccreleri 18650 3.7V 2500mah h\u00fccrelerdir. Standart \u015farj ak\u0131m\u0131 2A&#039;d\u0131r, ancak \u00f6zelle\u015ftirilebilir ve maksimum de\u015farj ak\u0131m\u0131 da \u00f6zelle\u015ftirilebilir olan 20A&#039;d\u0131r. Pilin \u00e7evrim \u00f6mr\u00fc 1000 kattan fazlad\u0131r, bu da onu uzun \u00f6m\u00fcrl\u00fc ve uygun maliyetli bir se\u00e7enek haline getirir.<br \/>\nTiger Shark 48V Lityum iyon Downtube Monteli E-Bike Bataryas\u0131, her biri benzersiz bir h\u00fccre konfig\u00fcrasyonuna sahip alt\u0131 farkl\u0131 boyutta gelir. Ak\u00fc, \u00e7o\u011fu e-bisiklet \u00fczerine kolayca monte edilmesini sa\u011flayan boruya monte edilmi\u015ftir. Pilin a\u011f\u0131rl\u0131\u011f\u0131 yakla\u015f\u0131k 5 KG&#039;d\u0131r ve bu da onu nispeten hafif bir se\u00e7enek haline getirir.<br \/>\nPil, a\u015f\u0131r\u0131 \u015farj korumas\u0131, a\u015f\u0131r\u0131 de\u015farj korumas\u0131, a\u015f\u0131r\u0131 ak\u0131m korumas\u0131, k\u0131sa devre korumas\u0131 ve daha fazlas\u0131 dahil olmak \u00fczere \u00e7e\u015fitli koruma mekanizmalar\u0131na sahiptir. \u015earj s\u0131cakl\u0131k aral\u0131\u011f\u0131 045\u00b0C ve bo\u015faltma s\u0131cakl\u0131k aral\u0131\u011f\u0131 -2060\u00b0C&#039;dir. Saklama s\u0131cakl\u0131\u011f\u0131 aral\u0131\u011f\u0131 20~35\u00b0C olup pilin g\u00fcvenli ve verimli bir \u015fekilde saklanmas\u0131n\u0131 sa\u011flar.<br \/>\nGenel olarak, Tiger Shark 48V Lithium ion Downtube Mounted E-Bike Battery, elektrikli bisikletine g\u00fc\u00e7 sa\u011flamak isteyen herkes i\u00e7in y\u00fcksek kaliteli, uzun \u00f6m\u00fcrl\u00fc ve g\u00fcvenilir bir se\u00e7enektir.<\/p>","protected":false},"featured_media":551,"template":"","meta":{"_kad_post_transparent":"default","_kad_post_title":"","_kad_post_layout":"default","_kad_post_sidebar_id":"","_kad_post_content_style":"default","_kad_post_vertical_padding":"default","_kad_post_feature":"","_kad_post_feature_position":"","_kad_post_header":false,"_kad_post_footer":false},"product_cat":[19,21],"product_tag":[335,336,304,332,43,333,334,337],"class_list":["post-550","product","type-product","status-publish","has-post-thumbnail","hentry","product_cat-custom-ebike-battery","product_cat-down-tube-ebike-battery","product_tag-bosch-ebike-battery","product_tag-downtube-battery","product_tag-downtube-ebike-battery","product_tag-downtube-mounted-e-bike-battery","product_tag-ebike-battery","product_tag-ebike-battery-parts","product_tag-tiger-shark-48v10ah","product_tag-tiger-shark-ebike-battery","entry","content-bg","loop-entry"],"_links":{"self":[{"href":"https:\/\/bybatt.com\/tr\/wp-json\/wp\/v2\/product\/550","targetHints":{"allow":["GET"]}}],"collection":[{"href":"https:\/\/bybatt.com\/tr\/wp-json\/wp\/v2\/product"}],"about":[{"href":"https:\/\/bybatt.com\/tr\/wp-json\/wp\/v2\/types\/product"}],"wp:featuredmedia":[{"embeddable":true,"href":"https:\/\/bybatt.com\/tr\/wp-json\/wp\/v2\/media\/551"}],"wp:attachment":[{"href":"https:\/\/bybatt.com\/tr\/wp-json\/wp\/v2\/media?parent=550"}],"wp:term":[{"taxonomy":"product_cat","embeddable":true,"href":"https:\/\/bybatt.com\/tr\/wp-json\/wp\/v2\/product_cat?post=550"},{"taxonomy":"product_tag","embeddable":true,"href":"https:\/\/bybatt.com\/tr\/wp-json\/wp\/v2\/product_tag?post=550"}],"curies":[{"name":"wp","href":"https:\/\/api.w.org\/{rel}","templated":true}]}}