{"id":557,"date":"2023-02-20T02:27:51","date_gmt":"2023-02-20T02:27:51","guid":{"rendered":"https:\/\/bybatt.com\/?post_type=product&#038;p=557"},"modified":"2023-02-20T02:36:38","modified_gmt":"2023-02-20T02:36:38","slug":"52v-50amp-8-4ah-rechargeable-21700-lithium-e-bike-battery","status":"publish","type":"product","link":"https:\/\/bybatt.com\/tr\/urun\/52v-50amp-8-4ah-rechargeable-21700-lithium-e-bike-battery\/","title":{"rendered":"52V 50AMP 8.4AH \u015earj Edilebilir 21700 Lityum E-Bisiklet Pili"},"content":{"rendered":"","protected":false},"excerpt":{"rendered":"<p>52V 50AMP 8.4AH \u015earj Edilebilir 21700 Lityum E-Bisiklet Pili, elektrikli bisikletlerde kullan\u0131lmak \u00fczere tasarlanm\u0131\u015f y\u00fcksek performansl\u0131 bir lityum iyon pildir. 100% yeni h\u00fccrelerden yap\u0131lm\u0131\u015ft\u0131r ve 36V, 48V ve 52V anma gerilimleri ve 13ah ile 20,4ah aras\u0131nda de\u011fi\u015fen anma kapasiteleri ile birka\u00e7 farkl\u0131 konfig\u00fcrasyonda mevcuttur. Pil, 18650 3.7V 2500mah h\u00fccreler kullan\u0131larak \u00fcretilmi\u015ftir ve 2A&#039;l\u0131k standart bir \u015farj ak\u0131m\u0131na sahiptir, ancak bu \u00f6zel gereksinimlere uyacak \u015fekilde \u00f6zelle\u015ftirilebilir.<br \/>\nPil, maksimum 51A de\u015farj ak\u0131m\u0131 sa\u011flama kapasitesine sahiptir ve 1000 kattan fazla \u00e7evrim \u00f6mr\u00fcne sahiptir. Sabit ak\u0131m, sabit voltaj \u015farj y\u00f6ntemi kullan\u0131larak \u015farj edilebilir ve \u00fc\u00e7 farkl\u0131 boyutta mevcuttur: Polly DP-9 367mm x 141mm x 90mm, Polly DP-5\/5C 368mm x 96mm x 90mm ve Polly DP-6\/ 6C 368mm x 112mm x 90mm. Pil yakla\u015f\u0131k 5 KG a\u011f\u0131rl\u0131\u011f\u0131ndad\u0131r ve 045\u00b0C aras\u0131ndaki s\u0131cakl\u0131klarda \u015farj edilebilirken, bo\u015faltma s\u0131cakl\u0131\u011f\u0131 -2060\u00b0C aras\u0131ndad\u0131r. Pil ayr\u0131ca a\u015f\u0131r\u0131 \u015farja, a\u015f\u0131r\u0131 de\u015farja, a\u015f\u0131r\u0131 ak\u0131ma, k\u0131sa devrelere ve di\u011fer tehlikelere kar\u015f\u0131 korumaya sahiptir.<\/p>","protected":false},"featured_media":558,"template":"","meta":{"_kad_post_transparent":"default","_kad_post_title":"","_kad_post_layout":"default","_kad_post_sidebar_id":"","_kad_post_content_style":"default","_kad_post_vertical_padding":"default","_kad_post_feature":"","_kad_post_feature_position":"","_kad_post_header":false,"_kad_post_footer":false},"product_cat":[19,21],"product_tag":[341,338,342,343,340,339],"class_list":["post-557","product","type-product","status-publish","has-post-thumbnail","hentry","product_cat-custom-ebike-battery","product_cat-down-tube-ebike-battery","product_tag-21700-cell-rechargeable-ebike-battery","product_tag-21700-lithium-e-bike-battery","product_tag-52v-ebike-battery","product_tag-e-bike-battery-replacement","product_tag-electric-bike-battery-36v","product_tag-lithium-ion-e-bike-battery","entry","content-bg","loop-entry"],"_links":{"self":[{"href":"https:\/\/bybatt.com\/tr\/wp-json\/wp\/v2\/product\/557","targetHints":{"allow":["GET"]}}],"collection":[{"href":"https:\/\/bybatt.com\/tr\/wp-json\/wp\/v2\/product"}],"about":[{"href":"https:\/\/bybatt.com\/tr\/wp-json\/wp\/v2\/types\/product"}],"wp:featuredmedia":[{"embeddable":true,"href":"https:\/\/bybatt.com\/tr\/wp-json\/wp\/v2\/media\/558"}],"wp:attachment":[{"href":"https:\/\/bybatt.com\/tr\/wp-json\/wp\/v2\/media?parent=557"}],"wp:term":[{"taxonomy":"product_cat","embeddable":true,"href":"https:\/\/bybatt.com\/tr\/wp-json\/wp\/v2\/product_cat?post=557"},{"taxonomy":"product_tag","embeddable":true,"href":"https:\/\/bybatt.com\/tr\/wp-json\/wp\/v2\/product_tag?post=557"}],"curies":[{"name":"wp","href":"https:\/\/api.w.org\/{rel}","templated":true}]}}