{"id":564,"date":"2023-02-20T03:00:52","date_gmt":"2023-02-20T03:00:52","guid":{"rendered":"https:\/\/bybatt.com\/?post_type=product&#038;p=564"},"modified":"2023-02-20T03:06:21","modified_gmt":"2023-02-20T03:06:21","slug":"48v-14ah-lithium-ion-e-bike-batteries-in-aluminum-case","status":"publish","type":"product","link":"https:\/\/bybatt.com\/tr\/urun\/48v-14ah-lithium-ion-e-bike-batteries-in-aluminum-case\/","title":{"rendered":"Al\u00fcminyum Kasada 48V 14Ah Lityum \u0130yon E-Bisiklet Ak\u00fcleri"},"content":{"rendered":"","protected":false},"excerpt":{"rendered":"<p>Bu \u00fcr\u00fcn, al\u00fcminyum bir kasa i\u00e7inde bulunan bir 48V lityum iyon e-bisiklet pilidir. Kullan\u0131lan pil h\u00fccreleri 100% yenidir ve Li(NiCoMn)O2 18650 kimyas\u0131na sahiptir. Nominal gerilimi 36V veya 48V ve nominal kapasitesi 15Ah, 17.5ah, 12.8ah veya 14ah&#039;d\u0131r. Kullan\u0131lan pil h\u00fccresi, 3200mAh veya 3400mAh kapasiteli \u00fcnl\u00fc bir 18650 pildir. Pil yap\u0131land\u0131rmas\u0131 13S5P&#039;dir ve pil y\u00f6netim sistemi (BMS) 16A&#039;d\u0131r veya \u00f6zelle\u015ftirilebilir. Pil 40mm X 100mm x 430mm boyutlar\u0131ndad\u0131r ve 4.5KGS a\u011f\u0131rl\u0131\u011f\u0131nda 52 18650 h\u00fccre i\u00e7erir. De\u015farj kesme voltaj\u0131 30V ve \u015farj voltaj\u0131 42.6V&#039;dir. Pil, 20 ~ 60 Santigrat \u00e7al\u0131\u015fma s\u0131cakl\u0131\u011f\u0131 aral\u0131\u011f\u0131nda 800 d\u00f6ng\u00fcden sonra g\u00fcc\u00fcn\u00fcn 80%&#039;sini koruyabilir.<\/p>","protected":false},"featured_media":565,"template":"","meta":{"_kad_post_transparent":"default","_kad_post_title":"","_kad_post_layout":"default","_kad_post_sidebar_id":"","_kad_post_content_style":"default","_kad_post_vertical_padding":"default","_kad_post_feature":"","_kad_post_feature_position":"","_kad_post_header":false,"_kad_post_footer":false},"product_cat":[19,21],"product_tag":[345,346,344,318],"class_list":["post-564","product","type-product","status-publish","has-post-thumbnail","hentry","product_cat-custom-ebike-battery","product_cat-down-tube-ebike-battery","product_tag-48v-14ah-lithium-pack","product_tag-bike-battery","product_tag-e-bike-batteries-in-aluminum-case","product_tag-electric-bike-battery","entry","content-bg","loop-entry"],"_links":{"self":[{"href":"https:\/\/bybatt.com\/tr\/wp-json\/wp\/v2\/product\/564","targetHints":{"allow":["GET"]}}],"collection":[{"href":"https:\/\/bybatt.com\/tr\/wp-json\/wp\/v2\/product"}],"about":[{"href":"https:\/\/bybatt.com\/tr\/wp-json\/wp\/v2\/types\/product"}],"wp:featuredmedia":[{"embeddable":true,"href":"https:\/\/bybatt.com\/tr\/wp-json\/wp\/v2\/media\/565"}],"wp:attachment":[{"href":"https:\/\/bybatt.com\/tr\/wp-json\/wp\/v2\/media?parent=564"}],"wp:term":[{"taxonomy":"product_cat","embeddable":true,"href":"https:\/\/bybatt.com\/tr\/wp-json\/wp\/v2\/product_cat?post=564"},{"taxonomy":"product_tag","embeddable":true,"href":"https:\/\/bybatt.com\/tr\/wp-json\/wp\/v2\/product_tag?post=564"}],"curies":[{"name":"wp","href":"https:\/\/api.w.org\/{rel}","templated":true}]}}