{"id":579,"date":"2023-02-20T03:58:05","date_gmt":"2023-02-20T03:58:05","guid":{"rendered":"https:\/\/bybatt.com\/?post_type=product&#038;p=579"},"modified":"2023-02-20T04:04:26","modified_gmt":"2023-02-20T04:04:26","slug":"hailong-battery-52v-17-5ah-electric-bicycle-battery-pack","status":"publish","type":"product","link":"https:\/\/bybatt.com\/tr\/urun\/hailong-battery-52v-17-5ah-electric-bicycle-battery-pack\/","title":{"rendered":"Hailong Pil 52V 17.5Ah Elektrikli Bisiklet Pil Paketi"},"content":{"rendered":"","protected":false},"excerpt":{"rendered":"<p>Orijinal 48V 17,5Ah Reention Dorado E Bisiklet Ak\u00fcs\u00fc, elektrikli bisikletlerde kullan\u0131lmak \u00fczere tasarlanm\u0131\u015ft\u0131r ve 36V veya 48V nominal gerilime ve 10,4Ah, 11,6Ah, 13,6Ah, 13Ah, 14,5Ah veya 17,5Ah nominal kapasiteye sahiptir. Pil, LiNiCoMnO2 kimyas\u0131 ve 18650 3.7V 2500mAh h\u00fccre kullan\u0131r.<br \/>\nPilin d\u0131\u015f kasa stili, bir i\u00e7 pil kutusudur ve pilde kullan\u0131lan h\u00fccre say\u0131s\u0131 modele g\u00f6re de\u011fi\u015fir. Dorado Mini 30 veya 40 h\u00fccre kullan\u0131r, Dorado Pro 40 veya 50 h\u00fccre kullan\u0131r, Dorado Plus 52 veya 65 h\u00fccre kullan\u0131r ve Dorado Max 64 veya 80 h\u00fccre kullan\u0131r. Pilin a\u011f\u0131rl\u0131\u011f\u0131 5.5KGS&#039;dir.<br \/>\nBatarya, 0,2C sabit ak\u0131m ve 54,6V sabit voltaj ile 100mA kesme ile standart bir \u015farj veya 0,5CA sabit ak\u0131m ve 54,6V sabit voltaj ile h\u0131zl\u0131 \u015farj kullan\u0131larak \u015farj edilebilir. 100mA kesme. Batarya, 0,2C sabit ak\u0131m ve 39V u\u00e7 voltaj\u0131 kullan\u0131larak de\u015farj edilebilir.<br \/>\nPil, DOD80% ile 500 kez \u00e7evrim \u00f6mr\u00fcne ve 17A&#039;l\u0131k veya \u00f6zelle\u015ftirilmi\u015f s\u00fcrekli de\u015farj ak\u0131m\u0131na sahiptir. Tepe de\u015farj ak\u0131m\u0131 51A veya \u00f6zelle\u015ftirilmi\u015ftir. Batarya y\u00f6netim sistemi (BMS) a\u015f\u0131r\u0131 ak\u0131m korumas\u0131, a\u015f\u0131r\u0131 de\u015farj korumas\u0131, a\u015f\u0131r\u0131 \u015farj korumas\u0131, k\u0131sa devre korumas\u0131 ve denge sa\u011flar. Batarya -10-40\u2103 aras\u0131ndaki s\u0131cakl\u0131klarda, 45-75% ba\u011f\u0131l nem ve 86-106KPa bas\u0131n\u00e7ta saklanabilir.<\/p>","protected":false},"featured_media":580,"template":"","meta":{"_kad_post_transparent":"default","_kad_post_title":"","_kad_post_layout":"default","_kad_post_sidebar_id":"","_kad_post_content_style":"default","_kad_post_vertical_padding":"default","_kad_post_feature":"","_kad_post_feature_position":"","_kad_post_header":false,"_kad_post_footer":false},"product_cat":[19,21],"product_tag":[354,353,326,351,355,356,352],"class_list":["post-579","product","type-product","status-publish","has-post-thumbnail","hentry","product_cat-custom-ebike-battery","product_cat-down-tube-ebike-battery","product_tag-battery-pack","product_tag-electric-bicycle-52v-20ah-battery","product_tag-electric-bicycle-battery-pack","product_tag-hailong-battery-52v-17-5ah","product_tag-hailong-s039-3-battery","product_tag-hailong-s039-3-electric-bicycle-battery","product_tag-lithium-ion-battery-pack","entry","content-bg","loop-entry"],"_links":{"self":[{"href":"https:\/\/bybatt.com\/tr\/wp-json\/wp\/v2\/product\/579","targetHints":{"allow":["GET"]}}],"collection":[{"href":"https:\/\/bybatt.com\/tr\/wp-json\/wp\/v2\/product"}],"about":[{"href":"https:\/\/bybatt.com\/tr\/wp-json\/wp\/v2\/types\/product"}],"wp:featuredmedia":[{"embeddable":true,"href":"https:\/\/bybatt.com\/tr\/wp-json\/wp\/v2\/media\/580"}],"wp:attachment":[{"href":"https:\/\/bybatt.com\/tr\/wp-json\/wp\/v2\/media?parent=579"}],"wp:term":[{"taxonomy":"product_cat","embeddable":true,"href":"https:\/\/bybatt.com\/tr\/wp-json\/wp\/v2\/product_cat?post=579"},{"taxonomy":"product_tag","embeddable":true,"href":"https:\/\/bybatt.com\/tr\/wp-json\/wp\/v2\/product_tag?post=579"}],"curies":[{"name":"wp","href":"https:\/\/api.w.org\/{rel}","templated":true}]}}