{"id":586,"date":"2023-02-20T04:07:10","date_gmt":"2023-02-20T04:07:10","guid":{"rendered":"https:\/\/bybatt.com\/?post_type=product&#038;p=586"},"modified":"2023-02-20T04:11:38","modified_gmt":"2023-02-20T04:11:38","slug":"52v-48v-hailong-ebike-battery-electric-bike-lithium-battery","status":"publish","type":"product","link":"https:\/\/bybatt.com\/tr\/urun\/52v-48v-hailong-ebike-battery-electric-bike-lithium-battery\/","title":{"rendered":"52V 48V Hailong Ebike Pil Elektrikli Bisiklet Lityum Pil"},"content":{"rendered":"","protected":false},"excerpt":{"rendered":"<p>52V\/48V Hailong Ebike Bataryas\u0131, elektrikli bisiklete g\u00fc\u00e7 sa\u011flamak i\u00e7in tasarlanm\u0131\u015f bir elektrikli bisiklet lityum bataryad\u0131r. Pil, Grade A Japonya veya Kore h\u00fccre \u00fcreticilerinden temin edilen 100% yeni h\u00fccrelerden yap\u0131lm\u0131\u015ft\u0131r ve pilin y\u00fcksek kaliteli bir yap\u0131ya sahip olmas\u0131n\u0131 sa\u011flar.<br \/>\nBatarya, 36V\/48V\/52V voltaj derecesi ve 17,4Ah\/12Ah\/13Ah\/14,5Ah\/17,5Ah\/13Ah kapasite derecesi ile farkl\u0131 derecelendirmelerde mevcuttur ve size g\u00f6re se\u00e7im yapabilece\u011finiz farkl\u0131 se\u00e7enekler sunar. Gereksinimler.<br \/>\nAk\u00fcn\u00fcn boyutlar\u0131 365 mm x 90 mm x 110 mm&#039;dir, bu da onu \u00e7o\u011fu elektrikli bisiklet i\u00e7in uygun bir boyutta yapar. Ak\u00fc, ak\u00fcn\u00fcn g\u00fcvenli\u011fini ve uzun \u00f6m\u00fcrl\u00fc olmas\u0131n\u0131 sa\u011flayan 25A\/30A dereceli bir BMS (Pil Y\u00f6netim Sistemi) ile donat\u0131lm\u0131\u015ft\u0131r.<br \/>\nPil, \u00fc\u00e7 farkl\u0131 derecelendirmede bulunan bir \u015farj cihaz\u0131yla birlikte gelir: 42V 2A\/54,6V 2A\/58,8V 2A ve pilin \u015farj kesme voltaj\u0131 42V\/54,6V\/58,8V ve de\u015farj kesmesi vard\u0131r. 28V\/36,4V\/39,2V voltaj.<br \/>\nPilin 800 d\u00f6ng\u00fcden sonra 80% g\u00fcc\u00fcnde bir d\u00f6ng\u00fc \u00f6mr\u00fc vard\u0131r, bu da orijinal kapasitesinin 20%&#039;sini kaybetmeden \u00f6nce 800 defaya kadar \u015farj edilip bo\u015falt\u0131labilece\u011fi anlam\u0131na gelir. Pil tipi, elektrikli bisiklet pillerinde kullan\u0131lan yayg\u0131n bir lityum iyon pil kimyas\u0131 olan Li(NiCoMn)O2 18650&#039;dir.<br \/>\nGenel olarak, 52V\/48V Hailong Ebike Bataryas\u0131, uzun s\u00fcre dayanacak ve elektrikli bisikletiniz i\u00e7in g\u00fcvenilir bir g\u00fc\u00e7 kayna\u011f\u0131 sa\u011flayacak \u015fekilde \u00fcretilmi\u015f y\u00fcksek kaliteli bir lityum bataryad\u0131r.<\/p>","protected":false},"featured_media":587,"template":"","meta":{"_kad_post_transparent":"default","_kad_post_title":"","_kad_post_layout":"default","_kad_post_sidebar_id":"","_kad_post_content_style":"default","_kad_post_vertical_padding":"default","_kad_post_feature":"","_kad_post_feature_position":"","_kad_post_header":false,"_kad_post_footer":false},"product_cat":[19,21],"product_tag":[354,353,326,351,357,355,356,352],"class_list":["post-586","product","type-product","status-publish","has-post-thumbnail","hentry","product_cat-custom-ebike-battery","product_cat-down-tube-ebike-battery","product_tag-battery-pack","product_tag-electric-bicycle-52v-20ah-battery","product_tag-electric-bicycle-battery-pack","product_tag-hailong-battery-52v-17-5ah","product_tag-hailong-ebike-battery","product_tag-hailong-s039-3-battery","product_tag-hailong-s039-3-electric-bicycle-battery","product_tag-lithium-ion-battery-pack","entry","content-bg","loop-entry"],"_links":{"self":[{"href":"https:\/\/bybatt.com\/tr\/wp-json\/wp\/v2\/product\/586","targetHints":{"allow":["GET"]}}],"collection":[{"href":"https:\/\/bybatt.com\/tr\/wp-json\/wp\/v2\/product"}],"about":[{"href":"https:\/\/bybatt.com\/tr\/wp-json\/wp\/v2\/types\/product"}],"wp:featuredmedia":[{"embeddable":true,"href":"https:\/\/bybatt.com\/tr\/wp-json\/wp\/v2\/media\/587"}],"wp:attachment":[{"href":"https:\/\/bybatt.com\/tr\/wp-json\/wp\/v2\/media?parent=586"}],"wp:term":[{"taxonomy":"product_cat","embeddable":true,"href":"https:\/\/bybatt.com\/tr\/wp-json\/wp\/v2\/product_cat?post=586"},{"taxonomy":"product_tag","embeddable":true,"href":"https:\/\/bybatt.com\/tr\/wp-json\/wp\/v2\/product_tag?post=586"}],"curies":[{"name":"wp","href":"https:\/\/api.w.org\/{rel}","templated":true}]}}