{"id":593,"date":"2023-02-20T04:17:45","date_gmt":"2023-02-20T04:17:45","guid":{"rendered":"https:\/\/bybatt.com\/?post_type=product&#038;p=593"},"modified":"2023-03-05T16:17:11","modified_gmt":"2023-03-05T16:17:11","slug":"authorized-hailong-downtube-lithium-battery-pack-for-e-bike","status":"publish","type":"product","link":"https:\/\/bybatt.com\/tr\/urun\/authorized-hailong-downtube-lithium-battery-pack-for-e-bike\/","title":{"rendered":"E-Bike i\u00e7in Yetkili Hailong Downtube Lityum Pil Paketi"},"content":{"rendered":"","protected":false},"excerpt":{"rendered":"<p>E-Bike i\u00e7in Yetkili Hailong Downtube Lityum Pil Paketi, elektrikli bisikletler i\u00e7in tasarlanm\u0131\u015f y\u00fcksek kaliteli bir pildir. 100% yeni h\u00fccreler kullan\u0131r ve farkl\u0131 e-bisiklet modellerine ve uygulamalar\u0131na uyacak bir dizi voltaj ve kapasitede mevcuttur.<br \/>\nMevcut voltaj se\u00e7enekleri 72V, 60V, 36V, 48V ve 52V, mevcut kapasite se\u00e7enekleri ise 28.8Ah, 24Ah, 13Ah, 15Ah, 20Ah ve 18Ah&#039;dir. Pil, G2500 Cell\/Samsung 35E, G2500 Cell, G2500 Cell, G2500 Cell&#039;den olu\u015fur.<br \/>\nBu pil paketi, 200-1000W, 200-1500W, 200-1800W ve 200-2200W g\u00fc\u00e7 aral\u0131\u011f\u0131na sahip e-bisiklet motorlar\u0131na uygulanabilir. Mevcut BMS (Pil Y\u00f6netim Sistemi) se\u00e7enekleri 30A, 40A ve 50A olup verimli ve g\u00fcvenilir pil y\u00f6netimi sa\u011flar.<br \/>\nGenel olarak, bu Hailong Downtube Lityum Pil Paketi, e-bisikletler i\u00e7in g\u00fcvenilir ve y\u00fcksek performansl\u0131 bir g\u00fc\u00e7 kayna\u011f\u0131d\u0131r ve elektrikli bisikletlerinden en iyisini isteyen e-bisiklet tutkunlar\u0131 i\u00e7in m\u00fckemmel bir se\u00e7imdir.<\/p>","protected":false},"featured_media":594,"template":"","meta":{"_kad_post_transparent":"default","_kad_post_title":"","_kad_post_layout":"default","_kad_post_sidebar_id":"","_kad_post_content_style":"default","_kad_post_vertical_padding":"default","_kad_post_feature":"","_kad_post_feature_position":"","_kad_post_header":false,"_kad_post_footer":false},"product_cat":[19,21],"product_tag":[354,353,326,351,358,357,355,356,352],"class_list":["post-593","product","type-product","status-publish","has-post-thumbnail","hentry","product_cat-custom-ebike-battery","product_cat-down-tube-ebike-battery","product_tag-battery-pack","product_tag-electric-bicycle-52v-20ah-battery","product_tag-electric-bicycle-battery-pack","product_tag-hailong-battery-52v-17-5ah","product_tag-hailong-downtube-lithium-battery","product_tag-hailong-ebike-battery","product_tag-hailong-s039-3-battery","product_tag-hailong-s039-3-electric-bicycle-battery","product_tag-lithium-ion-battery-pack","entry","content-bg","loop-entry"],"_links":{"self":[{"href":"https:\/\/bybatt.com\/tr\/wp-json\/wp\/v2\/product\/593","targetHints":{"allow":["GET"]}}],"collection":[{"href":"https:\/\/bybatt.com\/tr\/wp-json\/wp\/v2\/product"}],"about":[{"href":"https:\/\/bybatt.com\/tr\/wp-json\/wp\/v2\/types\/product"}],"wp:featuredmedia":[{"embeddable":true,"href":"https:\/\/bybatt.com\/tr\/wp-json\/wp\/v2\/media\/594"}],"wp:attachment":[{"href":"https:\/\/bybatt.com\/tr\/wp-json\/wp\/v2\/media?parent=593"}],"wp:term":[{"taxonomy":"product_cat","embeddable":true,"href":"https:\/\/bybatt.com\/tr\/wp-json\/wp\/v2\/product_cat?post=593"},{"taxonomy":"product_tag","embeddable":true,"href":"https:\/\/bybatt.com\/tr\/wp-json\/wp\/v2\/product_tag?post=593"}],"curies":[{"name":"wp","href":"https:\/\/api.w.org\/{rel}","templated":true}]}}