{"id":601,"date":"2023-02-20T04:24:12","date_gmt":"2023-02-20T04:24:12","guid":{"rendered":"https:\/\/bybatt.com\/?post_type=product&#038;p=601"},"modified":"2023-02-20T04:36:07","modified_gmt":"2023-02-20T04:36:07","slug":"24v-10ah-rechargeable-18650-battery-cells-battery-pack","status":"publish","type":"product","link":"https:\/\/bybatt.com\/tr\/urun\/24v-10ah-rechargeable-18650-battery-cells-battery-pack\/","title":{"rendered":"24V 10Ah \u015earj Edilebilir 18650 Pil H\u00fccreleri Pil Paketi"},"content":{"rendered":"","protected":false},"excerpt":{"rendered":"<p>Tarif edilen \u00fcr\u00fcn, 18650 pil h\u00fccresinden olu\u015fan bir 24V 10Ah \u015farj edilebilir pil tak\u0131m\u0131d\u0131r. Pil paketi, 7 paralel 4 seri konfig\u00fcrasyonda d\u00fczenlenmi\u015f 28 h\u00fccreden olu\u015fur ve her h\u00fccrenin nominal kapasitesi 2500 mAh ve nominal voltaj\u0131 3,7 V&#039;tur.<br \/>\nPil paketinin kaynak direnci 40m\u03a9&#039;dan az, de\u015farj kesme gerilimi 41+\/-1V ve \u015farj kesme gerilimi 29,4V&#039;dir. Nominal de\u015farj ak\u0131m\u0131 10A, anl\u0131k maksimum de\u015farj ak\u0131m\u0131 30A ve maksimum s\u00fcrekli de\u015farj ak\u0131m\u0131 20A&#039;d\u0131r. Maksimum s\u00fcrekli \u015farj ak\u0131m\u0131 5A&#039;d\u0131r ve \u015farj modu, 2A standart \u015farj ak\u0131m\u0131 ve standart \u015farj ak\u0131m\u0131 alt\u0131nda 5 saatlik \u015farj s\u00fcresi ile CC\/CV&#039;dir. 5A h\u0131zl\u0131 \u015farj ak\u0131m\u0131 ve h\u0131zl\u0131 \u015farj ak\u0131m\u0131 alt\u0131nda 2 saatlik \u015farj s\u00fcresi ile h\u0131zl\u0131 \u015farj da mevcuttur.<br \/>\nBatarya paketi, hem \u015farj hem de de\u015farj i\u00e7in -20 \u2013 60\u00b0C gibi geni\u015f bir s\u0131cakl\u0131k aral\u0131\u011f\u0131nda \u00e7al\u0131\u015fabilir. Pil tak\u0131m\u0131n\u0131n boyutu 225 x 130 x 85 mm&#039;dir, net a\u011f\u0131rl\u0131\u011f\u0131 2 kg ve br\u00fct a\u011f\u0131rl\u0131\u011f\u0131 2,5 kg&#039;d\u0131r. \u00dcretici, pil paketinde kullan\u0131lan t\u00fcm h\u00fccrelerin 100% yeni oldu\u011funu onaylar.<\/p>","protected":false},"featured_media":602,"template":"","meta":{"_kad_post_transparent":"default","_kad_post_title":"","_kad_post_layout":"default","_kad_post_sidebar_id":"","_kad_post_content_style":"default","_kad_post_vertical_padding":"default","_kad_post_feature":"","_kad_post_feature_position":"","_kad_post_header":false,"_kad_post_footer":false},"product_cat":[19,21],"product_tag":[360,359,361,362,352,363],"class_list":["post-601","product","type-product","status-publish","has-post-thumbnail","hentry","product_cat-custom-ebike-battery","product_cat-down-tube-ebike-battery","product_tag-18650-battery-cells","product_tag-18650-battery-cells-battery-pack","product_tag-24v-10ah-silver-battery","product_tag-battery-rechargeable","product_tag-lithium-ion-battery-pack","product_tag-lithium-ion-e-bike-batteries-in-aluminum-cases","entry","content-bg","loop-entry"],"_links":{"self":[{"href":"https:\/\/bybatt.com\/tr\/wp-json\/wp\/v2\/product\/601","targetHints":{"allow":["GET"]}}],"collection":[{"href":"https:\/\/bybatt.com\/tr\/wp-json\/wp\/v2\/product"}],"about":[{"href":"https:\/\/bybatt.com\/tr\/wp-json\/wp\/v2\/types\/product"}],"wp:featuredmedia":[{"embeddable":true,"href":"https:\/\/bybatt.com\/tr\/wp-json\/wp\/v2\/media\/602"}],"wp:attachment":[{"href":"https:\/\/bybatt.com\/tr\/wp-json\/wp\/v2\/media?parent=601"}],"wp:term":[{"taxonomy":"product_cat","embeddable":true,"href":"https:\/\/bybatt.com\/tr\/wp-json\/wp\/v2\/product_cat?post=601"},{"taxonomy":"product_tag","embeddable":true,"href":"https:\/\/bybatt.com\/tr\/wp-json\/wp\/v2\/product_tag?post=601"}],"curies":[{"name":"wp","href":"https:\/\/api.w.org\/{rel}","templated":true}]}}