{"id":608,"date":"2023-02-20T04:38:46","date_gmt":"2023-02-20T04:38:46","guid":{"rendered":"https:\/\/bybatt.com\/?post_type=product&#038;p=608"},"modified":"2023-03-05T16:17:06","modified_gmt":"2023-03-05T16:17:06","slug":"24v-8ah-silverfish-ebike-battery-electric-bike-battery","status":"publish","type":"product","link":"https:\/\/bybatt.com\/tr\/urun\/24v-8ah-silverfish-ebike-battery-electric-bike-battery\/","title":{"rendered":"24V 8Ah Silverfish Ebike Ak\u00fcs\u00fc Elektrikli Bisiklet Ak\u00fcs\u00fc"},"content":{"rendered":"","protected":false},"excerpt":{"rendered":"<p>24V 8Ah Silverfish Ebike Battery, 100% yeni Li-ion pil h\u00fccreleriyle yap\u0131lm\u0131\u015f bir elektrikli bisiklet pilidir. Se\u00e7ilen yap\u0131land\u0131rmaya ba\u011fl\u0131 olarak 24V veya 36V nominal gerilime ve 8Ah, 10Ah, 15Ah veya 20Ah nominal kapasiteye sahiptir. Mevcut yap\u0131land\u0131rmalar 7S4P, 7S6P veya 7S8P&#039;dir ve kullan\u0131lan pil h\u00fccreleri 18650 A s\u0131n\u0131f\u0131 h\u00fccrelerdir.<br \/>\nAk\u00fc 250W motor ile kullan\u0131ma uygun 15A BMS ve 29.4V 2A \u00e7\u0131k\u0131\u015fl\u0131 \u015farj cihaz\u0131 ile birlikte gelmektedir. Bo\u015faltma kesme gerilimi 19,6 V olarak ayarlanm\u0131\u015ft\u0131r ve pilin boyutu 425*77*85 mm ve a\u011f\u0131rl\u0131\u011f\u0131 se\u00e7ilen yap\u0131land\u0131rmaya ba\u011fl\u0131 olarak 2,5 kg, 3 kg veya 3,8 kg&#039;d\u0131r.<br \/>\nPilin en az 800 kez \u00e7evrim \u00f6mr\u00fc vard\u0131r ve -10 ile 45 Santigrat derece aras\u0131ndaki s\u0131cakl\u0131klarda \u00e7al\u0131\u015fabilir. \u00c7ek\u00e7eklerde, \u00fc\u00e7 tekerlekli bisikletlerde ve motosikletlerde kullan\u0131m i\u00e7in E-bisiklet pili olarak kullan\u0131ma uygundur. Pilin a\u015f\u0131r\u0131 \u015farj korumas\u0131, a\u015f\u0131r\u0131 de\u015farj korumas\u0131, a\u015f\u0131r\u0131 ak\u0131m korumas\u0131, k\u0131sa devre korumas\u0131 ve diren\u00e7 korumas\u0131 vard\u0131r.<br \/>\n\u015earj voltaj\u0131, tek h\u00fccreli \u015farj i\u00e7in dengelenmi\u015ftir ve maksimum s\u00fcrekli \u015farj ak\u0131m\u0131 ve maksimum s\u00fcrekli de\u015farj ak\u0131m\u0131, se\u00e7ilen konfig\u00fcrasyona ba\u011fl\u0131d\u0131r. Genel olarak, bu pil, elektrikli bisikletlerine ve di\u011fer ara\u00e7lar\u0131na g\u00fc\u00e7 sa\u011flamak isteyenler i\u00e7in y\u00fcksek kaliteli bir se\u00e7enektir.<\/p>","protected":false},"featured_media":609,"template":"","meta":{"_kad_post_transparent":"default","_kad_post_title":"","_kad_post_layout":"default","_kad_post_sidebar_id":"","_kad_post_content_style":"default","_kad_post_vertical_padding":"default","_kad_post_feature":"","_kad_post_feature_position":"","_kad_post_header":false,"_kad_post_footer":false},"product_cat":[19,21],"product_tag":[365,52,41,366,364],"class_list":["post-608","product","type-product","status-publish","has-post-thumbnail","hentry","product_cat-custom-ebike-battery","product_cat-down-tube-ebike-battery","product_tag-24v-8ah-lithium-ion-batteries","product_tag-battery","product_tag-electric-bicycle-battery","product_tag-lithium-battery","product_tag-silverfish-ebike-battery","entry","content-bg","loop-entry"],"_links":{"self":[{"href":"https:\/\/bybatt.com\/tr\/wp-json\/wp\/v2\/product\/608","targetHints":{"allow":["GET"]}}],"collection":[{"href":"https:\/\/bybatt.com\/tr\/wp-json\/wp\/v2\/product"}],"about":[{"href":"https:\/\/bybatt.com\/tr\/wp-json\/wp\/v2\/types\/product"}],"wp:featuredmedia":[{"embeddable":true,"href":"https:\/\/bybatt.com\/tr\/wp-json\/wp\/v2\/media\/609"}],"wp:attachment":[{"href":"https:\/\/bybatt.com\/tr\/wp-json\/wp\/v2\/media?parent=608"}],"wp:term":[{"taxonomy":"product_cat","embeddable":true,"href":"https:\/\/bybatt.com\/tr\/wp-json\/wp\/v2\/product_cat?post=608"},{"taxonomy":"product_tag","embeddable":true,"href":"https:\/\/bybatt.com\/tr\/wp-json\/wp\/v2\/product_tag?post=608"}],"curies":[{"name":"wp","href":"https:\/\/api.w.org\/{rel}","templated":true}]}}